{"id":4046,"date":"2025-07-18T13:09:52","date_gmt":"2025-07-18T11:09:52","guid":{"rendered":"https:\/\/floresdelsur.fr\/?post_type=product&#038;p=4046"},"modified":"2025-08-06T17:48:39","modified_gmt":"2025-08-06T15:48:39","slug":"caja-gama-leche-de-burra","status":"publish","type":"product","link":"https:\/\/floresdelsur.fr\/es\/producto\/caja-gama-leche-de-burra\/","title":{"rendered":"Caja gama leche de burra"},"content":{"rendered":"<p>Disfruta de un ritual completo de belleza natural con nuestra <strong>Caja Gama Leche de Burra<\/strong>, especialmente dise\u00f1ada para el cuidado diario de las pieles sensibles, secas o maduras. Todos los productos est\u00e1n elaborados con <strong>leche de burra bio<\/strong>, reconocida por sus propiedades hidratantes, regeneradoras y calmantes.<\/p>\n<p><strong>Esta caja incluye:<\/strong><\/p>\n<ul>\n<li><strong>Crema de d\u00eda<\/strong> \u2013 Hidrataci\u00f3n ligera y protecci\u00f3n durante todo el d\u00eda.<\/li>\n<li><strong>Crema de noche<\/strong> \u2013 Nutrici\u00f3n profunda mientras duermes.<\/li>\n<li><strong>S\u00e9rum facial<\/strong> \u2013 Concentrado revitalizante para una piel luminosa y firme.<\/li>\n<li><strong>Jab\u00f3n de leche de burra bio<\/strong> \u2013 Limpieza suave sin resecar la piel.<\/li>\n<li><strong>Leche corporal<\/strong> \u2013 Hidrataci\u00f3n completa para una piel suave y sedosa.<\/li>\n<\/ul>\n<p>Una experiencia sensorial y eficaz, sin perfumes sint\u00e9ticos ni ingredientes agresivos. Ideal para quienes buscan una cosm\u00e9tica \u00e9tica, natural y efectiva.<\/p>\n","protected":false},"excerpt":{"rendered":"<p><b>Esta caja incluye<\/b> :<\/p>\n<ul>\n<li>Crema de d\u00eda<\/li>\n<li>Crema de noche<\/li>\n<li>S\u00e9rum facial<\/li>\n<li>Jab\u00f3n de Leche de Burra Bio<\/li>\n<li>Leche corporal<\/li>\n<\/ul>\n","protected":false},"featured_media":4175,"comment_status":"open","ping_status":"closed","template":"","meta":{"_acf_changed":false,"inline_featured_image":false,"_joinchat":[]},"product_brand":[],"product_cat":[104],"product_tag":[],"class_list":{"0":"post-4046","1":"product","2":"type-product","3":"status-publish","4":"has-post-thumbnail","6":"product_cat-cosmeticos-naturales","8":"first","9":"instock","10":"shipping-taxable","11":"purchasable","12":"product-type-simple"},"acf":[],"yoast_head":"<!-- This site is optimized with the Yoast SEO Premium plugin v25.1 (Yoast SEO v25.6) - https:\/\/yoast.com\/wordpress\/plugins\/seo\/ -->\n<title>Caja gama leche de burra - Floresdelsur<\/title>\n<meta name=\"description\" content=\"Descubre el cuidado natural con leche de burra bio. Ideal para pieles sensibles. Hidrataci\u00f3n, regeneraci\u00f3n y cosm\u00e9tica sostenible.\" \/>\n<meta name=\"robots\" content=\"index, follow, max-snippet:-1, max-image-preview:large, max-video-preview:-1\" \/>\n<link rel=\"canonical\" href=\"https:\/\/floresdelsur.fr\/es\/producto\/caja-gama-leche-de-burra\/\" \/>\n<meta property=\"og:locale\" content=\"es_ES\" \/>\n<meta property=\"og:type\" content=\"article\" \/>\n<meta property=\"og:title\" content=\"Caja gama leche de burra\" \/>\n<meta property=\"og:description\" content=\"Descubre el cuidado natural con leche de burra bio. Ideal para pieles sensibles. Hidrataci\u00f3n, regeneraci\u00f3n y cosm\u00e9tica sostenible.\" \/>\n<meta property=\"og:url\" content=\"https:\/\/floresdelsur.fr\/es\/producto\/caja-gama-leche-de-burra\/\" \/>\n<meta property=\"og:site_name\" content=\"Floresdelsur\" \/>\n<meta property=\"article:publisher\" content=\"https:\/\/www.facebook.com\/FLORESDELSUR.FR\" \/>\n<meta property=\"article:modified_time\" content=\"2025-08-06T15:48:39+00:00\" \/>\n<meta property=\"og:image\" content=\"https:\/\/floresdelsur.fr\/wp-content\/uploads\/2025\/07\/IMG-20231208-WA00091.jpg\" \/>\n\t<meta property=\"og:image:width\" content=\"1600\" \/>\n\t<meta property=\"og:image:height\" content=\"1600\" \/>\n\t<meta property=\"og:image:type\" content=\"image\/jpeg\" \/>\n<meta name=\"twitter:card\" content=\"summary_large_image\" \/>\n<meta name=\"twitter:label1\" content=\"Tiempo de lectura\" \/>\n\t<meta name=\"twitter:data1\" content=\"1 minuto\" \/>\n<script type=\"application\/ld+json\" class=\"yoast-schema-graph\">{\"@context\":\"https:\/\/schema.org\",\"@graph\":[{\"@type\":\"WebPage\",\"@id\":\"https:\/\/floresdelsur.fr\/es\/producto\/caja-gama-leche-de-burra\/\",\"url\":\"https:\/\/floresdelsur.fr\/es\/producto\/caja-gama-leche-de-burra\/\",\"name\":\"Caja gama leche de burra - Floresdelsur\",\"isPartOf\":{\"@id\":\"https:\/\/floresdelsur.fr\/es\/#website\"},\"primaryImageOfPage\":{\"@id\":\"https:\/\/floresdelsur.fr\/es\/producto\/caja-gama-leche-de-burra\/#primaryimage\"},\"image\":{\"@id\":\"https:\/\/floresdelsur.fr\/es\/producto\/caja-gama-leche-de-burra\/#primaryimage\"},\"thumbnailUrl\":\"https:\/\/floresdelsur.fr\/wp-content\/uploads\/2025\/07\/IMG-20231208-WA00091.jpg\",\"datePublished\":\"2025-07-18T11:09:52+00:00\",\"dateModified\":\"2025-08-06T15:48:39+00:00\",\"description\":\"Descubre el cuidado natural con leche de burra bio. Ideal para pieles sensibles. Hidrataci\u00f3n, regeneraci\u00f3n y cosm\u00e9tica sostenible.\",\"breadcrumb\":{\"@id\":\"https:\/\/floresdelsur.fr\/es\/producto\/caja-gama-leche-de-burra\/#breadcrumb\"},\"inLanguage\":\"es\",\"potentialAction\":[{\"@type\":\"ReadAction\",\"target\":[\"https:\/\/floresdelsur.fr\/es\/producto\/caja-gama-leche-de-burra\/\"]}]},{\"@type\":\"ImageObject\",\"inLanguage\":\"es\",\"@id\":\"https:\/\/floresdelsur.fr\/es\/producto\/caja-gama-leche-de-burra\/#primaryimage\",\"url\":\"https:\/\/floresdelsur.fr\/wp-content\/uploads\/2025\/07\/IMG-20231208-WA00091.jpg\",\"contentUrl\":\"https:\/\/floresdelsur.fr\/wp-content\/uploads\/2025\/07\/IMG-20231208-WA00091.jpg\",\"width\":1600,\"height\":1600},{\"@type\":\"BreadcrumbList\",\"@id\":\"https:\/\/floresdelsur.fr\/es\/producto\/caja-gama-leche-de-burra\/#breadcrumb\",\"itemListElement\":[{\"@type\":\"ListItem\",\"position\":1,\"name\":\"Portada\",\"item\":\"https:\/\/floresdelsur.fr\/es\/\"},{\"@type\":\"ListItem\",\"position\":2,\"name\":\"Shop\",\"item\":\"https:\/\/floresdelsur.fr\/shop\/\"},{\"@type\":\"ListItem\",\"position\":3,\"name\":\"Caja gama leche de burra\"}]},{\"@type\":\"WebSite\",\"@id\":\"https:\/\/floresdelsur.fr\/es\/#website\",\"url\":\"https:\/\/floresdelsur.fr\/es\/\",\"name\":\"Floresdelsur\",\"description\":\"Productos de limpieza e higiene naturales y sostenibles para profesionales\",\"publisher\":{\"@id\":\"https:\/\/floresdelsur.fr\/es\/#organization\"},\"potentialAction\":[{\"@type\":\"SearchAction\",\"target\":{\"@type\":\"EntryPoint\",\"urlTemplate\":\"https:\/\/floresdelsur.fr\/es\/?s={search_term_string}\"},\"query-input\":{\"@type\":\"PropertyValueSpecification\",\"valueRequired\":true,\"valueName\":\"search_term_string\"}}],\"inLanguage\":\"es\"},{\"@type\":\"Organization\",\"@id\":\"https:\/\/floresdelsur.fr\/es\/#organization\",\"name\":\"Floresdelsur\",\"url\":\"https:\/\/floresdelsur.fr\/es\/\",\"logo\":{\"@type\":\"ImageObject\",\"inLanguage\":\"es\",\"@id\":\"https:\/\/floresdelsur.fr\/es\/#\/schema\/logo\/image\/\",\"url\":\"https:\/\/floresdelsur.fr\/wp-content\/uploads\/2025\/08\/icono-reamte-final.jpg\",\"contentUrl\":\"https:\/\/floresdelsur.fr\/wp-content\/uploads\/2025\/08\/icono-reamte-final.jpg\",\"width\":700,\"height\":700,\"caption\":\"Floresdelsur\"},\"image\":{\"@id\":\"https:\/\/floresdelsur.fr\/es\/#\/schema\/logo\/image\/\"},\"sameAs\":[\"https:\/\/www.facebook.com\/FLORESDELSUR.FR\",\"https:\/\/www.instagram.com\/floresdelsur1\/\"]}]}<\/script>\n<!-- \/ Yoast SEO Premium plugin. -->","yoast_head_json":{"title":"Caja gama leche de burra - Floresdelsur","description":"Descubre el cuidado natural con leche de burra bio. Ideal para pieles sensibles. Hidrataci\u00f3n, regeneraci\u00f3n y cosm\u00e9tica sostenible.","robots":{"index":"index","follow":"follow","max-snippet":"max-snippet:-1","max-image-preview":"max-image-preview:large","max-video-preview":"max-video-preview:-1"},"canonical":"https:\/\/floresdelsur.fr\/es\/producto\/caja-gama-leche-de-burra\/","og_locale":"es_ES","og_type":"article","og_title":"Caja gama leche de burra","og_description":"Descubre el cuidado natural con leche de burra bio. Ideal para pieles sensibles. Hidrataci\u00f3n, regeneraci\u00f3n y cosm\u00e9tica sostenible.","og_url":"https:\/\/floresdelsur.fr\/es\/producto\/caja-gama-leche-de-burra\/","og_site_name":"Floresdelsur","article_publisher":"https:\/\/www.facebook.com\/FLORESDELSUR.FR","article_modified_time":"2025-08-06T15:48:39+00:00","og_image":[{"width":1600,"height":1600,"url":"https:\/\/floresdelsur.fr\/wp-content\/uploads\/2025\/07\/IMG-20231208-WA00091.jpg","type":"image\/jpeg"}],"twitter_card":"summary_large_image","twitter_misc":{"Tiempo de lectura":"1 minuto"},"schema":{"@context":"https:\/\/schema.org","@graph":[{"@type":"WebPage","@id":"https:\/\/floresdelsur.fr\/es\/producto\/caja-gama-leche-de-burra\/","url":"https:\/\/floresdelsur.fr\/es\/producto\/caja-gama-leche-de-burra\/","name":"Caja gama leche de burra - Floresdelsur","isPartOf":{"@id":"https:\/\/floresdelsur.fr\/es\/#website"},"primaryImageOfPage":{"@id":"https:\/\/floresdelsur.fr\/es\/producto\/caja-gama-leche-de-burra\/#primaryimage"},"image":{"@id":"https:\/\/floresdelsur.fr\/es\/producto\/caja-gama-leche-de-burra\/#primaryimage"},"thumbnailUrl":"https:\/\/floresdelsur.fr\/wp-content\/uploads\/2025\/07\/IMG-20231208-WA00091.jpg","datePublished":"2025-07-18T11:09:52+00:00","dateModified":"2025-08-06T15:48:39+00:00","description":"Descubre el cuidado natural con leche de burra bio. Ideal para pieles sensibles. Hidrataci\u00f3n, regeneraci\u00f3n y cosm\u00e9tica sostenible.","breadcrumb":{"@id":"https:\/\/floresdelsur.fr\/es\/producto\/caja-gama-leche-de-burra\/#breadcrumb"},"inLanguage":"es","potentialAction":[{"@type":"ReadAction","target":["https:\/\/floresdelsur.fr\/es\/producto\/caja-gama-leche-de-burra\/"]}]},{"@type":"ImageObject","inLanguage":"es","@id":"https:\/\/floresdelsur.fr\/es\/producto\/caja-gama-leche-de-burra\/#primaryimage","url":"https:\/\/floresdelsur.fr\/wp-content\/uploads\/2025\/07\/IMG-20231208-WA00091.jpg","contentUrl":"https:\/\/floresdelsur.fr\/wp-content\/uploads\/2025\/07\/IMG-20231208-WA00091.jpg","width":1600,"height":1600},{"@type":"BreadcrumbList","@id":"https:\/\/floresdelsur.fr\/es\/producto\/caja-gama-leche-de-burra\/#breadcrumb","itemListElement":[{"@type":"ListItem","position":1,"name":"Portada","item":"https:\/\/floresdelsur.fr\/es\/"},{"@type":"ListItem","position":2,"name":"Shop","item":"https:\/\/floresdelsur.fr\/shop\/"},{"@type":"ListItem","position":3,"name":"Caja gama leche de burra"}]},{"@type":"WebSite","@id":"https:\/\/floresdelsur.fr\/es\/#website","url":"https:\/\/floresdelsur.fr\/es\/","name":"Floresdelsur","description":"Productos de limpieza e higiene naturales y sostenibles para profesionales","publisher":{"@id":"https:\/\/floresdelsur.fr\/es\/#organization"},"potentialAction":[{"@type":"SearchAction","target":{"@type":"EntryPoint","urlTemplate":"https:\/\/floresdelsur.fr\/es\/?s={search_term_string}"},"query-input":{"@type":"PropertyValueSpecification","valueRequired":true,"valueName":"search_term_string"}}],"inLanguage":"es"},{"@type":"Organization","@id":"https:\/\/floresdelsur.fr\/es\/#organization","name":"Floresdelsur","url":"https:\/\/floresdelsur.fr\/es\/","logo":{"@type":"ImageObject","inLanguage":"es","@id":"https:\/\/floresdelsur.fr\/es\/#\/schema\/logo\/image\/","url":"https:\/\/floresdelsur.fr\/wp-content\/uploads\/2025\/08\/icono-reamte-final.jpg","contentUrl":"https:\/\/floresdelsur.fr\/wp-content\/uploads\/2025\/08\/icono-reamte-final.jpg","width":700,"height":700,"caption":"Floresdelsur"},"image":{"@id":"https:\/\/floresdelsur.fr\/es\/#\/schema\/logo\/image\/"},"sameAs":["https:\/\/www.facebook.com\/FLORESDELSUR.FR","https:\/\/www.instagram.com\/floresdelsur1\/"]}]}},"_links":{"self":[{"href":"https:\/\/floresdelsur.fr\/es\/wp-json\/wp\/v2\/product\/4046","targetHints":{"allow":["GET"]}}],"collection":[{"href":"https:\/\/floresdelsur.fr\/es\/wp-json\/wp\/v2\/product"}],"about":[{"href":"https:\/\/floresdelsur.fr\/es\/wp-json\/wp\/v2\/types\/product"}],"replies":[{"embeddable":true,"href":"https:\/\/floresdelsur.fr\/es\/wp-json\/wp\/v2\/comments?post=4046"}],"wp:featuredmedia":[{"embeddable":true,"href":"https:\/\/floresdelsur.fr\/es\/wp-json\/wp\/v2\/media\/4175"}],"wp:attachment":[{"href":"https:\/\/floresdelsur.fr\/es\/wp-json\/wp\/v2\/media?parent=4046"}],"wp:term":[{"taxonomy":"product_brand","embeddable":true,"href":"https:\/\/floresdelsur.fr\/es\/wp-json\/wp\/v2\/product_brand?post=4046"},{"taxonomy":"product_cat","embeddable":true,"href":"https:\/\/floresdelsur.fr\/es\/wp-json\/wp\/v2\/product_cat?post=4046"},{"taxonomy":"product_tag","embeddable":true,"href":"https:\/\/floresdelsur.fr\/es\/wp-json\/wp\/v2\/product_tag?post=4046"}],"curies":[{"name":"wp","href":"https:\/\/api.w.org\/{rel}","templated":true}]}}