{"id":4014,"date":"2025-07-18T13:09:08","date_gmt":"2025-07-18T11:09:08","guid":{"rendered":"https:\/\/floresdelsur.fr\/?post_type=product&#038;p=4014"},"modified":"2025-08-11T10:43:25","modified_gmt":"2025-08-11T08:43:25","slug":"caja-de-lujo","status":"publish","type":"product","link":"https:\/\/floresdelsur.fr\/es\/producto\/caja-de-lujo\/","title":{"rendered":"Caja de lujo"},"content":{"rendered":"<p><strong>Esta caja contiene:<\/strong><\/p>\n<p><strong>Aceite esencial de semillas de higo chumbo 10 ml:<\/strong><\/p>\n<ul>\n<li>Aceite denominado \u201cBotox Natural\u201d gracias a su fuerte poder antiedad.<\/li>\n<li>Aplicado sobre la piel, ofrece un efecto tensor unido a una protecci\u00f3n contra radicales libres que ayuda a borrar las arrugas, prevenir su aparici\u00f3n y luchar contra piel fl\u00e1cida.<\/li>\n<\/ul>\n<p><strong>Propiedades:<\/strong><\/p>\n<ul>\n<li>Antioxidante: La vitamina E y los esteroles son todos compuestos antioxidantes que ayudan a lucha contra los radicales libres presentes en el cuerpo.<\/li>\n<li>Junto con los \u00e1cidos grasos esenciales, estos compuestos son perfectos para luchar contra signos de envejecimiento de la piel.<\/li>\n<li>Suavizante, nutritivo, hidratante: el aceite esencial de semilla de higo chumbo es excepcionalmente rico en omega 6 que le permite regenerar la pel\u00edcula hidrolip\u00eddico de la piel, este aceite es suavizante, permite mantener la elasticidad de la piel.<\/li>\n<li>Cicatrizante, regenerador, cut\u00e1neo: est\u00e1 compuesto por \u00e1cidos grasos insaturados, \u00e1cidos grasos esenciales no sintetizados por el cuerpo. Al entrar en la composici\u00f3n celular, estos \u00e1cidos grasos participan en la reconstituci\u00f3n de las c\u00e9lulas y por lo tanto en regeneraci\u00f3n de la piel.<\/li>\n<\/ul>\n<p><strong>Exfoliante de higo chumbo 100 g:<\/strong><\/p>\n<ul>\n<li>El exfoliante de higo chumbo es un exfoliante suave. Es un tratamiento que contiene granos para destapar los poros y las impurezas presentes en la superficie de la epidermis.<\/li>\n<li>Purifica la piel y libera los poros.<\/li>\n<li>Elimina el exceso de sebo y previene la aparici\u00f3n de imperfecciones -Favorece la penetraci\u00f3n del cuidado.<\/li>\n<li>Estimula la circulaci\u00f3n sangu\u00ednea.<\/li>\n<li>Revela un piel suave, radiante e hidratada.<\/li>\n<\/ul>\n<p><strong>Jab\u00f3n con higo chumbo 100 g:<\/strong><\/p>\n<ul>\n<li>Este jab\u00f3n est\u00e1 compuesto por ingredientes conocidos por reafirmar la piel y restaurar su tono. mientras reduce las arrugas causadas por el envejecimiento de la piel.<\/li>\n<li>Potente antiedad -Reduce el acn\u00e9-Reafirmante-Revitalizadora&#8211;<\/li>\n<li>Tambi\u00e9n se puede utilizar como desmaquillante.<\/li>\n<\/ul>\n<p><strong>Aceite de arg\u00e1n con higo chumbo 60 ml:<\/strong>Aceite rico en ingredientes naturales utilizados en el cuidado corporal.<\/p>\n<ul>\n<li>Renueva y regenera las c\u00e9lulas combatiendo eficazmente los signos del envejecimiento.<\/li>\n<li>Reduce las arrugas y la flacidez de la piel, desvanece las marcas dejadas por el acn\u00e9, quemaduras, eczema&#8230;<\/li>\n<li>Tambi\u00e9n se utiliza para el cuidado del cabello, devolvi\u00e9ndole el brillo y la suavidad gracias a su capacidad nutricional.<\/li>\n<li>Beneficios: Acci\u00f3n Cicatrizante-Regeneradora<\/li>\n<\/ul>\n<p><strong>Esponja vegetal<\/strong><\/p>\n","protected":false},"excerpt":{"rendered":"<p><strong>Esta caja contiene:<\/strong><\/p>\n<p><strong>Aceite esencial de semillas de higo chumbo 10 ml:<\/strong><\/p>\n<ul>\n<li>Aceite denominado \u201cBotox Natural\u201d gracias a su fuerte poder antiedad.<\/li>\n<li>Aplicado sobre la piel, ofrece un efecto tensor unido a una protecci\u00f3n contra radicales libres que ayuda a borrar las arrugas, prevenir su aparici\u00f3n y luchar contra piel fl\u00e1cida.<\/li>\n<\/ul>\n<p><strong>Propiedades:<\/strong><\/p>\n<ul>\n<li>Antioxidante: La vitamina E y los esteroles son todos compuestos antioxidantes que ayudan a lucha contra los radicales libres presentes en el cuerpo.<\/li>\n<li>Junto con los \u00e1cidos grasos esenciales, estos compuestos son perfectos para luchar contra signos de envejecimiento de la piel.<\/li>\n<li>Suavizante, nutritivo, hidratante: el aceite esencial de semilla de higo chumbo es excepcionalmente rico en omega 6 que le permite regenerar la pel\u00edcula hidrolip\u00eddico de la piel, este aceite es suavizante, permite mantener la elasticidad de la piel.<\/li>\n<li>Cicatrizante, regenerador, cut\u00e1neo: est\u00e1 compuesto por \u00e1cidos grasos insaturados, \u00e1cidos grasos esenciales no sintetizados por el cuerpo. Al entrar en la composici\u00f3n celular, estos \u00e1cidos grasos participan en la reconstituci\u00f3n de las c\u00e9lulas y por lo tanto en regeneraci\u00f3n de la piel.<\/li>\n<\/ul>\n<p><strong>Exfoliante de higo chumbo 100 g:<\/strong><\/p>\n<ul>\n<li>El exfoliante de higo chumbo es un exfoliante suave. Es un tratamiento que contiene granos para destapar los poros y las impurezas presentes en la superficie de la epidermis.<\/li>\n<li>Purifica la piel y libera los poros.<\/li>\n<li>Elimina el exceso de sebo y previene la aparici\u00f3n de imperfecciones -Favorece la penetraci\u00f3n del cuidado.<\/li>\n<li>Estimula la circulaci\u00f3n sangu\u00ednea.<\/li>\n<li>Revela un piel suave, radiante e hidratada.<\/li>\n<\/ul>\n<p><strong>Jab\u00f3n con higo chumbo 100 g:<\/strong><\/p>\n<ul>\n<li>Este jab\u00f3n est\u00e1 compuesto por ingredientes conocidos por reafirmar la piel y restaurar su tono. mientras reduce las arrugas causadas por el envejecimiento de la piel.<\/li>\n<li>Potente antiedad -Reduce el acn\u00e9-Reafirmante-Revitalizadora&#8211;<\/li>\n<li>Tambi\u00e9n se puede utilizar como desmaquillante.<\/li>\n<\/ul>\n<p><strong>Aceite de arg\u00e1n con higo chumbo 60 ml:<\/strong>Aceite rico en ingredientes naturales utilizados en el cuidado corporal.<\/p>\n<ul>\n<li>Renueva y regenera las c\u00e9lulas combatiendo eficazmente los signos del envejecimiento.<\/li>\n<li>Reduce las arrugas y la flacidez de la piel, desvanece las marcas dejadas por el acn\u00e9, quemaduras, eczema&#8230;<\/li>\n<li>Tambi\u00e9n se utiliza para el cuidado del cabello, devolvi\u00e9ndole el brillo y la suavidad gracias a su capacidad nutricional.<\/li>\n<li>Beneficios: Acci\u00f3n Cicatrizante-Regeneradora<\/li>\n<\/ul>\n<p><strong>Esponja vegetal<\/strong><\/p>\n","protected":false},"featured_media":4145,"comment_status":"open","ping_status":"closed","template":"","meta":{"_acf_changed":false,"inline_featured_image":false,"_joinchat":[]},"product_brand":[],"product_cat":[85],"product_tag":[],"class_list":{"0":"post-4014","1":"product","2":"type-product","3":"status-publish","4":"has-post-thumbnail","6":"product_cat-remate-final","8":"first","9":"instock","10":"shipping-taxable","11":"purchasable","12":"product-type-simple"},"acf":[],"yoast_head":"<!-- This site is optimized with the Yoast SEO Premium plugin v25.1 (Yoast SEO v25.6) - https:\/\/yoast.com\/wordpress\/plugins\/seo\/ -->\n<title>Caja de lujo - Floresdelsur<\/title>\n<meta name=\"description\" content=\"Antioxidantes que ayudan a lucha contra los radicales libres presentes en el cuerpo | 654 511 258 | info@floresdelsur.com | \u00a1LL\u00c1MANOS!\" \/>\n<meta name=\"robots\" content=\"index, follow, max-snippet:-1, max-image-preview:large, max-video-preview:-1\" \/>\n<link rel=\"canonical\" href=\"https:\/\/floresdelsur.fr\/es\/producto\/caja-de-lujo\/\" \/>\n<meta property=\"og:locale\" content=\"es_ES\" \/>\n<meta property=\"og:type\" content=\"article\" \/>\n<meta property=\"og:title\" content=\"Caja de lujo\" \/>\n<meta property=\"og:description\" content=\"Antioxidantes que ayudan a lucha contra los radicales libres presentes en el cuerpo | 654 511 258 | info@floresdelsur.com | \u00a1LL\u00c1MANOS!\" \/>\n<meta property=\"og:url\" content=\"https:\/\/floresdelsur.fr\/es\/producto\/caja-de-lujo\/\" \/>\n<meta property=\"og:site_name\" content=\"Floresdelsur\" \/>\n<meta property=\"article:publisher\" content=\"https:\/\/www.facebook.com\/FLORESDELSUR.FR\" \/>\n<meta property=\"article:modified_time\" content=\"2025-08-11T08:43:25+00:00\" \/>\n<meta property=\"og:image\" content=\"https:\/\/floresdelsur.fr\/wp-content\/uploads\/2025\/07\/Caja-de-lujo-e1683790757227-1.png\" \/>\n\t<meta property=\"og:image:width\" content=\"800\" \/>\n\t<meta property=\"og:image:height\" content=\"1007\" \/>\n\t<meta property=\"og:image:type\" content=\"image\/png\" \/>\n<meta name=\"twitter:card\" content=\"summary_large_image\" \/>\n<meta name=\"twitter:label1\" content=\"Tiempo de lectura\" \/>\n\t<meta name=\"twitter:data1\" content=\"2 minutos\" \/>\n<script type=\"application\/ld+json\" class=\"yoast-schema-graph\">{\"@context\":\"https:\/\/schema.org\",\"@graph\":[{\"@type\":\"WebPage\",\"@id\":\"https:\/\/floresdelsur.fr\/es\/producto\/caja-de-lujo\/\",\"url\":\"https:\/\/floresdelsur.fr\/es\/producto\/caja-de-lujo\/\",\"name\":\"Caja de lujo - Floresdelsur\",\"isPartOf\":{\"@id\":\"https:\/\/floresdelsur.fr\/es\/#website\"},\"primaryImageOfPage\":{\"@id\":\"https:\/\/floresdelsur.fr\/es\/producto\/caja-de-lujo\/#primaryimage\"},\"image\":{\"@id\":\"https:\/\/floresdelsur.fr\/es\/producto\/caja-de-lujo\/#primaryimage\"},\"thumbnailUrl\":\"https:\/\/floresdelsur.fr\/wp-content\/uploads\/2025\/07\/Caja-de-lujo-e1683790757227-1.png\",\"datePublished\":\"2025-07-18T11:09:08+00:00\",\"dateModified\":\"2025-08-11T08:43:25+00:00\",\"description\":\"Antioxidantes que ayudan a lucha contra los radicales libres presentes en el cuerpo | 654 511 258 | info@floresdelsur.com | \u00a1LL\u00c1MANOS!\",\"breadcrumb\":{\"@id\":\"https:\/\/floresdelsur.fr\/es\/producto\/caja-de-lujo\/#breadcrumb\"},\"inLanguage\":\"es\",\"potentialAction\":[{\"@type\":\"ReadAction\",\"target\":[\"https:\/\/floresdelsur.fr\/es\/producto\/caja-de-lujo\/\"]}]},{\"@type\":\"ImageObject\",\"inLanguage\":\"es\",\"@id\":\"https:\/\/floresdelsur.fr\/es\/producto\/caja-de-lujo\/#primaryimage\",\"url\":\"https:\/\/floresdelsur.fr\/wp-content\/uploads\/2025\/07\/Caja-de-lujo-e1683790757227-1.png\",\"contentUrl\":\"https:\/\/floresdelsur.fr\/wp-content\/uploads\/2025\/07\/Caja-de-lujo-e1683790757227-1.png\",\"width\":800,\"height\":1007},{\"@type\":\"BreadcrumbList\",\"@id\":\"https:\/\/floresdelsur.fr\/es\/producto\/caja-de-lujo\/#breadcrumb\",\"itemListElement\":[{\"@type\":\"ListItem\",\"position\":1,\"name\":\"Portada\",\"item\":\"https:\/\/floresdelsur.fr\/es\/\"},{\"@type\":\"ListItem\",\"position\":2,\"name\":\"Shop\",\"item\":\"https:\/\/floresdelsur.fr\/shop\/\"},{\"@type\":\"ListItem\",\"position\":3,\"name\":\"Caja de lujo\"}]},{\"@type\":\"WebSite\",\"@id\":\"https:\/\/floresdelsur.fr\/es\/#website\",\"url\":\"https:\/\/floresdelsur.fr\/es\/\",\"name\":\"Floresdelsur\",\"description\":\"Productos de limpieza e higiene naturales y sostenibles para profesionales\",\"publisher\":{\"@id\":\"https:\/\/floresdelsur.fr\/es\/#organization\"},\"potentialAction\":[{\"@type\":\"SearchAction\",\"target\":{\"@type\":\"EntryPoint\",\"urlTemplate\":\"https:\/\/floresdelsur.fr\/es\/?s={search_term_string}\"},\"query-input\":{\"@type\":\"PropertyValueSpecification\",\"valueRequired\":true,\"valueName\":\"search_term_string\"}}],\"inLanguage\":\"es\"},{\"@type\":\"Organization\",\"@id\":\"https:\/\/floresdelsur.fr\/es\/#organization\",\"name\":\"Floresdelsur\",\"url\":\"https:\/\/floresdelsur.fr\/es\/\",\"logo\":{\"@type\":\"ImageObject\",\"inLanguage\":\"es\",\"@id\":\"https:\/\/floresdelsur.fr\/es\/#\/schema\/logo\/image\/\",\"url\":\"https:\/\/floresdelsur.fr\/wp-content\/uploads\/2025\/08\/icono-reamte-final.jpg\",\"contentUrl\":\"https:\/\/floresdelsur.fr\/wp-content\/uploads\/2025\/08\/icono-reamte-final.jpg\",\"width\":700,\"height\":700,\"caption\":\"Floresdelsur\"},\"image\":{\"@id\":\"https:\/\/floresdelsur.fr\/es\/#\/schema\/logo\/image\/\"},\"sameAs\":[\"https:\/\/www.facebook.com\/FLORESDELSUR.FR\",\"https:\/\/www.instagram.com\/floresdelsur1\/\"]}]}<\/script>\n<!-- \/ Yoast SEO Premium plugin. -->","yoast_head_json":{"title":"Caja de lujo - Floresdelsur","description":"Antioxidantes que ayudan a lucha contra los radicales libres presentes en el cuerpo | 654 511 258 | info@floresdelsur.com | \u00a1LL\u00c1MANOS!","robots":{"index":"index","follow":"follow","max-snippet":"max-snippet:-1","max-image-preview":"max-image-preview:large","max-video-preview":"max-video-preview:-1"},"canonical":"https:\/\/floresdelsur.fr\/es\/producto\/caja-de-lujo\/","og_locale":"es_ES","og_type":"article","og_title":"Caja de lujo","og_description":"Antioxidantes que ayudan a lucha contra los radicales libres presentes en el cuerpo | 654 511 258 | info@floresdelsur.com | \u00a1LL\u00c1MANOS!","og_url":"https:\/\/floresdelsur.fr\/es\/producto\/caja-de-lujo\/","og_site_name":"Floresdelsur","article_publisher":"https:\/\/www.facebook.com\/FLORESDELSUR.FR","article_modified_time":"2025-08-11T08:43:25+00:00","og_image":[{"width":800,"height":1007,"url":"https:\/\/floresdelsur.fr\/wp-content\/uploads\/2025\/07\/Caja-de-lujo-e1683790757227-1.png","type":"image\/png"}],"twitter_card":"summary_large_image","twitter_misc":{"Tiempo de lectura":"2 minutos"},"schema":{"@context":"https:\/\/schema.org","@graph":[{"@type":"WebPage","@id":"https:\/\/floresdelsur.fr\/es\/producto\/caja-de-lujo\/","url":"https:\/\/floresdelsur.fr\/es\/producto\/caja-de-lujo\/","name":"Caja de lujo - Floresdelsur","isPartOf":{"@id":"https:\/\/floresdelsur.fr\/es\/#website"},"primaryImageOfPage":{"@id":"https:\/\/floresdelsur.fr\/es\/producto\/caja-de-lujo\/#primaryimage"},"image":{"@id":"https:\/\/floresdelsur.fr\/es\/producto\/caja-de-lujo\/#primaryimage"},"thumbnailUrl":"https:\/\/floresdelsur.fr\/wp-content\/uploads\/2025\/07\/Caja-de-lujo-e1683790757227-1.png","datePublished":"2025-07-18T11:09:08+00:00","dateModified":"2025-08-11T08:43:25+00:00","description":"Antioxidantes que ayudan a lucha contra los radicales libres presentes en el cuerpo | 654 511 258 | info@floresdelsur.com | \u00a1LL\u00c1MANOS!","breadcrumb":{"@id":"https:\/\/floresdelsur.fr\/es\/producto\/caja-de-lujo\/#breadcrumb"},"inLanguage":"es","potentialAction":[{"@type":"ReadAction","target":["https:\/\/floresdelsur.fr\/es\/producto\/caja-de-lujo\/"]}]},{"@type":"ImageObject","inLanguage":"es","@id":"https:\/\/floresdelsur.fr\/es\/producto\/caja-de-lujo\/#primaryimage","url":"https:\/\/floresdelsur.fr\/wp-content\/uploads\/2025\/07\/Caja-de-lujo-e1683790757227-1.png","contentUrl":"https:\/\/floresdelsur.fr\/wp-content\/uploads\/2025\/07\/Caja-de-lujo-e1683790757227-1.png","width":800,"height":1007},{"@type":"BreadcrumbList","@id":"https:\/\/floresdelsur.fr\/es\/producto\/caja-de-lujo\/#breadcrumb","itemListElement":[{"@type":"ListItem","position":1,"name":"Portada","item":"https:\/\/floresdelsur.fr\/es\/"},{"@type":"ListItem","position":2,"name":"Shop","item":"https:\/\/floresdelsur.fr\/shop\/"},{"@type":"ListItem","position":3,"name":"Caja de lujo"}]},{"@type":"WebSite","@id":"https:\/\/floresdelsur.fr\/es\/#website","url":"https:\/\/floresdelsur.fr\/es\/","name":"Floresdelsur","description":"Productos de limpieza e higiene naturales y sostenibles para profesionales","publisher":{"@id":"https:\/\/floresdelsur.fr\/es\/#organization"},"potentialAction":[{"@type":"SearchAction","target":{"@type":"EntryPoint","urlTemplate":"https:\/\/floresdelsur.fr\/es\/?s={search_term_string}"},"query-input":{"@type":"PropertyValueSpecification","valueRequired":true,"valueName":"search_term_string"}}],"inLanguage":"es"},{"@type":"Organization","@id":"https:\/\/floresdelsur.fr\/es\/#organization","name":"Floresdelsur","url":"https:\/\/floresdelsur.fr\/es\/","logo":{"@type":"ImageObject","inLanguage":"es","@id":"https:\/\/floresdelsur.fr\/es\/#\/schema\/logo\/image\/","url":"https:\/\/floresdelsur.fr\/wp-content\/uploads\/2025\/08\/icono-reamte-final.jpg","contentUrl":"https:\/\/floresdelsur.fr\/wp-content\/uploads\/2025\/08\/icono-reamte-final.jpg","width":700,"height":700,"caption":"Floresdelsur"},"image":{"@id":"https:\/\/floresdelsur.fr\/es\/#\/schema\/logo\/image\/"},"sameAs":["https:\/\/www.facebook.com\/FLORESDELSUR.FR","https:\/\/www.instagram.com\/floresdelsur1\/"]}]}},"_links":{"self":[{"href":"https:\/\/floresdelsur.fr\/es\/wp-json\/wp\/v2\/product\/4014","targetHints":{"allow":["GET"]}}],"collection":[{"href":"https:\/\/floresdelsur.fr\/es\/wp-json\/wp\/v2\/product"}],"about":[{"href":"https:\/\/floresdelsur.fr\/es\/wp-json\/wp\/v2\/types\/product"}],"replies":[{"embeddable":true,"href":"https:\/\/floresdelsur.fr\/es\/wp-json\/wp\/v2\/comments?post=4014"}],"wp:featuredmedia":[{"embeddable":true,"href":"https:\/\/floresdelsur.fr\/es\/wp-json\/wp\/v2\/media\/4145"}],"wp:attachment":[{"href":"https:\/\/floresdelsur.fr\/es\/wp-json\/wp\/v2\/media?parent=4014"}],"wp:term":[{"taxonomy":"product_brand","embeddable":true,"href":"https:\/\/floresdelsur.fr\/es\/wp-json\/wp\/v2\/product_brand?post=4014"},{"taxonomy":"product_cat","embeddable":true,"href":"https:\/\/floresdelsur.fr\/es\/wp-json\/wp\/v2\/product_cat?post=4014"},{"taxonomy":"product_tag","embeddable":true,"href":"https:\/\/floresdelsur.fr\/es\/wp-json\/wp\/v2\/product_tag?post=4014"}],"curies":[{"name":"wp","href":"https:\/\/api.w.org\/{rel}","templated":true}]}}