{"id":4011,"date":"2025-07-18T13:09:08","date_gmt":"2025-07-18T11:09:08","guid":{"rendered":"https:\/\/floresdelsur.fr\/?post_type=product&#038;p=4011"},"modified":"2025-08-11T10:24:15","modified_gmt":"2025-08-11T08:24:15","slug":"caja-de-argan","status":"publish","type":"product","link":"https:\/\/floresdelsur.fr\/es\/producto\/caja-de-argan\/","title":{"rendered":"Caja de Argan"},"content":{"rendered":"<p><strong>Esta caja es un ritual de belleza completo, perfecta para mimarte de pies a cabeza:<\/strong><\/p>\n<ul>\n<li><strong>Aceite de arg\u00e1n puro 60 ml:<\/strong> Un elixir natural que puede sustituir tu crema de d\u00eda o de noche. Ideal para nutrir y embellecer <em>cuerpo, rostro y cabello<\/em>.<\/li>\n<li><strong>Champ\u00fa nutritivo con arg\u00e1n 200 ml:<\/strong> Con aceite de arg\u00e1n puro y natural, nutre profundamente el cabello seco y desvitalizado. Devuelve el brillo y la suavidad a tu melena.<\/li>\n<li><strong>Acondicionador de arg\u00e1n 250 ml:<\/strong> Un tratamiento reestructurante con aceite de arg\u00e1n org\u00e1nico, dise\u00f1ado para reparar y fortalecer el cabello da\u00f1ado y quebradizo. Facilita el desenredado, hidrata y protege el cuero cabelludo.<\/li>\n<\/ul>\n<p><strong>Champ\u00fa y acondicionador son 100% libres de:<\/strong><\/p>\n<ul>\n<li>Parabenos<\/li>\n<li>Sulfatos<\/li>\n<li>Gluten<\/li>\n<li>Aceites minerales<\/li>\n<li>Colorantes<\/li>\n<\/ul>\n","protected":false},"excerpt":{"rendered":"<p><strong>Esta caja es un ritual de belleza completo, perfecta para mimarte de pies a cabeza:<\/strong><\/p>\n<ul>\n<li><strong>Aceite de arg\u00e1n puro 60 ml:<\/strong> Un elixir natural que puede sustituir tu crema de d\u00eda o de noche. Ideal para nutrir y embellecer <em>cuerpo, rostro y cabello<\/em>.<\/li>\n<li><strong>Champ\u00fa nutritivo con arg\u00e1n 200 ml:<\/strong> Con aceite de arg\u00e1n puro y natural, nutre profundamente el cabello seco y desvitalizado. Devuelve el brillo y la suavidad a tu melena.<\/li>\n<li><strong>Acondicionador de arg\u00e1n 250 ml:<\/strong> Un tratamiento reestructurante con aceite de arg\u00e1n org\u00e1nico, dise\u00f1ado para reparar y fortalecer el cabello da\u00f1ado y quebradizo. Facilita el desenredado, hidrata y protege el cuero cabelludo.<\/li>\n<\/ul>\n<p><strong>Champ\u00fa y acondicionador son 100% libres de:<\/strong><\/p>\n<ul>\n<li>Parabenos<\/li>\n<li>Sulfatos<\/li>\n<li>Gluten<\/li>\n<li>Aceites minerales<\/li>\n<li>Colorantes<\/li>\n<\/ul>\n","protected":false},"featured_media":4094,"comment_status":"open","ping_status":"closed","template":"","meta":{"_acf_changed":false,"inline_featured_image":false,"_joinchat":[]},"product_brand":[],"product_cat":[85],"product_tag":[],"class_list":{"0":"post-4011","1":"product","2":"type-product","3":"status-publish","4":"has-post-thumbnail","6":"product_cat-remate-final","8":"first","9":"instock","10":"shipping-taxable","11":"purchasable","12":"product-type-simple"},"acf":[],"yoast_head":"<!-- This site is optimized with the Yoast SEO Premium plugin v25.1 (Yoast SEO v25.6) - https:\/\/yoast.com\/wordpress\/plugins\/seo\/ -->\n<title>Caja de Argan - Floresdelsur<\/title>\n<meta name=\"description\" content=\"Caja de Argan, perfecta para mimarte de pies a cabeza | 654 511 258 | info@floresdelsur.com | \u00a1LL\u00c1MANOS! | Floresdelsur\" \/>\n<meta name=\"robots\" content=\"index, follow, max-snippet:-1, max-image-preview:large, max-video-preview:-1\" \/>\n<link rel=\"canonical\" href=\"https:\/\/floresdelsur.fr\/es\/producto\/caja-de-argan\/\" \/>\n<meta property=\"og:locale\" content=\"es_ES\" \/>\n<meta property=\"og:type\" content=\"article\" \/>\n<meta property=\"og:title\" content=\"Caja de Argan\" \/>\n<meta property=\"og:description\" content=\"Caja de Argan, perfecta para mimarte de pies a cabeza | 654 511 258 | info@floresdelsur.com | \u00a1LL\u00c1MANOS! | Floresdelsur\" \/>\n<meta property=\"og:url\" content=\"https:\/\/floresdelsur.fr\/es\/producto\/caja-de-argan\/\" \/>\n<meta property=\"og:site_name\" content=\"Floresdelsur\" \/>\n<meta property=\"article:publisher\" content=\"https:\/\/www.facebook.com\/FLORESDELSUR.FR\" \/>\n<meta property=\"article:modified_time\" content=\"2025-08-11T08:24:15+00:00\" \/>\n<meta property=\"og:image\" content=\"https:\/\/floresdelsur.fr\/wp-content\/uploads\/2025\/07\/Coffret-argan-e1683887341369.png\" \/>\n\t<meta property=\"og:image:width\" content=\"800\" \/>\n\t<meta property=\"og:image:height\" content=\"1007\" \/>\n\t<meta property=\"og:image:type\" content=\"image\/png\" \/>\n<meta name=\"twitter:card\" content=\"summary_large_image\" \/>\n<meta name=\"twitter:label1\" content=\"Tiempo de lectura\" \/>\n\t<meta name=\"twitter:data1\" content=\"1 minuto\" \/>\n<script type=\"application\/ld+json\" class=\"yoast-schema-graph\">{\"@context\":\"https:\/\/schema.org\",\"@graph\":[{\"@type\":\"WebPage\",\"@id\":\"https:\/\/floresdelsur.fr\/es\/producto\/caja-de-argan\/\",\"url\":\"https:\/\/floresdelsur.fr\/es\/producto\/caja-de-argan\/\",\"name\":\"Caja de Argan - Floresdelsur\",\"isPartOf\":{\"@id\":\"https:\/\/floresdelsur.fr\/es\/#website\"},\"primaryImageOfPage\":{\"@id\":\"https:\/\/floresdelsur.fr\/es\/producto\/caja-de-argan\/#primaryimage\"},\"image\":{\"@id\":\"https:\/\/floresdelsur.fr\/es\/producto\/caja-de-argan\/#primaryimage\"},\"thumbnailUrl\":\"https:\/\/floresdelsur.fr\/wp-content\/uploads\/2025\/07\/Coffret-argan-e1683887341369.png\",\"datePublished\":\"2025-07-18T11:09:08+00:00\",\"dateModified\":\"2025-08-11T08:24:15+00:00\",\"description\":\"Caja de Argan, perfecta para mimarte de pies a cabeza | 654 511 258 | info@floresdelsur.com | \u00a1LL\u00c1MANOS! | Floresdelsur\",\"breadcrumb\":{\"@id\":\"https:\/\/floresdelsur.fr\/es\/producto\/caja-de-argan\/#breadcrumb\"},\"inLanguage\":\"es\",\"potentialAction\":[{\"@type\":\"ReadAction\",\"target\":[\"https:\/\/floresdelsur.fr\/es\/producto\/caja-de-argan\/\"]}]},{\"@type\":\"ImageObject\",\"inLanguage\":\"es\",\"@id\":\"https:\/\/floresdelsur.fr\/es\/producto\/caja-de-argan\/#primaryimage\",\"url\":\"https:\/\/floresdelsur.fr\/wp-content\/uploads\/2025\/07\/Coffret-argan-e1683887341369.png\",\"contentUrl\":\"https:\/\/floresdelsur.fr\/wp-content\/uploads\/2025\/07\/Coffret-argan-e1683887341369.png\",\"width\":800,\"height\":1007},{\"@type\":\"BreadcrumbList\",\"@id\":\"https:\/\/floresdelsur.fr\/es\/producto\/caja-de-argan\/#breadcrumb\",\"itemListElement\":[{\"@type\":\"ListItem\",\"position\":1,\"name\":\"Portada\",\"item\":\"https:\/\/floresdelsur.fr\/es\/\"},{\"@type\":\"ListItem\",\"position\":2,\"name\":\"Shop\",\"item\":\"https:\/\/floresdelsur.fr\/shop\/\"},{\"@type\":\"ListItem\",\"position\":3,\"name\":\"Caja de Argan\"}]},{\"@type\":\"WebSite\",\"@id\":\"https:\/\/floresdelsur.fr\/es\/#website\",\"url\":\"https:\/\/floresdelsur.fr\/es\/\",\"name\":\"Floresdelsur\",\"description\":\"Productos de limpieza e higiene naturales y sostenibles para profesionales\",\"publisher\":{\"@id\":\"https:\/\/floresdelsur.fr\/es\/#organization\"},\"potentialAction\":[{\"@type\":\"SearchAction\",\"target\":{\"@type\":\"EntryPoint\",\"urlTemplate\":\"https:\/\/floresdelsur.fr\/es\/?s={search_term_string}\"},\"query-input\":{\"@type\":\"PropertyValueSpecification\",\"valueRequired\":true,\"valueName\":\"search_term_string\"}}],\"inLanguage\":\"es\"},{\"@type\":\"Organization\",\"@id\":\"https:\/\/floresdelsur.fr\/es\/#organization\",\"name\":\"Floresdelsur\",\"url\":\"https:\/\/floresdelsur.fr\/es\/\",\"logo\":{\"@type\":\"ImageObject\",\"inLanguage\":\"es\",\"@id\":\"https:\/\/floresdelsur.fr\/es\/#\/schema\/logo\/image\/\",\"url\":\"https:\/\/floresdelsur.fr\/wp-content\/uploads\/2025\/08\/icono-reamte-final.jpg\",\"contentUrl\":\"https:\/\/floresdelsur.fr\/wp-content\/uploads\/2025\/08\/icono-reamte-final.jpg\",\"width\":700,\"height\":700,\"caption\":\"Floresdelsur\"},\"image\":{\"@id\":\"https:\/\/floresdelsur.fr\/es\/#\/schema\/logo\/image\/\"},\"sameAs\":[\"https:\/\/www.facebook.com\/FLORESDELSUR.FR\",\"https:\/\/www.instagram.com\/floresdelsur1\/\"]}]}<\/script>\n<!-- \/ Yoast SEO Premium plugin. -->","yoast_head_json":{"title":"Caja de Argan - Floresdelsur","description":"Caja de Argan, perfecta para mimarte de pies a cabeza | 654 511 258 | info@floresdelsur.com | \u00a1LL\u00c1MANOS! | Floresdelsur","robots":{"index":"index","follow":"follow","max-snippet":"max-snippet:-1","max-image-preview":"max-image-preview:large","max-video-preview":"max-video-preview:-1"},"canonical":"https:\/\/floresdelsur.fr\/es\/producto\/caja-de-argan\/","og_locale":"es_ES","og_type":"article","og_title":"Caja de Argan","og_description":"Caja de Argan, perfecta para mimarte de pies a cabeza | 654 511 258 | info@floresdelsur.com | \u00a1LL\u00c1MANOS! | Floresdelsur","og_url":"https:\/\/floresdelsur.fr\/es\/producto\/caja-de-argan\/","og_site_name":"Floresdelsur","article_publisher":"https:\/\/www.facebook.com\/FLORESDELSUR.FR","article_modified_time":"2025-08-11T08:24:15+00:00","og_image":[{"width":800,"height":1007,"url":"https:\/\/floresdelsur.fr\/wp-content\/uploads\/2025\/07\/Coffret-argan-e1683887341369.png","type":"image\/png"}],"twitter_card":"summary_large_image","twitter_misc":{"Tiempo de lectura":"1 minuto"},"schema":{"@context":"https:\/\/schema.org","@graph":[{"@type":"WebPage","@id":"https:\/\/floresdelsur.fr\/es\/producto\/caja-de-argan\/","url":"https:\/\/floresdelsur.fr\/es\/producto\/caja-de-argan\/","name":"Caja de Argan - Floresdelsur","isPartOf":{"@id":"https:\/\/floresdelsur.fr\/es\/#website"},"primaryImageOfPage":{"@id":"https:\/\/floresdelsur.fr\/es\/producto\/caja-de-argan\/#primaryimage"},"image":{"@id":"https:\/\/floresdelsur.fr\/es\/producto\/caja-de-argan\/#primaryimage"},"thumbnailUrl":"https:\/\/floresdelsur.fr\/wp-content\/uploads\/2025\/07\/Coffret-argan-e1683887341369.png","datePublished":"2025-07-18T11:09:08+00:00","dateModified":"2025-08-11T08:24:15+00:00","description":"Caja de Argan, perfecta para mimarte de pies a cabeza | 654 511 258 | info@floresdelsur.com | \u00a1LL\u00c1MANOS! | Floresdelsur","breadcrumb":{"@id":"https:\/\/floresdelsur.fr\/es\/producto\/caja-de-argan\/#breadcrumb"},"inLanguage":"es","potentialAction":[{"@type":"ReadAction","target":["https:\/\/floresdelsur.fr\/es\/producto\/caja-de-argan\/"]}]},{"@type":"ImageObject","inLanguage":"es","@id":"https:\/\/floresdelsur.fr\/es\/producto\/caja-de-argan\/#primaryimage","url":"https:\/\/floresdelsur.fr\/wp-content\/uploads\/2025\/07\/Coffret-argan-e1683887341369.png","contentUrl":"https:\/\/floresdelsur.fr\/wp-content\/uploads\/2025\/07\/Coffret-argan-e1683887341369.png","width":800,"height":1007},{"@type":"BreadcrumbList","@id":"https:\/\/floresdelsur.fr\/es\/producto\/caja-de-argan\/#breadcrumb","itemListElement":[{"@type":"ListItem","position":1,"name":"Portada","item":"https:\/\/floresdelsur.fr\/es\/"},{"@type":"ListItem","position":2,"name":"Shop","item":"https:\/\/floresdelsur.fr\/shop\/"},{"@type":"ListItem","position":3,"name":"Caja de Argan"}]},{"@type":"WebSite","@id":"https:\/\/floresdelsur.fr\/es\/#website","url":"https:\/\/floresdelsur.fr\/es\/","name":"Floresdelsur","description":"Productos de limpieza e higiene naturales y sostenibles para profesionales","publisher":{"@id":"https:\/\/floresdelsur.fr\/es\/#organization"},"potentialAction":[{"@type":"SearchAction","target":{"@type":"EntryPoint","urlTemplate":"https:\/\/floresdelsur.fr\/es\/?s={search_term_string}"},"query-input":{"@type":"PropertyValueSpecification","valueRequired":true,"valueName":"search_term_string"}}],"inLanguage":"es"},{"@type":"Organization","@id":"https:\/\/floresdelsur.fr\/es\/#organization","name":"Floresdelsur","url":"https:\/\/floresdelsur.fr\/es\/","logo":{"@type":"ImageObject","inLanguage":"es","@id":"https:\/\/floresdelsur.fr\/es\/#\/schema\/logo\/image\/","url":"https:\/\/floresdelsur.fr\/wp-content\/uploads\/2025\/08\/icono-reamte-final.jpg","contentUrl":"https:\/\/floresdelsur.fr\/wp-content\/uploads\/2025\/08\/icono-reamte-final.jpg","width":700,"height":700,"caption":"Floresdelsur"},"image":{"@id":"https:\/\/floresdelsur.fr\/es\/#\/schema\/logo\/image\/"},"sameAs":["https:\/\/www.facebook.com\/FLORESDELSUR.FR","https:\/\/www.instagram.com\/floresdelsur1\/"]}]}},"_links":{"self":[{"href":"https:\/\/floresdelsur.fr\/es\/wp-json\/wp\/v2\/product\/4011","targetHints":{"allow":["GET"]}}],"collection":[{"href":"https:\/\/floresdelsur.fr\/es\/wp-json\/wp\/v2\/product"}],"about":[{"href":"https:\/\/floresdelsur.fr\/es\/wp-json\/wp\/v2\/types\/product"}],"replies":[{"embeddable":true,"href":"https:\/\/floresdelsur.fr\/es\/wp-json\/wp\/v2\/comments?post=4011"}],"wp:featuredmedia":[{"embeddable":true,"href":"https:\/\/floresdelsur.fr\/es\/wp-json\/wp\/v2\/media\/4094"}],"wp:attachment":[{"href":"https:\/\/floresdelsur.fr\/es\/wp-json\/wp\/v2\/media?parent=4011"}],"wp:term":[{"taxonomy":"product_brand","embeddable":true,"href":"https:\/\/floresdelsur.fr\/es\/wp-json\/wp\/v2\/product_brand?post=4011"},{"taxonomy":"product_cat","embeddable":true,"href":"https:\/\/floresdelsur.fr\/es\/wp-json\/wp\/v2\/product_cat?post=4011"},{"taxonomy":"product_tag","embeddable":true,"href":"https:\/\/floresdelsur.fr\/es\/wp-json\/wp\/v2\/product_tag?post=4011"}],"curies":[{"name":"wp","href":"https:\/\/api.w.org\/{rel}","templated":true}]}}