{"id":4010,"date":"2025-07-18T13:09:08","date_gmt":"2025-07-18T11:09:08","guid":{"rendered":"https:\/\/floresdelsur.fr\/?post_type=product&#038;p=4010"},"modified":"2025-08-11T10:19:55","modified_gmt":"2025-08-11T08:19:55","slug":"aceite-esencial-de-lavanda-aspic","status":"publish","type":"product","link":"https:\/\/floresdelsur.fr\/es\/producto\/aceite-esencial-de-lavanda-aspic\/","title":{"rendered":"Aceite esencial de lavanda Aspic"},"content":{"rendered":"<p><!-- Espa\u00f1ol --><\/p>\n<section><strong>Equilibra las emociones<\/strong> y proporciona una <strong>relajaci\u00f3n profunda<\/strong>.<\/p>\n<ul>\n<li>Refrescante y reparador, ideal para calmar pieles sobrecalentadas por el sol, agrietadas o irritadas.<\/li>\n<li>Purificante, perfecta para pieles con tendencia acneica: ayuda a secar las imperfecciones.<\/li>\n<li>Calmante y restaurador, alivia picaduras de insectos o medusas y favorece la recuperaci\u00f3n de la piel frente a ampollas, \u00falceras, eczemas o irritaciones.<\/li>\n<li>Tambi\u00e9n eficaz contra bronquitis, laringitis, sinusitis, dolores musculares, reumatismo y calambres.<\/li>\n<\/ul>\n<h3>Propiedades clave<\/h3>\n<ul>\n<li>Reparador y regenerador cut\u00e1neo<\/li>\n<li>Antiinfeccioso, antif\u00fangico, antibacteriano y antiviral<\/li>\n<li>Analg\u00e9sico y antiinflamatorio<\/li>\n<li>Estimulante inmunol\u00f3gico y t\u00f3nico natural<\/li>\n<li>Calmante, purificante y protector<\/li>\n<\/ul>\n<h3>Usos recomendados<\/h3>\n<ul>\n<li><strong>Dolores musculares y articulares:<\/strong> mezclar unas gotas con aceite de arg\u00e1n y masajear.<\/li>\n<li><strong>Problemas de piel:<\/strong> aplicar la mezcla directamente en la zona afectada.<\/li>\n<li><strong>Problemas respiratorios:<\/strong> masajear sobre el pecho y la espalda alta.<\/li>\n<\/ul>\n<h3>Precauciones<\/h3>\n<p>No utilizar durante el embarazo o lactancia, ni en ni\u00f1os menores de 7 a\u00f1os o personas con epilepsia. Mantener fuera del alcance de los ni\u00f1os.<\/p>\n<\/section>\n","protected":false},"excerpt":{"rendered":"<p><!-- Espa\u00f1ol --><\/p>\n<section><strong>Equilibra las emociones<\/strong> y proporciona una <strong>relajaci\u00f3n profunda<\/strong>.<\/p>\n<ul>\n<li>Refrescante y reparador, ideal para calmar pieles sobrecalentadas por el sol, agrietadas o irritadas.<\/li>\n<li>Purificante, perfecta para pieles con tendencia acneica: ayuda a secar las imperfecciones.<\/li>\n<li>Calmante y restaurador, alivia picaduras de insectos o medusas y favorece la recuperaci\u00f3n de la piel frente a ampollas, \u00falceras, eczemas o irritaciones.<\/li>\n<li>Tambi\u00e9n eficaz contra bronquitis, laringitis, sinusitis, dolores musculares, reumatismo y calambres.<\/li>\n<\/ul>\n<h3>Propiedades clave<\/h3>\n<ul>\n<li>Reparador y regenerador cut\u00e1neo<\/li>\n<li>Antiinfeccioso, antif\u00fangico, antibacteriano y antiviral<\/li>\n<li>Analg\u00e9sico y antiinflamatorio<\/li>\n<li>Estimulante inmunol\u00f3gico y t\u00f3nico natural<\/li>\n<li>Calmante, purificante y protector<\/li>\n<\/ul>\n<h3>Usos recomendados<\/h3>\n<ul>\n<li><strong>Dolores musculares y articulares:<\/strong> mezclar unas gotas con aceite de arg\u00e1n y masajear.<\/li>\n<li><strong>Problemas de piel:<\/strong> aplicar la mezcla directamente en la zona afectada.<\/li>\n<li><strong>Problemas respiratorios:<\/strong> masajear sobre el pecho y la espalda alta.<\/li>\n<\/ul>\n<h3>Precauciones<\/h3>\n<p>No utilizar durante el embarazo o lactancia, ni en ni\u00f1os menores de 7 a\u00f1os o personas con epilepsia. Mantener fuera del alcance de los ni\u00f1os.<\/p>\n<\/section>\n","protected":false},"featured_media":4091,"comment_status":"open","ping_status":"closed","template":"","meta":{"_acf_changed":false,"inline_featured_image":false,"_joinchat":[]},"product_brand":[],"product_cat":[85],"product_tag":[],"class_list":{"0":"post-4010","1":"product","2":"type-product","3":"status-publish","4":"has-post-thumbnail","6":"product_cat-remate-final","8":"first","9":"instock","10":"shipping-taxable","11":"purchasable","12":"product-type-simple"},"acf":[],"yoast_head":"<!-- This site is optimized with the Yoast SEO Premium plugin v25.1 (Yoast SEO v25.6) - https:\/\/yoast.com\/wordpress\/plugins\/seo\/ -->\n<title>Aceite esencial de lavanda Aspic - Floresdelsur<\/title>\n<meta name=\"description\" content=\"Reparador y regenerador cut\u00e1neo, equilibra las emociones y proporciona una relajaci\u00f3n profunda | 654 511 258 | info@floresdelsur.com | \u00a1LL\u00c1MANOS!\" \/>\n<meta name=\"robots\" content=\"index, follow, max-snippet:-1, max-image-preview:large, max-video-preview:-1\" \/>\n<link rel=\"canonical\" href=\"https:\/\/floresdelsur.fr\/es\/producto\/aceite-esencial-de-lavanda-aspic\/\" \/>\n<meta property=\"og:locale\" content=\"es_ES\" \/>\n<meta property=\"og:type\" content=\"article\" \/>\n<meta property=\"og:title\" content=\"Aceite esencial de lavanda Aspic\" \/>\n<meta property=\"og:description\" content=\"Reparador y regenerador cut\u00e1neo, equilibra las emociones y proporciona una relajaci\u00f3n profunda | 654 511 258 | info@floresdelsur.com | \u00a1LL\u00c1MANOS!\" \/>\n<meta property=\"og:url\" content=\"https:\/\/floresdelsur.fr\/es\/producto\/aceite-esencial-de-lavanda-aspic\/\" \/>\n<meta property=\"og:site_name\" content=\"Floresdelsur\" \/>\n<meta property=\"article:publisher\" content=\"https:\/\/www.facebook.com\/FLORESDELSUR.FR\" \/>\n<meta property=\"article:modified_time\" content=\"2025-08-11T08:19:55+00:00\" \/>\n<meta property=\"og:image\" content=\"https:\/\/floresdelsur.fr\/wp-content\/uploads\/2025\/07\/Huile-essentielle-Lavande-Aspic-e1683887432930.png\" \/>\n\t<meta property=\"og:image:width\" content=\"800\" \/>\n\t<meta property=\"og:image:height\" content=\"1067\" \/>\n\t<meta property=\"og:image:type\" content=\"image\/png\" \/>\n<meta name=\"twitter:card\" content=\"summary_large_image\" \/>\n<meta name=\"twitter:label1\" content=\"Tiempo de lectura\" \/>\n\t<meta name=\"twitter:data1\" content=\"1 minuto\" \/>\n<script type=\"application\/ld+json\" class=\"yoast-schema-graph\">{\"@context\":\"https:\/\/schema.org\",\"@graph\":[{\"@type\":\"WebPage\",\"@id\":\"https:\/\/floresdelsur.fr\/es\/producto\/aceite-esencial-de-lavanda-aspic\/\",\"url\":\"https:\/\/floresdelsur.fr\/es\/producto\/aceite-esencial-de-lavanda-aspic\/\",\"name\":\"Aceite esencial de lavanda Aspic - Floresdelsur\",\"isPartOf\":{\"@id\":\"https:\/\/floresdelsur.fr\/es\/#website\"},\"primaryImageOfPage\":{\"@id\":\"https:\/\/floresdelsur.fr\/es\/producto\/aceite-esencial-de-lavanda-aspic\/#primaryimage\"},\"image\":{\"@id\":\"https:\/\/floresdelsur.fr\/es\/producto\/aceite-esencial-de-lavanda-aspic\/#primaryimage\"},\"thumbnailUrl\":\"https:\/\/floresdelsur.fr\/wp-content\/uploads\/2025\/07\/Huile-essentielle-Lavande-Aspic-e1683887432930.png\",\"datePublished\":\"2025-07-18T11:09:08+00:00\",\"dateModified\":\"2025-08-11T08:19:55+00:00\",\"description\":\"Reparador y regenerador cut\u00e1neo, equilibra las emociones y proporciona una relajaci\u00f3n profunda | 654 511 258 | info@floresdelsur.com | \u00a1LL\u00c1MANOS!\",\"breadcrumb\":{\"@id\":\"https:\/\/floresdelsur.fr\/es\/producto\/aceite-esencial-de-lavanda-aspic\/#breadcrumb\"},\"inLanguage\":\"es\",\"potentialAction\":[{\"@type\":\"ReadAction\",\"target\":[\"https:\/\/floresdelsur.fr\/es\/producto\/aceite-esencial-de-lavanda-aspic\/\"]}]},{\"@type\":\"ImageObject\",\"inLanguage\":\"es\",\"@id\":\"https:\/\/floresdelsur.fr\/es\/producto\/aceite-esencial-de-lavanda-aspic\/#primaryimage\",\"url\":\"https:\/\/floresdelsur.fr\/wp-content\/uploads\/2025\/07\/Huile-essentielle-Lavande-Aspic-e1683887432930.png\",\"contentUrl\":\"https:\/\/floresdelsur.fr\/wp-content\/uploads\/2025\/07\/Huile-essentielle-Lavande-Aspic-e1683887432930.png\",\"width\":800,\"height\":1067},{\"@type\":\"BreadcrumbList\",\"@id\":\"https:\/\/floresdelsur.fr\/es\/producto\/aceite-esencial-de-lavanda-aspic\/#breadcrumb\",\"itemListElement\":[{\"@type\":\"ListItem\",\"position\":1,\"name\":\"Portada\",\"item\":\"https:\/\/floresdelsur.fr\/es\/\"},{\"@type\":\"ListItem\",\"position\":2,\"name\":\"Shop\",\"item\":\"https:\/\/floresdelsur.fr\/shop\/\"},{\"@type\":\"ListItem\",\"position\":3,\"name\":\"Aceite esencial de lavanda Aspic\"}]},{\"@type\":\"WebSite\",\"@id\":\"https:\/\/floresdelsur.fr\/es\/#website\",\"url\":\"https:\/\/floresdelsur.fr\/es\/\",\"name\":\"Floresdelsur\",\"description\":\"Productos de limpieza e higiene naturales y sostenibles para profesionales\",\"publisher\":{\"@id\":\"https:\/\/floresdelsur.fr\/es\/#organization\"},\"potentialAction\":[{\"@type\":\"SearchAction\",\"target\":{\"@type\":\"EntryPoint\",\"urlTemplate\":\"https:\/\/floresdelsur.fr\/es\/?s={search_term_string}\"},\"query-input\":{\"@type\":\"PropertyValueSpecification\",\"valueRequired\":true,\"valueName\":\"search_term_string\"}}],\"inLanguage\":\"es\"},{\"@type\":\"Organization\",\"@id\":\"https:\/\/floresdelsur.fr\/es\/#organization\",\"name\":\"Floresdelsur\",\"url\":\"https:\/\/floresdelsur.fr\/es\/\",\"logo\":{\"@type\":\"ImageObject\",\"inLanguage\":\"es\",\"@id\":\"https:\/\/floresdelsur.fr\/es\/#\/schema\/logo\/image\/\",\"url\":\"https:\/\/floresdelsur.fr\/wp-content\/uploads\/2025\/08\/icono-reamte-final.jpg\",\"contentUrl\":\"https:\/\/floresdelsur.fr\/wp-content\/uploads\/2025\/08\/icono-reamte-final.jpg\",\"width\":700,\"height\":700,\"caption\":\"Floresdelsur\"},\"image\":{\"@id\":\"https:\/\/floresdelsur.fr\/es\/#\/schema\/logo\/image\/\"},\"sameAs\":[\"https:\/\/www.facebook.com\/FLORESDELSUR.FR\",\"https:\/\/www.instagram.com\/floresdelsur1\/\"]}]}<\/script>\n<!-- \/ Yoast SEO Premium plugin. -->","yoast_head_json":{"title":"Aceite esencial de lavanda Aspic - Floresdelsur","description":"Reparador y regenerador cut\u00e1neo, equilibra las emociones y proporciona una relajaci\u00f3n profunda | 654 511 258 | info@floresdelsur.com | \u00a1LL\u00c1MANOS!","robots":{"index":"index","follow":"follow","max-snippet":"max-snippet:-1","max-image-preview":"max-image-preview:large","max-video-preview":"max-video-preview:-1"},"canonical":"https:\/\/floresdelsur.fr\/es\/producto\/aceite-esencial-de-lavanda-aspic\/","og_locale":"es_ES","og_type":"article","og_title":"Aceite esencial de lavanda Aspic","og_description":"Reparador y regenerador cut\u00e1neo, equilibra las emociones y proporciona una relajaci\u00f3n profunda | 654 511 258 | info@floresdelsur.com | \u00a1LL\u00c1MANOS!","og_url":"https:\/\/floresdelsur.fr\/es\/producto\/aceite-esencial-de-lavanda-aspic\/","og_site_name":"Floresdelsur","article_publisher":"https:\/\/www.facebook.com\/FLORESDELSUR.FR","article_modified_time":"2025-08-11T08:19:55+00:00","og_image":[{"width":800,"height":1067,"url":"https:\/\/floresdelsur.fr\/wp-content\/uploads\/2025\/07\/Huile-essentielle-Lavande-Aspic-e1683887432930.png","type":"image\/png"}],"twitter_card":"summary_large_image","twitter_misc":{"Tiempo de lectura":"1 minuto"},"schema":{"@context":"https:\/\/schema.org","@graph":[{"@type":"WebPage","@id":"https:\/\/floresdelsur.fr\/es\/producto\/aceite-esencial-de-lavanda-aspic\/","url":"https:\/\/floresdelsur.fr\/es\/producto\/aceite-esencial-de-lavanda-aspic\/","name":"Aceite esencial de lavanda Aspic - Floresdelsur","isPartOf":{"@id":"https:\/\/floresdelsur.fr\/es\/#website"},"primaryImageOfPage":{"@id":"https:\/\/floresdelsur.fr\/es\/producto\/aceite-esencial-de-lavanda-aspic\/#primaryimage"},"image":{"@id":"https:\/\/floresdelsur.fr\/es\/producto\/aceite-esencial-de-lavanda-aspic\/#primaryimage"},"thumbnailUrl":"https:\/\/floresdelsur.fr\/wp-content\/uploads\/2025\/07\/Huile-essentielle-Lavande-Aspic-e1683887432930.png","datePublished":"2025-07-18T11:09:08+00:00","dateModified":"2025-08-11T08:19:55+00:00","description":"Reparador y regenerador cut\u00e1neo, equilibra las emociones y proporciona una relajaci\u00f3n profunda | 654 511 258 | info@floresdelsur.com | \u00a1LL\u00c1MANOS!","breadcrumb":{"@id":"https:\/\/floresdelsur.fr\/es\/producto\/aceite-esencial-de-lavanda-aspic\/#breadcrumb"},"inLanguage":"es","potentialAction":[{"@type":"ReadAction","target":["https:\/\/floresdelsur.fr\/es\/producto\/aceite-esencial-de-lavanda-aspic\/"]}]},{"@type":"ImageObject","inLanguage":"es","@id":"https:\/\/floresdelsur.fr\/es\/producto\/aceite-esencial-de-lavanda-aspic\/#primaryimage","url":"https:\/\/floresdelsur.fr\/wp-content\/uploads\/2025\/07\/Huile-essentielle-Lavande-Aspic-e1683887432930.png","contentUrl":"https:\/\/floresdelsur.fr\/wp-content\/uploads\/2025\/07\/Huile-essentielle-Lavande-Aspic-e1683887432930.png","width":800,"height":1067},{"@type":"BreadcrumbList","@id":"https:\/\/floresdelsur.fr\/es\/producto\/aceite-esencial-de-lavanda-aspic\/#breadcrumb","itemListElement":[{"@type":"ListItem","position":1,"name":"Portada","item":"https:\/\/floresdelsur.fr\/es\/"},{"@type":"ListItem","position":2,"name":"Shop","item":"https:\/\/floresdelsur.fr\/shop\/"},{"@type":"ListItem","position":3,"name":"Aceite esencial de lavanda Aspic"}]},{"@type":"WebSite","@id":"https:\/\/floresdelsur.fr\/es\/#website","url":"https:\/\/floresdelsur.fr\/es\/","name":"Floresdelsur","description":"Productos de limpieza e higiene naturales y sostenibles para profesionales","publisher":{"@id":"https:\/\/floresdelsur.fr\/es\/#organization"},"potentialAction":[{"@type":"SearchAction","target":{"@type":"EntryPoint","urlTemplate":"https:\/\/floresdelsur.fr\/es\/?s={search_term_string}"},"query-input":{"@type":"PropertyValueSpecification","valueRequired":true,"valueName":"search_term_string"}}],"inLanguage":"es"},{"@type":"Organization","@id":"https:\/\/floresdelsur.fr\/es\/#organization","name":"Floresdelsur","url":"https:\/\/floresdelsur.fr\/es\/","logo":{"@type":"ImageObject","inLanguage":"es","@id":"https:\/\/floresdelsur.fr\/es\/#\/schema\/logo\/image\/","url":"https:\/\/floresdelsur.fr\/wp-content\/uploads\/2025\/08\/icono-reamte-final.jpg","contentUrl":"https:\/\/floresdelsur.fr\/wp-content\/uploads\/2025\/08\/icono-reamte-final.jpg","width":700,"height":700,"caption":"Floresdelsur"},"image":{"@id":"https:\/\/floresdelsur.fr\/es\/#\/schema\/logo\/image\/"},"sameAs":["https:\/\/www.facebook.com\/FLORESDELSUR.FR","https:\/\/www.instagram.com\/floresdelsur1\/"]}]}},"_links":{"self":[{"href":"https:\/\/floresdelsur.fr\/es\/wp-json\/wp\/v2\/product\/4010","targetHints":{"allow":["GET"]}}],"collection":[{"href":"https:\/\/floresdelsur.fr\/es\/wp-json\/wp\/v2\/product"}],"about":[{"href":"https:\/\/floresdelsur.fr\/es\/wp-json\/wp\/v2\/types\/product"}],"replies":[{"embeddable":true,"href":"https:\/\/floresdelsur.fr\/es\/wp-json\/wp\/v2\/comments?post=4010"}],"wp:featuredmedia":[{"embeddable":true,"href":"https:\/\/floresdelsur.fr\/es\/wp-json\/wp\/v2\/media\/4091"}],"wp:attachment":[{"href":"https:\/\/floresdelsur.fr\/es\/wp-json\/wp\/v2\/media?parent=4010"}],"wp:term":[{"taxonomy":"product_brand","embeddable":true,"href":"https:\/\/floresdelsur.fr\/es\/wp-json\/wp\/v2\/product_brand?post=4010"},{"taxonomy":"product_cat","embeddable":true,"href":"https:\/\/floresdelsur.fr\/es\/wp-json\/wp\/v2\/product_cat?post=4010"},{"taxonomy":"product_tag","embeddable":true,"href":"https:\/\/floresdelsur.fr\/es\/wp-json\/wp\/v2\/product_tag?post=4010"}],"curies":[{"name":"wp","href":"https:\/\/api.w.org\/{rel}","templated":true}]}}