{"id":4004,"date":"2025-07-18T13:09:07","date_gmt":"2025-07-18T11:09:07","guid":{"rendered":"https:\/\/floresdelsur.fr\/?post_type=product&#038;p=4004"},"modified":"2025-08-11T12:23:43","modified_gmt":"2025-08-11T10:23:43","slug":"aceite-esencial-de-mirto-rojo","status":"publish","type":"product","link":"https:\/\/floresdelsur.fr\/es\/producto\/aceite-esencial-de-mirto-rojo\/","title":{"rendered":"Aceite esencial de mirto rojo"},"content":{"rendered":"<p><strong>Rico en acetato de mirtenilo, el aceite esencial de mirto rojo es tradicionalmente reconocido por sus propiedades antiespasm\u00f3dicas (dolores de est\u00f3mago, enterocolitis espasm\u00f3dica, etc.).<\/strong><\/p>\n<ul>\n<li>Contiene ingredientes activos circulatorios conocidos por ayudar a restaurar piernas ligeras (piernas venas varicosas gruesas).<\/li>\n<li>Depurativo, tambi\u00e9n se sabe que facilita la respiraci\u00f3n (congesti\u00f3n respiratoria) como bronquitis, sinusitis, tos h\u00fameda.<\/li>\n<\/ul>\n<p><strong>Propiedades:<\/strong><\/p>\n<p>Descongestionante venoso, linf\u00e1tico y respiratorio (tonifica las paredes venosas y ayuda a mejorar la circulaci\u00f3n sangu\u00ednea y alivia la inflamaci\u00f3n del eje respiratorio).<\/p>\n<ul>\n<li>Antiespasm\u00f3dico &#8211; Antiinfeccioso &#8211; Antis\u00e9ptico<\/li>\n<li>Expectorante y mucol\u00edtico<\/li>\n<li>Limpiador \u2013 Calmante \u2013 Relajante<\/li>\n<li>Equilibrio f\u00edsico y mental<\/li>\n<li>Adapt\u00f3geno: reequilibrar el sistema nervioso.<\/li>\n<\/ul>\n<p><strong>Usos:<\/strong><\/p>\n<ul>\n<li>Aplicaci\u00f3n cut\u00e1nea: diluir 1 gota esencial de mirto rojo con 4 gotas de un aceite vegetal, luego aplique y masajee el \u00e1rea afectada.<\/li>\n<li>Para infecciones respiratorias: diluir 1 gota de aceite esencial con 4 gotas de aceite vegetal, luego aplicar en la espalda, la columna vertebral y las plantas de los pies.<\/li>\n<li>Para la tos del tabaco: aplique la misma mezcla (arriba) en el pecho y la parte superior de la atr\u00e1s, 4 veces\/d\u00eda hasta mejor\u00eda.<\/li>\n<li>Para las piernas: masajea esta mezcla en tus piernas subiendo hacia el coraz\u00f3n.<\/li>\n<\/ul>\n<p><strong>En inhalaci\u00f3n:<\/strong><\/p>\n<ul>\n<li>Inhalaci\u00f3n h\u00fameda: diluir unas gotas de aceite esencial de mirto rojo en un recipiente con agua caliente y luego inhalar los vapores.<\/li>\n<li>Inhalaci\u00f3n seca: aplicar unas gotas en un pa\u00f1uelo opa\u00f1uelo luego respirar de vez en cuando.<\/li>\n<\/ul>\n<p><strong>Precauciones:<\/strong><\/p>\n<ul>\n<li>No recomendado para mujeres embarazadas (especialmente durante los primeros 3 meses de embarazo) o lactancia.<\/li>\n<li>No recomendado para ni\u00f1os menores de 6 a\u00f1os.<\/li>\n<li>Mantener fuera del alcance de los ni\u00f1os.<\/li>\n<li>Como regla general, haga siempre una prueba de aplicaci\u00f3n de su preparaci\u00f3n en el doblar el codo antes de usarlo.<\/li>\n<\/ul>\n","protected":false},"excerpt":{"rendered":"<p><strong>Rico en acetato de mirtenilo, el aceite esencial de mirto rojo es tradicionalmente reconocido por sus propiedades antiespasm\u00f3dicas (dolores de est\u00f3mago, enterocolitis espasm\u00f3dica, etc.).<\/strong><\/p>\n<ul>\n<li>Contiene ingredientes activos circulatorios conocidos por ayudar a restaurar piernas ligeras (piernas venas varicosas gruesas).<\/li>\n<li>Depurativo, tambi\u00e9n se sabe que facilita la respiraci\u00f3n (congesti\u00f3n respiratoria) como bronquitis, sinusitis, tos h\u00fameda.<\/li>\n<\/ul>\n<p><strong>Propiedades:<\/strong><\/p>\n<p>Descongestionante venoso, linf\u00e1tico y respiratorio (tonifica las paredes venosas y ayuda a mejorar la circulaci\u00f3n sangu\u00ednea y alivia la inflamaci\u00f3n del eje respiratorio).<\/p>\n<ul>\n<li>Antiespasm\u00f3dico &#8211; Antiinfeccioso &#8211; Antis\u00e9ptico<\/li>\n<li>Expectorante y mucol\u00edtico<\/li>\n<li>Limpiador \u2013 Calmante \u2013 Relajante<\/li>\n<li>Equilibrio f\u00edsico y mental<\/li>\n<li>Adapt\u00f3geno: reequilibrar el sistema nervioso.<\/li>\n<\/ul>\n<p><strong>Usos:<\/strong><\/p>\n<ul>\n<li>Aplicaci\u00f3n cut\u00e1nea: diluir 1 gota esencial de mirto rojo con 4 gotas de un aceite vegetal, luego aplique y masajee el \u00e1rea afectada.<\/li>\n<li>Para infecciones respiratorias: diluir 1 gota de aceite esencial con 4 gotas de aceite vegetal, luego aplicar en la espalda, la columna vertebral y las plantas de los pies.<\/li>\n<li>Para la tos del tabaco: aplique la misma mezcla (arriba) en el pecho y la parte superior de la atr\u00e1s, 4 veces\/d\u00eda hasta mejor\u00eda.<\/li>\n<li>Para las piernas: masajea esta mezcla en tus piernas subiendo hacia el coraz\u00f3n.<\/li>\n<\/ul>\n<p><strong>En inhalaci\u00f3n:<\/strong><\/p>\n<ul>\n<li>Inhalaci\u00f3n h\u00fameda: diluir unas gotas de aceite esencial de mirto rojo en un recipiente con agua caliente y luego inhalar los vapores.<\/li>\n<li>Inhalaci\u00f3n seca: aplicar unas gotas en un pa\u00f1uelo opa\u00f1uelo luego respirar de vez en cuando.<\/li>\n<\/ul>\n<p><strong>Precauciones:<\/strong><\/p>\n<ul>\n<li>No recomendado para mujeres embarazadas (especialmente durante los primeros 3 meses de embarazo) o lactancia.<\/li>\n<li>No recomendado para ni\u00f1os menores de 6 a\u00f1os.<\/li>\n<li>Mantener fuera del alcance de los ni\u00f1os.<\/li>\n<li>Como regla general, haga siempre una prueba de aplicaci\u00f3n de su preparaci\u00f3n en el doblar el codo antes de usarlo.<\/li>\n<\/ul>\n","protected":false},"featured_media":4066,"comment_status":"open","ping_status":"closed","template":"","meta":{"_acf_changed":false,"inline_featured_image":false,"_joinchat":[]},"product_brand":[],"product_cat":[85],"product_tag":[],"class_list":{"0":"post-4004","1":"product","2":"type-product","3":"status-publish","4":"has-post-thumbnail","6":"product_cat-remate-final","8":"first","9":"instock","10":"shipping-taxable","11":"purchasable","12":"product-type-simple"},"acf":[],"yoast_head":"<!-- This site is optimized with the Yoast SEO Premium plugin v25.1 (Yoast SEO v25.6) - https:\/\/yoast.com\/wordpress\/plugins\/seo\/ -->\n<title>Aceite esencial de mirto rojo - Floresdelsur<\/title>\n<meta name=\"description\" content=\"aceite esencial de mirto rojo es tradicionalmente reconocido por sus propiedades antiespasm\u00f3dicas | 654 511 258 | info@floresdelsur.com | \u00a1LL\u00c1MANOS!\" \/>\n<meta name=\"robots\" content=\"index, follow, max-snippet:-1, max-image-preview:large, max-video-preview:-1\" \/>\n<link rel=\"canonical\" href=\"https:\/\/floresdelsur.fr\/es\/producto\/aceite-esencial-de-mirto-rojo\/\" \/>\n<meta property=\"og:locale\" content=\"es_ES\" \/>\n<meta property=\"og:type\" content=\"article\" \/>\n<meta property=\"og:title\" content=\"Aceite esencial de mirto rojo\" \/>\n<meta property=\"og:description\" content=\"aceite esencial de mirto rojo es tradicionalmente reconocido por sus propiedades antiespasm\u00f3dicas | 654 511 258 | info@floresdelsur.com | \u00a1LL\u00c1MANOS!\" \/>\n<meta property=\"og:url\" content=\"https:\/\/floresdelsur.fr\/es\/producto\/aceite-esencial-de-mirto-rojo\/\" \/>\n<meta property=\"og:site_name\" content=\"Floresdelsur\" \/>\n<meta property=\"article:publisher\" content=\"https:\/\/www.facebook.com\/FLORESDELSUR.FR\" \/>\n<meta property=\"article:modified_time\" content=\"2025-08-11T10:23:43+00:00\" \/>\n<meta property=\"og:image\" content=\"https:\/\/floresdelsur.fr\/wp-content\/uploads\/2025\/07\/Huile-essentielle-Myrthe-rouge-e1683887558622.png\" \/>\n\t<meta property=\"og:image:width\" content=\"800\" \/>\n\t<meta property=\"og:image:height\" content=\"1067\" \/>\n\t<meta property=\"og:image:type\" content=\"image\/png\" \/>\n<meta name=\"twitter:card\" content=\"summary_large_image\" \/>\n<meta name=\"twitter:label1\" content=\"Tiempo de lectura\" \/>\n\t<meta name=\"twitter:data1\" content=\"1 minuto\" \/>\n<script type=\"application\/ld+json\" class=\"yoast-schema-graph\">{\"@context\":\"https:\/\/schema.org\",\"@graph\":[{\"@type\":\"WebPage\",\"@id\":\"https:\/\/floresdelsur.fr\/es\/producto\/aceite-esencial-de-mirto-rojo\/\",\"url\":\"https:\/\/floresdelsur.fr\/es\/producto\/aceite-esencial-de-mirto-rojo\/\",\"name\":\"Aceite esencial de mirto rojo - Floresdelsur\",\"isPartOf\":{\"@id\":\"https:\/\/floresdelsur.fr\/es\/#website\"},\"primaryImageOfPage\":{\"@id\":\"https:\/\/floresdelsur.fr\/es\/producto\/aceite-esencial-de-mirto-rojo\/#primaryimage\"},\"image\":{\"@id\":\"https:\/\/floresdelsur.fr\/es\/producto\/aceite-esencial-de-mirto-rojo\/#primaryimage\"},\"thumbnailUrl\":\"https:\/\/floresdelsur.fr\/wp-content\/uploads\/2025\/07\/Huile-essentielle-Myrthe-rouge-e1683887558622.png\",\"datePublished\":\"2025-07-18T11:09:07+00:00\",\"dateModified\":\"2025-08-11T10:23:43+00:00\",\"description\":\"aceite esencial de mirto rojo es tradicionalmente reconocido por sus propiedades antiespasm\u00f3dicas | 654 511 258 | info@floresdelsur.com | \u00a1LL\u00c1MANOS!\",\"breadcrumb\":{\"@id\":\"https:\/\/floresdelsur.fr\/es\/producto\/aceite-esencial-de-mirto-rojo\/#breadcrumb\"},\"inLanguage\":\"es\",\"potentialAction\":[{\"@type\":\"ReadAction\",\"target\":[\"https:\/\/floresdelsur.fr\/es\/producto\/aceite-esencial-de-mirto-rojo\/\"]}]},{\"@type\":\"ImageObject\",\"inLanguage\":\"es\",\"@id\":\"https:\/\/floresdelsur.fr\/es\/producto\/aceite-esencial-de-mirto-rojo\/#primaryimage\",\"url\":\"https:\/\/floresdelsur.fr\/wp-content\/uploads\/2025\/07\/Huile-essentielle-Myrthe-rouge-e1683887558622.png\",\"contentUrl\":\"https:\/\/floresdelsur.fr\/wp-content\/uploads\/2025\/07\/Huile-essentielle-Myrthe-rouge-e1683887558622.png\",\"width\":800,\"height\":1067},{\"@type\":\"BreadcrumbList\",\"@id\":\"https:\/\/floresdelsur.fr\/es\/producto\/aceite-esencial-de-mirto-rojo\/#breadcrumb\",\"itemListElement\":[{\"@type\":\"ListItem\",\"position\":1,\"name\":\"Portada\",\"item\":\"https:\/\/floresdelsur.fr\/es\/\"},{\"@type\":\"ListItem\",\"position\":2,\"name\":\"Shop\",\"item\":\"https:\/\/floresdelsur.fr\/shop\/\"},{\"@type\":\"ListItem\",\"position\":3,\"name\":\"Aceite esencial de mirto rojo\"}]},{\"@type\":\"WebSite\",\"@id\":\"https:\/\/floresdelsur.fr\/es\/#website\",\"url\":\"https:\/\/floresdelsur.fr\/es\/\",\"name\":\"Floresdelsur\",\"description\":\"Productos de limpieza e higiene naturales y sostenibles para profesionales\",\"publisher\":{\"@id\":\"https:\/\/floresdelsur.fr\/es\/#organization\"},\"potentialAction\":[{\"@type\":\"SearchAction\",\"target\":{\"@type\":\"EntryPoint\",\"urlTemplate\":\"https:\/\/floresdelsur.fr\/es\/?s={search_term_string}\"},\"query-input\":{\"@type\":\"PropertyValueSpecification\",\"valueRequired\":true,\"valueName\":\"search_term_string\"}}],\"inLanguage\":\"es\"},{\"@type\":\"Organization\",\"@id\":\"https:\/\/floresdelsur.fr\/es\/#organization\",\"name\":\"Floresdelsur\",\"url\":\"https:\/\/floresdelsur.fr\/es\/\",\"logo\":{\"@type\":\"ImageObject\",\"inLanguage\":\"es\",\"@id\":\"https:\/\/floresdelsur.fr\/es\/#\/schema\/logo\/image\/\",\"url\":\"https:\/\/floresdelsur.fr\/wp-content\/uploads\/2025\/08\/icono-reamte-final.jpg\",\"contentUrl\":\"https:\/\/floresdelsur.fr\/wp-content\/uploads\/2025\/08\/icono-reamte-final.jpg\",\"width\":700,\"height\":700,\"caption\":\"Floresdelsur\"},\"image\":{\"@id\":\"https:\/\/floresdelsur.fr\/es\/#\/schema\/logo\/image\/\"},\"sameAs\":[\"https:\/\/www.facebook.com\/FLORESDELSUR.FR\",\"https:\/\/www.instagram.com\/floresdelsur1\/\"]}]}<\/script>\n<!-- \/ Yoast SEO Premium plugin. -->","yoast_head_json":{"title":"Aceite esencial de mirto rojo - Floresdelsur","description":"aceite esencial de mirto rojo es tradicionalmente reconocido por sus propiedades antiespasm\u00f3dicas | 654 511 258 | info@floresdelsur.com | \u00a1LL\u00c1MANOS!","robots":{"index":"index","follow":"follow","max-snippet":"max-snippet:-1","max-image-preview":"max-image-preview:large","max-video-preview":"max-video-preview:-1"},"canonical":"https:\/\/floresdelsur.fr\/es\/producto\/aceite-esencial-de-mirto-rojo\/","og_locale":"es_ES","og_type":"article","og_title":"Aceite esencial de mirto rojo","og_description":"aceite esencial de mirto rojo es tradicionalmente reconocido por sus propiedades antiespasm\u00f3dicas | 654 511 258 | info@floresdelsur.com | \u00a1LL\u00c1MANOS!","og_url":"https:\/\/floresdelsur.fr\/es\/producto\/aceite-esencial-de-mirto-rojo\/","og_site_name":"Floresdelsur","article_publisher":"https:\/\/www.facebook.com\/FLORESDELSUR.FR","article_modified_time":"2025-08-11T10:23:43+00:00","og_image":[{"width":800,"height":1067,"url":"https:\/\/floresdelsur.fr\/wp-content\/uploads\/2025\/07\/Huile-essentielle-Myrthe-rouge-e1683887558622.png","type":"image\/png"}],"twitter_card":"summary_large_image","twitter_misc":{"Tiempo de lectura":"1 minuto"},"schema":{"@context":"https:\/\/schema.org","@graph":[{"@type":"WebPage","@id":"https:\/\/floresdelsur.fr\/es\/producto\/aceite-esencial-de-mirto-rojo\/","url":"https:\/\/floresdelsur.fr\/es\/producto\/aceite-esencial-de-mirto-rojo\/","name":"Aceite esencial de mirto rojo - Floresdelsur","isPartOf":{"@id":"https:\/\/floresdelsur.fr\/es\/#website"},"primaryImageOfPage":{"@id":"https:\/\/floresdelsur.fr\/es\/producto\/aceite-esencial-de-mirto-rojo\/#primaryimage"},"image":{"@id":"https:\/\/floresdelsur.fr\/es\/producto\/aceite-esencial-de-mirto-rojo\/#primaryimage"},"thumbnailUrl":"https:\/\/floresdelsur.fr\/wp-content\/uploads\/2025\/07\/Huile-essentielle-Myrthe-rouge-e1683887558622.png","datePublished":"2025-07-18T11:09:07+00:00","dateModified":"2025-08-11T10:23:43+00:00","description":"aceite esencial de mirto rojo es tradicionalmente reconocido por sus propiedades antiespasm\u00f3dicas | 654 511 258 | info@floresdelsur.com | \u00a1LL\u00c1MANOS!","breadcrumb":{"@id":"https:\/\/floresdelsur.fr\/es\/producto\/aceite-esencial-de-mirto-rojo\/#breadcrumb"},"inLanguage":"es","potentialAction":[{"@type":"ReadAction","target":["https:\/\/floresdelsur.fr\/es\/producto\/aceite-esencial-de-mirto-rojo\/"]}]},{"@type":"ImageObject","inLanguage":"es","@id":"https:\/\/floresdelsur.fr\/es\/producto\/aceite-esencial-de-mirto-rojo\/#primaryimage","url":"https:\/\/floresdelsur.fr\/wp-content\/uploads\/2025\/07\/Huile-essentielle-Myrthe-rouge-e1683887558622.png","contentUrl":"https:\/\/floresdelsur.fr\/wp-content\/uploads\/2025\/07\/Huile-essentielle-Myrthe-rouge-e1683887558622.png","width":800,"height":1067},{"@type":"BreadcrumbList","@id":"https:\/\/floresdelsur.fr\/es\/producto\/aceite-esencial-de-mirto-rojo\/#breadcrumb","itemListElement":[{"@type":"ListItem","position":1,"name":"Portada","item":"https:\/\/floresdelsur.fr\/es\/"},{"@type":"ListItem","position":2,"name":"Shop","item":"https:\/\/floresdelsur.fr\/shop\/"},{"@type":"ListItem","position":3,"name":"Aceite esencial de mirto rojo"}]},{"@type":"WebSite","@id":"https:\/\/floresdelsur.fr\/es\/#website","url":"https:\/\/floresdelsur.fr\/es\/","name":"Floresdelsur","description":"Productos de limpieza e higiene naturales y sostenibles para profesionales","publisher":{"@id":"https:\/\/floresdelsur.fr\/es\/#organization"},"potentialAction":[{"@type":"SearchAction","target":{"@type":"EntryPoint","urlTemplate":"https:\/\/floresdelsur.fr\/es\/?s={search_term_string}"},"query-input":{"@type":"PropertyValueSpecification","valueRequired":true,"valueName":"search_term_string"}}],"inLanguage":"es"},{"@type":"Organization","@id":"https:\/\/floresdelsur.fr\/es\/#organization","name":"Floresdelsur","url":"https:\/\/floresdelsur.fr\/es\/","logo":{"@type":"ImageObject","inLanguage":"es","@id":"https:\/\/floresdelsur.fr\/es\/#\/schema\/logo\/image\/","url":"https:\/\/floresdelsur.fr\/wp-content\/uploads\/2025\/08\/icono-reamte-final.jpg","contentUrl":"https:\/\/floresdelsur.fr\/wp-content\/uploads\/2025\/08\/icono-reamte-final.jpg","width":700,"height":700,"caption":"Floresdelsur"},"image":{"@id":"https:\/\/floresdelsur.fr\/es\/#\/schema\/logo\/image\/"},"sameAs":["https:\/\/www.facebook.com\/FLORESDELSUR.FR","https:\/\/www.instagram.com\/floresdelsur1\/"]}]}},"_links":{"self":[{"href":"https:\/\/floresdelsur.fr\/es\/wp-json\/wp\/v2\/product\/4004","targetHints":{"allow":["GET"]}}],"collection":[{"href":"https:\/\/floresdelsur.fr\/es\/wp-json\/wp\/v2\/product"}],"about":[{"href":"https:\/\/floresdelsur.fr\/es\/wp-json\/wp\/v2\/types\/product"}],"replies":[{"embeddable":true,"href":"https:\/\/floresdelsur.fr\/es\/wp-json\/wp\/v2\/comments?post=4004"}],"wp:featuredmedia":[{"embeddable":true,"href":"https:\/\/floresdelsur.fr\/es\/wp-json\/wp\/v2\/media\/4066"}],"wp:attachment":[{"href":"https:\/\/floresdelsur.fr\/es\/wp-json\/wp\/v2\/media?parent=4004"}],"wp:term":[{"taxonomy":"product_brand","embeddable":true,"href":"https:\/\/floresdelsur.fr\/es\/wp-json\/wp\/v2\/product_brand?post=4004"},{"taxonomy":"product_cat","embeddable":true,"href":"https:\/\/floresdelsur.fr\/es\/wp-json\/wp\/v2\/product_cat?post=4004"},{"taxonomy":"product_tag","embeddable":true,"href":"https:\/\/floresdelsur.fr\/es\/wp-json\/wp\/v2\/product_tag?post=4004"}],"curies":[{"name":"wp","href":"https:\/\/api.w.org\/{rel}","templated":true}]}}