{"id":4003,"date":"2025-07-18T13:09:07","date_gmt":"2025-07-18T11:09:07","guid":{"rendered":"https:\/\/floresdelsur.fr\/?post_type=product&#038;p=4003"},"modified":"2025-08-11T12:19:30","modified_gmt":"2025-08-11T10:19:30","slug":"aceite-esencial-de-menta","status":"publish","type":"product","link":"https:\/\/floresdelsur.fr\/es\/producto\/aceite-esencial-de-menta\/","title":{"rendered":"Aceite esencial de menta"},"content":{"rendered":"<p><strong>El aceite esencial de menta estimula y vigoriza el cuerpo y la mente.<\/strong><\/p>\n<ul>\n<li>Gracias a su olor fresco y agradable, se sabe que ayuda a combatir las n\u00e1useas, cinetosis, dolores de cabeza, reumatismo, rinitis, sinusitis&#8230; as\u00ed como para el mal aliento.<\/li>\n<li>Refrescante, tambi\u00e9n se utiliza para aliviar el picor y estimular la circulaci\u00f3n sangre.<\/li>\n<li>Tambi\u00e9n combate la ca\u00edda del cabello y reduce el riesgo de alopecia.<\/li>\n<\/ul>\n<p><strong>Propiedades:<\/strong><\/p>\n<ul>\n<li>T\u00f3nico y estimulante digestivo, pancre\u00e1tico y nervioso<\/li>\n<li>Anest\u00e9sico \u2013 Analg\u00e9sico<\/li>\n<li>Refrescante<\/li>\n<li>Anticatarral, expectorante, mucol\u00edtico<\/li>\n<li>Descongestivo nasal<\/li>\n<li>Promueve la funci\u00f3n del h\u00edgado y la pr\u00f3stata.<\/li>\n<li>Acci\u00f3n bactericida y f\u00fangica<\/li>\n<li>Antiinflamatorio intestinal y urinario<\/li>\n<li>T\u00f3nico y estimulante<\/li>\n<\/ul>\n<p><strong>Usos:<\/strong><\/p>\n<ul>\n<li>El aceite esencial de menta es potente, contiene un alto contenido de mentol y en mentona, por lo que no debe usarse a la ligera.Es irritante para la piel, por lo que es fundamental diluirlo en un aceite vegetal cuando se lo aplicas en tu piel.<\/li>\n<\/ul>\n<p><strong>Por v\u00eda cut\u00e1nea:<\/strong> Utilizar a raz\u00f3n de 1 \u00f3 2 gotas como m\u00e1ximo sobre la piel, esto El aceite esencial proporciona un efecto fr\u00edo. L\u00e1vese las manos inmediatamente despu\u00e9s de su uso para no correr el riesgo de que te entre en los ojos.<\/p>\n<p><strong>Para el cabello:<\/strong> Para luchar contra la ca\u00edda del cabello y por lo tanto reducir la alopecia.<\/p>\n<p><strong>Preparaci\u00f3n:<\/strong><\/p>\n<ul>\n<li>En una botella de 50 ml, mezcle 45 gotas de aceite esencial de Ylang Ylang, 15 gotas de aceite esencial de menta y 4 cucharadas de aceite de arg\u00e1n.<\/li>\n<li>Aplica este tratamiento desde las puntas del cabello hasta la ra\u00edz.<\/li>\n<li>Dejar actuar el tratamiento durante 30 minutos -Enjuagar y champ\u00fa.<\/li>\n<\/ul>\n<p><strong>Para usar como champ\u00fa:<\/strong><\/p>\n<ul>\n<li>En un bote de 50 ml, poner unos cent\u00edmetros de champ\u00fa, a\u00f1adir 5 gotas de aceite esencial de Ylang Ylang con 5 gotas de Menta y completa el resto del botella con su champ\u00fa.<\/li>\n<li>Masajea tu cuero cabelludo con este tratamiento, deja actuar de 2 a 3 minutos y enjuaga.<\/li>\n<\/ul>\n<p><strong>Precauciones:<\/strong><\/p>\n<p>En ning\u00fan caso puede ser utilizado por mujeres embarazadas o lactantes, ni\u00f1os menores de 6 a\u00f1os y personas con epilepsia.<\/p>\n","protected":false},"excerpt":{"rendered":"<p><strong>El aceite esencial de menta estimula y vigoriza el cuerpo y la mente.<\/strong><\/p>\n<ul>\n<li>Gracias a su olor fresco y agradable, se sabe que ayuda a combatir las n\u00e1useas, cinetosis, dolores de cabeza, reumatismo, rinitis, sinusitis&#8230; as\u00ed como para el mal aliento.<\/li>\n<li>Refrescante, tambi\u00e9n se utiliza para aliviar el picor y estimular la circulaci\u00f3n sangre.<\/li>\n<li>Tambi\u00e9n combate la ca\u00edda del cabello y reduce el riesgo de alopecia.<\/li>\n<\/ul>\n<p><strong>Propiedades:<\/strong><\/p>\n<ul>\n<li>T\u00f3nico y estimulante digestivo, pancre\u00e1tico y nervioso<\/li>\n<li>Anest\u00e9sico \u2013 Analg\u00e9sico<\/li>\n<li>Refrescante<\/li>\n<li>Anticatarral, expectorante, mucol\u00edtico<\/li>\n<li>Descongestivo nasal<\/li>\n<li>Promueve la funci\u00f3n del h\u00edgado y la pr\u00f3stata.<\/li>\n<li>Acci\u00f3n bactericida y f\u00fangica<\/li>\n<li>Antiinflamatorio intestinal y urinario<\/li>\n<li>T\u00f3nico y estimulante<\/li>\n<\/ul>\n<p><strong>Usos:<\/strong><\/p>\n<ul>\n<li>El aceite esencial de menta es potente, contiene un alto contenido de mentol y en mentona, por lo que no debe usarse a la ligera.Es irritante para la piel, por lo que es fundamental diluirlo en un aceite vegetal cuando se lo aplicas en tu piel.<\/li>\n<\/ul>\n<p><strong>Por v\u00eda cut\u00e1nea:<\/strong> Utilizar a raz\u00f3n de 1 \u00f3 2 gotas como m\u00e1ximo sobre la piel, esto El aceite esencial proporciona un efecto fr\u00edo. L\u00e1vese las manos inmediatamente despu\u00e9s de su uso para no correr el riesgo de que te entre en los ojos.<\/p>\n<p><strong>Para el cabello:<\/strong> Para luchar contra la ca\u00edda del cabello y por lo tanto reducir la alopecia.<\/p>\n<p><strong>Preparaci\u00f3n:<\/strong><\/p>\n<ul>\n<li>En una botella de 50 ml, mezcle 45 gotas de aceite esencial de Ylang Ylang, 15 gotas de aceite esencial de menta y 4 cucharadas de aceite de arg\u00e1n.<\/li>\n<li>Aplica este tratamiento desde las puntas del cabello hasta la ra\u00edz.<\/li>\n<li>Dejar actuar el tratamiento durante 30 minutos -Enjuagar y champ\u00fa.<\/li>\n<\/ul>\n<p><strong>Para usar como champ\u00fa:<\/strong><\/p>\n<ul>\n<li>En un bote de 50 ml, poner unos cent\u00edmetros de champ\u00fa, a\u00f1adir 5 gotas de aceite esencial de Ylang Ylang con 5 gotas de Menta y completa el resto del botella con su champ\u00fa.<\/li>\n<li>Masajea tu cuero cabelludo con este tratamiento, deja actuar de 2 a 3 minutos y enjuaga.<\/li>\n<\/ul>\n<p><strong>Precauciones:<\/strong><\/p>\n<p>En ning\u00fan caso puede ser utilizado por mujeres embarazadas o lactantes, ni\u00f1os menores de 6 a\u00f1os y personas con epilepsia.<\/p>\n","protected":false},"featured_media":4063,"comment_status":"open","ping_status":"closed","template":"","meta":{"_acf_changed":false,"inline_featured_image":false,"_joinchat":[]},"product_brand":[],"product_cat":[85],"product_tag":[],"class_list":{"0":"post-4003","1":"product","2":"type-product","3":"status-publish","4":"has-post-thumbnail","6":"product_cat-remate-final","8":"first","9":"instock","10":"shipping-taxable","11":"purchasable","12":"product-type-simple"},"acf":[],"yoast_head":"<!-- This site is optimized with the Yoast SEO Premium plugin v25.1 (Yoast SEO v25.6) - https:\/\/yoast.com\/wordpress\/plugins\/seo\/ -->\n<title>Aceite esencial de menta - Floresdelsur<\/title>\n<meta name=\"description\" content=\"El aceite esencial de menta estimula y vigoriza el cuerpo y la mente | 654 511 258 | info@floresdelsur.com | \u00a1LL\u00c1MANOS! | Floresdelsur\" \/>\n<meta name=\"robots\" content=\"index, follow, max-snippet:-1, max-image-preview:large, max-video-preview:-1\" \/>\n<link rel=\"canonical\" href=\"https:\/\/floresdelsur.fr\/es\/producto\/aceite-esencial-de-menta\/\" \/>\n<meta property=\"og:locale\" content=\"es_ES\" \/>\n<meta property=\"og:type\" content=\"article\" \/>\n<meta property=\"og:title\" content=\"Aceite esencial de menta\" \/>\n<meta property=\"og:description\" content=\"El aceite esencial de menta estimula y vigoriza el cuerpo y la mente | 654 511 258 | info@floresdelsur.com | \u00a1LL\u00c1MANOS! | Floresdelsur\" \/>\n<meta property=\"og:url\" content=\"https:\/\/floresdelsur.fr\/es\/producto\/aceite-esencial-de-menta\/\" \/>\n<meta property=\"og:site_name\" content=\"Floresdelsur\" \/>\n<meta property=\"article:publisher\" content=\"https:\/\/www.facebook.com\/FLORESDELSUR.FR\" \/>\n<meta property=\"article:modified_time\" content=\"2025-08-11T10:19:30+00:00\" \/>\n<meta property=\"og:image\" content=\"https:\/\/floresdelsur.fr\/wp-content\/uploads\/2025\/07\/Huile-essentielle-Menthe-poivree-e1683887578591.png\" \/>\n\t<meta property=\"og:image:width\" content=\"800\" \/>\n\t<meta property=\"og:image:height\" content=\"1067\" \/>\n\t<meta property=\"og:image:type\" content=\"image\/png\" \/>\n<meta name=\"twitter:card\" content=\"summary_large_image\" \/>\n<meta name=\"twitter:label1\" content=\"Tiempo de lectura\" \/>\n\t<meta name=\"twitter:data1\" content=\"1 minuto\" \/>\n<script type=\"application\/ld+json\" class=\"yoast-schema-graph\">{\"@context\":\"https:\/\/schema.org\",\"@graph\":[{\"@type\":\"WebPage\",\"@id\":\"https:\/\/floresdelsur.fr\/es\/producto\/aceite-esencial-de-menta\/\",\"url\":\"https:\/\/floresdelsur.fr\/es\/producto\/aceite-esencial-de-menta\/\",\"name\":\"Aceite esencial de menta - Floresdelsur\",\"isPartOf\":{\"@id\":\"https:\/\/floresdelsur.fr\/es\/#website\"},\"primaryImageOfPage\":{\"@id\":\"https:\/\/floresdelsur.fr\/es\/producto\/aceite-esencial-de-menta\/#primaryimage\"},\"image\":{\"@id\":\"https:\/\/floresdelsur.fr\/es\/producto\/aceite-esencial-de-menta\/#primaryimage\"},\"thumbnailUrl\":\"https:\/\/floresdelsur.fr\/wp-content\/uploads\/2025\/07\/Huile-essentielle-Menthe-poivree-e1683887578591.png\",\"datePublished\":\"2025-07-18T11:09:07+00:00\",\"dateModified\":\"2025-08-11T10:19:30+00:00\",\"description\":\"El aceite esencial de menta estimula y vigoriza el cuerpo y la mente | 654 511 258 | info@floresdelsur.com | \u00a1LL\u00c1MANOS! | Floresdelsur\",\"breadcrumb\":{\"@id\":\"https:\/\/floresdelsur.fr\/es\/producto\/aceite-esencial-de-menta\/#breadcrumb\"},\"inLanguage\":\"es\",\"potentialAction\":[{\"@type\":\"ReadAction\",\"target\":[\"https:\/\/floresdelsur.fr\/es\/producto\/aceite-esencial-de-menta\/\"]}]},{\"@type\":\"ImageObject\",\"inLanguage\":\"es\",\"@id\":\"https:\/\/floresdelsur.fr\/es\/producto\/aceite-esencial-de-menta\/#primaryimage\",\"url\":\"https:\/\/floresdelsur.fr\/wp-content\/uploads\/2025\/07\/Huile-essentielle-Menthe-poivree-e1683887578591.png\",\"contentUrl\":\"https:\/\/floresdelsur.fr\/wp-content\/uploads\/2025\/07\/Huile-essentielle-Menthe-poivree-e1683887578591.png\",\"width\":800,\"height\":1067},{\"@type\":\"BreadcrumbList\",\"@id\":\"https:\/\/floresdelsur.fr\/es\/producto\/aceite-esencial-de-menta\/#breadcrumb\",\"itemListElement\":[{\"@type\":\"ListItem\",\"position\":1,\"name\":\"Portada\",\"item\":\"https:\/\/floresdelsur.fr\/es\/\"},{\"@type\":\"ListItem\",\"position\":2,\"name\":\"Shop\",\"item\":\"https:\/\/floresdelsur.fr\/shop\/\"},{\"@type\":\"ListItem\",\"position\":3,\"name\":\"Aceite esencial de menta\"}]},{\"@type\":\"WebSite\",\"@id\":\"https:\/\/floresdelsur.fr\/es\/#website\",\"url\":\"https:\/\/floresdelsur.fr\/es\/\",\"name\":\"Floresdelsur\",\"description\":\"Productos de limpieza e higiene naturales y sostenibles para profesionales\",\"publisher\":{\"@id\":\"https:\/\/floresdelsur.fr\/es\/#organization\"},\"potentialAction\":[{\"@type\":\"SearchAction\",\"target\":{\"@type\":\"EntryPoint\",\"urlTemplate\":\"https:\/\/floresdelsur.fr\/es\/?s={search_term_string}\"},\"query-input\":{\"@type\":\"PropertyValueSpecification\",\"valueRequired\":true,\"valueName\":\"search_term_string\"}}],\"inLanguage\":\"es\"},{\"@type\":\"Organization\",\"@id\":\"https:\/\/floresdelsur.fr\/es\/#organization\",\"name\":\"Floresdelsur\",\"url\":\"https:\/\/floresdelsur.fr\/es\/\",\"logo\":{\"@type\":\"ImageObject\",\"inLanguage\":\"es\",\"@id\":\"https:\/\/floresdelsur.fr\/es\/#\/schema\/logo\/image\/\",\"url\":\"https:\/\/floresdelsur.fr\/wp-content\/uploads\/2025\/08\/icono-reamte-final.jpg\",\"contentUrl\":\"https:\/\/floresdelsur.fr\/wp-content\/uploads\/2025\/08\/icono-reamte-final.jpg\",\"width\":700,\"height\":700,\"caption\":\"Floresdelsur\"},\"image\":{\"@id\":\"https:\/\/floresdelsur.fr\/es\/#\/schema\/logo\/image\/\"},\"sameAs\":[\"https:\/\/www.facebook.com\/FLORESDELSUR.FR\",\"https:\/\/www.instagram.com\/floresdelsur1\/\"]}]}<\/script>\n<!-- \/ Yoast SEO Premium plugin. -->","yoast_head_json":{"title":"Aceite esencial de menta - Floresdelsur","description":"El aceite esencial de menta estimula y vigoriza el cuerpo y la mente | 654 511 258 | info@floresdelsur.com | \u00a1LL\u00c1MANOS! | Floresdelsur","robots":{"index":"index","follow":"follow","max-snippet":"max-snippet:-1","max-image-preview":"max-image-preview:large","max-video-preview":"max-video-preview:-1"},"canonical":"https:\/\/floresdelsur.fr\/es\/producto\/aceite-esencial-de-menta\/","og_locale":"es_ES","og_type":"article","og_title":"Aceite esencial de menta","og_description":"El aceite esencial de menta estimula y vigoriza el cuerpo y la mente | 654 511 258 | info@floresdelsur.com | \u00a1LL\u00c1MANOS! | Floresdelsur","og_url":"https:\/\/floresdelsur.fr\/es\/producto\/aceite-esencial-de-menta\/","og_site_name":"Floresdelsur","article_publisher":"https:\/\/www.facebook.com\/FLORESDELSUR.FR","article_modified_time":"2025-08-11T10:19:30+00:00","og_image":[{"width":800,"height":1067,"url":"https:\/\/floresdelsur.fr\/wp-content\/uploads\/2025\/07\/Huile-essentielle-Menthe-poivree-e1683887578591.png","type":"image\/png"}],"twitter_card":"summary_large_image","twitter_misc":{"Tiempo de lectura":"1 minuto"},"schema":{"@context":"https:\/\/schema.org","@graph":[{"@type":"WebPage","@id":"https:\/\/floresdelsur.fr\/es\/producto\/aceite-esencial-de-menta\/","url":"https:\/\/floresdelsur.fr\/es\/producto\/aceite-esencial-de-menta\/","name":"Aceite esencial de menta - Floresdelsur","isPartOf":{"@id":"https:\/\/floresdelsur.fr\/es\/#website"},"primaryImageOfPage":{"@id":"https:\/\/floresdelsur.fr\/es\/producto\/aceite-esencial-de-menta\/#primaryimage"},"image":{"@id":"https:\/\/floresdelsur.fr\/es\/producto\/aceite-esencial-de-menta\/#primaryimage"},"thumbnailUrl":"https:\/\/floresdelsur.fr\/wp-content\/uploads\/2025\/07\/Huile-essentielle-Menthe-poivree-e1683887578591.png","datePublished":"2025-07-18T11:09:07+00:00","dateModified":"2025-08-11T10:19:30+00:00","description":"El aceite esencial de menta estimula y vigoriza el cuerpo y la mente | 654 511 258 | info@floresdelsur.com | \u00a1LL\u00c1MANOS! | Floresdelsur","breadcrumb":{"@id":"https:\/\/floresdelsur.fr\/es\/producto\/aceite-esencial-de-menta\/#breadcrumb"},"inLanguage":"es","potentialAction":[{"@type":"ReadAction","target":["https:\/\/floresdelsur.fr\/es\/producto\/aceite-esencial-de-menta\/"]}]},{"@type":"ImageObject","inLanguage":"es","@id":"https:\/\/floresdelsur.fr\/es\/producto\/aceite-esencial-de-menta\/#primaryimage","url":"https:\/\/floresdelsur.fr\/wp-content\/uploads\/2025\/07\/Huile-essentielle-Menthe-poivree-e1683887578591.png","contentUrl":"https:\/\/floresdelsur.fr\/wp-content\/uploads\/2025\/07\/Huile-essentielle-Menthe-poivree-e1683887578591.png","width":800,"height":1067},{"@type":"BreadcrumbList","@id":"https:\/\/floresdelsur.fr\/es\/producto\/aceite-esencial-de-menta\/#breadcrumb","itemListElement":[{"@type":"ListItem","position":1,"name":"Portada","item":"https:\/\/floresdelsur.fr\/es\/"},{"@type":"ListItem","position":2,"name":"Shop","item":"https:\/\/floresdelsur.fr\/shop\/"},{"@type":"ListItem","position":3,"name":"Aceite esencial de menta"}]},{"@type":"WebSite","@id":"https:\/\/floresdelsur.fr\/es\/#website","url":"https:\/\/floresdelsur.fr\/es\/","name":"Floresdelsur","description":"Productos de limpieza e higiene naturales y sostenibles para profesionales","publisher":{"@id":"https:\/\/floresdelsur.fr\/es\/#organization"},"potentialAction":[{"@type":"SearchAction","target":{"@type":"EntryPoint","urlTemplate":"https:\/\/floresdelsur.fr\/es\/?s={search_term_string}"},"query-input":{"@type":"PropertyValueSpecification","valueRequired":true,"valueName":"search_term_string"}}],"inLanguage":"es"},{"@type":"Organization","@id":"https:\/\/floresdelsur.fr\/es\/#organization","name":"Floresdelsur","url":"https:\/\/floresdelsur.fr\/es\/","logo":{"@type":"ImageObject","inLanguage":"es","@id":"https:\/\/floresdelsur.fr\/es\/#\/schema\/logo\/image\/","url":"https:\/\/floresdelsur.fr\/wp-content\/uploads\/2025\/08\/icono-reamte-final.jpg","contentUrl":"https:\/\/floresdelsur.fr\/wp-content\/uploads\/2025\/08\/icono-reamte-final.jpg","width":700,"height":700,"caption":"Floresdelsur"},"image":{"@id":"https:\/\/floresdelsur.fr\/es\/#\/schema\/logo\/image\/"},"sameAs":["https:\/\/www.facebook.com\/FLORESDELSUR.FR","https:\/\/www.instagram.com\/floresdelsur1\/"]}]}},"_links":{"self":[{"href":"https:\/\/floresdelsur.fr\/es\/wp-json\/wp\/v2\/product\/4003","targetHints":{"allow":["GET"]}}],"collection":[{"href":"https:\/\/floresdelsur.fr\/es\/wp-json\/wp\/v2\/product"}],"about":[{"href":"https:\/\/floresdelsur.fr\/es\/wp-json\/wp\/v2\/types\/product"}],"replies":[{"embeddable":true,"href":"https:\/\/floresdelsur.fr\/es\/wp-json\/wp\/v2\/comments?post=4003"}],"wp:featuredmedia":[{"embeddable":true,"href":"https:\/\/floresdelsur.fr\/es\/wp-json\/wp\/v2\/media\/4063"}],"wp:attachment":[{"href":"https:\/\/floresdelsur.fr\/es\/wp-json\/wp\/v2\/media?parent=4003"}],"wp:term":[{"taxonomy":"product_brand","embeddable":true,"href":"https:\/\/floresdelsur.fr\/es\/wp-json\/wp\/v2\/product_brand?post=4003"},{"taxonomy":"product_cat","embeddable":true,"href":"https:\/\/floresdelsur.fr\/es\/wp-json\/wp\/v2\/product_cat?post=4003"},{"taxonomy":"product_tag","embeddable":true,"href":"https:\/\/floresdelsur.fr\/es\/wp-json\/wp\/v2\/product_tag?post=4003"}],"curies":[{"name":"wp","href":"https:\/\/api.w.org\/{rel}","templated":true}]}}