{"id":4002,"date":"2025-07-18T13:09:07","date_gmt":"2025-07-18T11:09:07","guid":{"rendered":"https:\/\/floresdelsur.fr\/?post_type=product&#038;p=4002"},"modified":"2025-08-11T10:54:51","modified_gmt":"2025-08-11T08:54:51","slug":"aceite-esencial-de-jazmin","status":"publish","type":"product","link":"https:\/\/floresdelsur.fr\/es\/producto\/aceite-esencial-de-jazmin\/","title":{"rendered":"Aceite esencial de jazm\u00edn"},"content":{"rendered":"<p><strong>El aceite esencial de jazm\u00edn tiene m\u00faltiples propiedades reconocidas por sus beneficios sobre el sistema respiratorio, como expectorante, contra la congesti\u00f3n bronquial, tos y la ronquera<\/strong><\/p>\n<ul>\n<li>Act\u00faa contra los trastornos del sue\u00f1o o la baja moral.<\/li>\n<li>Tambi\u00e9n ayuda a luchar contra las irritaciones de la piel, la sequedad, los cortes, dermatosis.<\/li>\n<li>Es cicatrizante y tratar\u00e1 la piel seca o irritada.<\/li>\n<li>Tambi\u00e9n es un t\u00f3nico uterino que favorecer\u00e1 la aparici\u00f3n de la menstruaci\u00f3n.<\/li>\n<\/ul>\n<p><strong>Propiedades:<\/strong><\/p>\n<ul>\n<li>Purificante y tonificante<\/li>\n<li>Desinfectante<\/li>\n<li>Antimicrobiano<\/li>\n<li>Antiinfeccioso<\/li>\n<li>Calmante &#8211; Relajante<\/li>\n<li>Anti-inflamatoria<\/li>\n<li>Euf\u00f3rico<\/li>\n<li>Regenerador de piel<\/li>\n<\/ul>\n<p><strong>Usos:<\/strong><\/p>\n<ul>\n<li>Cuidado corporal y facial: en un bote de 50 ml, mezclar unas gotas de aceite<\/li>\n<li>Aceite esencial de jazm\u00edn con aceite de arg\u00e1n (o aceite vegetal) luego aplique esta mezcla a su cuerpo o cara para hidratar tu piel mientras disfrutas de un aroma cautivador.<\/li>\n<\/ul>\n<p><strong>Relajaci\u00f3n:<\/strong><\/p>\n<ul>\n<li>Verter de 1 a 2 gotas de este aceite esencial en un inhalador de bolsillo o en un pa\u00f1uelo y respira.<\/li>\n<li>Difundido en el aire, te relajar\u00e1 y perfumar\u00e1 agradablemente tu habitaci\u00f3n.<\/li>\n<\/ul>\n<p><strong>Precauciones:<\/strong><\/p>\n<ul>\n<li>No usar en mujeres embarazadas o lactantes ni en ni\u00f1os menores de 7 a\u00f1os de edad.<\/li>\n<li>No aplicar sobre piel lesionada y mucosas.<\/li>\n<li>Evite el contacto con los ojos<\/li>\n<\/ul>\n","protected":false},"excerpt":{"rendered":"<p><strong>El aceite esencial de jazm\u00edn tiene m\u00faltiples propiedades reconocidas por sus beneficios sobre el sistema respiratorio, como expectorante, contra la congesti\u00f3n bronquial, tos y la ronquera<\/strong><\/p>\n<ul>\n<li>Act\u00faa contra los trastornos del sue\u00f1o o la baja moral.<\/li>\n<li>Tambi\u00e9n ayuda a luchar contra las irritaciones de la piel, la sequedad, los cortes, dermatosis.<\/li>\n<li>Es cicatrizante y tratar\u00e1 la piel seca o irritada.<\/li>\n<li>Tambi\u00e9n es un t\u00f3nico uterino que favorecer\u00e1 la aparici\u00f3n de la menstruaci\u00f3n.<\/li>\n<\/ul>\n<p><strong>Propiedades:<\/strong><\/p>\n<ul>\n<li>Purificante y tonificante<\/li>\n<li>Desinfectante<\/li>\n<li>Antimicrobiano<\/li>\n<li>Antiinfeccioso<\/li>\n<li>Calmante &#8211; Relajante<\/li>\n<li>Anti-inflamatoria<\/li>\n<li>Euf\u00f3rico<\/li>\n<li>Regenerador de piel<\/li>\n<\/ul>\n<p><strong>Usos:<\/strong><\/p>\n<ul>\n<li>Cuidado corporal y facial: en un bote de 50 ml, mezclar unas gotas de aceite<\/li>\n<li>Aceite esencial de jazm\u00edn con aceite de arg\u00e1n (o aceite vegetal) luego aplique esta mezcla a su cuerpo o cara para hidratar tu piel mientras disfrutas de un aroma cautivador.<\/li>\n<\/ul>\n<p><strong>Relajaci\u00f3n:<\/strong><\/p>\n<ul>\n<li>Verter de 1 a 2 gotas de este aceite esencial en un inhalador de bolsillo o en un pa\u00f1uelo y respira.<\/li>\n<li>Difundido en el aire, te relajar\u00e1 y perfumar\u00e1 agradablemente tu habitaci\u00f3n.<\/li>\n<\/ul>\n<p><strong>Precauciones:<\/strong><\/p>\n<ul>\n<li>No usar en mujeres embarazadas o lactantes ni en ni\u00f1os menores de 7 a\u00f1os de edad.<\/li>\n<li>No aplicar sobre piel lesionada y mucosas.<\/li>\n<li>Evite el contacto con los ojos<\/li>\n<\/ul>\n","protected":false},"featured_media":4056,"comment_status":"open","ping_status":"closed","template":"","meta":{"_acf_changed":false,"inline_featured_image":false,"_joinchat":[]},"product_brand":[],"product_cat":[85],"product_tag":[],"class_list":{"0":"post-4002","1":"product","2":"type-product","3":"status-publish","4":"has-post-thumbnail","6":"product_cat-remate-final","8":"first","9":"instock","10":"shipping-taxable","11":"purchasable","12":"product-type-simple"},"acf":[],"yoast_head":"<!-- This site is optimized with the Yoast SEO Premium plugin v25.1 (Yoast SEO v25.6) - https:\/\/yoast.com\/wordpress\/plugins\/seo\/ -->\n<title>Aceite esencial de jazm\u00edn - Floresdelsur<\/title>\n<meta name=\"description\" content=\"Beneficios sobre el sistema respiratorio, expectorante, contra la congesti\u00f3n bronquial, tos y ronquera | 654 511 258 | info@floresdelsur.com | \u00a1LL\u00c1MANOS!\" \/>\n<meta name=\"robots\" content=\"index, follow, max-snippet:-1, max-image-preview:large, max-video-preview:-1\" \/>\n<link rel=\"canonical\" href=\"https:\/\/floresdelsur.fr\/es\/producto\/aceite-esencial-de-jazmin\/\" \/>\n<meta property=\"og:locale\" content=\"es_ES\" \/>\n<meta property=\"og:type\" content=\"article\" \/>\n<meta property=\"og:title\" content=\"Aceite esencial de jazm\u00edn\" \/>\n<meta property=\"og:description\" content=\"Beneficios sobre el sistema respiratorio, expectorante, contra la congesti\u00f3n bronquial, tos y ronquera | 654 511 258 | info@floresdelsur.com | \u00a1LL\u00c1MANOS!\" \/>\n<meta property=\"og:url\" content=\"https:\/\/floresdelsur.fr\/es\/producto\/aceite-esencial-de-jazmin\/\" \/>\n<meta property=\"og:site_name\" content=\"Floresdelsur\" \/>\n<meta property=\"article:publisher\" content=\"https:\/\/www.facebook.com\/FLORESDELSUR.FR\" \/>\n<meta property=\"article:modified_time\" content=\"2025-08-11T08:54:51+00:00\" \/>\n<meta property=\"og:image\" content=\"https:\/\/floresdelsur.fr\/wp-content\/uploads\/2025\/07\/Aceite-esencial-de-jazmin-1.png\" \/>\n\t<meta property=\"og:image:width\" content=\"800\" \/>\n\t<meta property=\"og:image:height\" content=\"1067\" \/>\n\t<meta property=\"og:image:type\" content=\"image\/png\" \/>\n<meta name=\"twitter:card\" content=\"summary_large_image\" \/>\n<meta name=\"twitter:label1\" content=\"Tiempo de lectura\" \/>\n\t<meta name=\"twitter:data1\" content=\"1 minuto\" \/>\n<script type=\"application\/ld+json\" class=\"yoast-schema-graph\">{\"@context\":\"https:\/\/schema.org\",\"@graph\":[{\"@type\":\"WebPage\",\"@id\":\"https:\/\/floresdelsur.fr\/es\/producto\/aceite-esencial-de-jazmin\/\",\"url\":\"https:\/\/floresdelsur.fr\/es\/producto\/aceite-esencial-de-jazmin\/\",\"name\":\"Aceite esencial de jazm\u00edn - Floresdelsur\",\"isPartOf\":{\"@id\":\"https:\/\/floresdelsur.fr\/es\/#website\"},\"primaryImageOfPage\":{\"@id\":\"https:\/\/floresdelsur.fr\/es\/producto\/aceite-esencial-de-jazmin\/#primaryimage\"},\"image\":{\"@id\":\"https:\/\/floresdelsur.fr\/es\/producto\/aceite-esencial-de-jazmin\/#primaryimage\"},\"thumbnailUrl\":\"https:\/\/floresdelsur.fr\/wp-content\/uploads\/2025\/07\/Aceite-esencial-de-jazmin-1.png\",\"datePublished\":\"2025-07-18T11:09:07+00:00\",\"dateModified\":\"2025-08-11T08:54:51+00:00\",\"description\":\"Beneficios sobre el sistema respiratorio, expectorante, contra la congesti\u00f3n bronquial, tos y ronquera | 654 511 258 | info@floresdelsur.com | \u00a1LL\u00c1MANOS!\",\"breadcrumb\":{\"@id\":\"https:\/\/floresdelsur.fr\/es\/producto\/aceite-esencial-de-jazmin\/#breadcrumb\"},\"inLanguage\":\"es\",\"potentialAction\":[{\"@type\":\"ReadAction\",\"target\":[\"https:\/\/floresdelsur.fr\/es\/producto\/aceite-esencial-de-jazmin\/\"]}]},{\"@type\":\"ImageObject\",\"inLanguage\":\"es\",\"@id\":\"https:\/\/floresdelsur.fr\/es\/producto\/aceite-esencial-de-jazmin\/#primaryimage\",\"url\":\"https:\/\/floresdelsur.fr\/wp-content\/uploads\/2025\/07\/Aceite-esencial-de-jazmin-1.png\",\"contentUrl\":\"https:\/\/floresdelsur.fr\/wp-content\/uploads\/2025\/07\/Aceite-esencial-de-jazmin-1.png\",\"width\":800,\"height\":1067},{\"@type\":\"BreadcrumbList\",\"@id\":\"https:\/\/floresdelsur.fr\/es\/producto\/aceite-esencial-de-jazmin\/#breadcrumb\",\"itemListElement\":[{\"@type\":\"ListItem\",\"position\":1,\"name\":\"Portada\",\"item\":\"https:\/\/floresdelsur.fr\/es\/\"},{\"@type\":\"ListItem\",\"position\":2,\"name\":\"Shop\",\"item\":\"https:\/\/floresdelsur.fr\/shop\/\"},{\"@type\":\"ListItem\",\"position\":3,\"name\":\"Aceite esencial de jazm\u00edn\"}]},{\"@type\":\"WebSite\",\"@id\":\"https:\/\/floresdelsur.fr\/es\/#website\",\"url\":\"https:\/\/floresdelsur.fr\/es\/\",\"name\":\"Floresdelsur\",\"description\":\"Productos de limpieza e higiene naturales y sostenibles para profesionales\",\"publisher\":{\"@id\":\"https:\/\/floresdelsur.fr\/es\/#organization\"},\"potentialAction\":[{\"@type\":\"SearchAction\",\"target\":{\"@type\":\"EntryPoint\",\"urlTemplate\":\"https:\/\/floresdelsur.fr\/es\/?s={search_term_string}\"},\"query-input\":{\"@type\":\"PropertyValueSpecification\",\"valueRequired\":true,\"valueName\":\"search_term_string\"}}],\"inLanguage\":\"es\"},{\"@type\":\"Organization\",\"@id\":\"https:\/\/floresdelsur.fr\/es\/#organization\",\"name\":\"Floresdelsur\",\"url\":\"https:\/\/floresdelsur.fr\/es\/\",\"logo\":{\"@type\":\"ImageObject\",\"inLanguage\":\"es\",\"@id\":\"https:\/\/floresdelsur.fr\/es\/#\/schema\/logo\/image\/\",\"url\":\"https:\/\/floresdelsur.fr\/wp-content\/uploads\/2025\/08\/icono-reamte-final.jpg\",\"contentUrl\":\"https:\/\/floresdelsur.fr\/wp-content\/uploads\/2025\/08\/icono-reamte-final.jpg\",\"width\":700,\"height\":700,\"caption\":\"Floresdelsur\"},\"image\":{\"@id\":\"https:\/\/floresdelsur.fr\/es\/#\/schema\/logo\/image\/\"},\"sameAs\":[\"https:\/\/www.facebook.com\/FLORESDELSUR.FR\",\"https:\/\/www.instagram.com\/floresdelsur1\/\"]}]}<\/script>\n<!-- \/ Yoast SEO Premium plugin. -->","yoast_head_json":{"title":"Aceite esencial de jazm\u00edn - Floresdelsur","description":"Beneficios sobre el sistema respiratorio, expectorante, contra la congesti\u00f3n bronquial, tos y ronquera | 654 511 258 | info@floresdelsur.com | \u00a1LL\u00c1MANOS!","robots":{"index":"index","follow":"follow","max-snippet":"max-snippet:-1","max-image-preview":"max-image-preview:large","max-video-preview":"max-video-preview:-1"},"canonical":"https:\/\/floresdelsur.fr\/es\/producto\/aceite-esencial-de-jazmin\/","og_locale":"es_ES","og_type":"article","og_title":"Aceite esencial de jazm\u00edn","og_description":"Beneficios sobre el sistema respiratorio, expectorante, contra la congesti\u00f3n bronquial, tos y ronquera | 654 511 258 | info@floresdelsur.com | \u00a1LL\u00c1MANOS!","og_url":"https:\/\/floresdelsur.fr\/es\/producto\/aceite-esencial-de-jazmin\/","og_site_name":"Floresdelsur","article_publisher":"https:\/\/www.facebook.com\/FLORESDELSUR.FR","article_modified_time":"2025-08-11T08:54:51+00:00","og_image":[{"width":800,"height":1067,"url":"https:\/\/floresdelsur.fr\/wp-content\/uploads\/2025\/07\/Aceite-esencial-de-jazmin-1.png","type":"image\/png"}],"twitter_card":"summary_large_image","twitter_misc":{"Tiempo de lectura":"1 minuto"},"schema":{"@context":"https:\/\/schema.org","@graph":[{"@type":"WebPage","@id":"https:\/\/floresdelsur.fr\/es\/producto\/aceite-esencial-de-jazmin\/","url":"https:\/\/floresdelsur.fr\/es\/producto\/aceite-esencial-de-jazmin\/","name":"Aceite esencial de jazm\u00edn - Floresdelsur","isPartOf":{"@id":"https:\/\/floresdelsur.fr\/es\/#website"},"primaryImageOfPage":{"@id":"https:\/\/floresdelsur.fr\/es\/producto\/aceite-esencial-de-jazmin\/#primaryimage"},"image":{"@id":"https:\/\/floresdelsur.fr\/es\/producto\/aceite-esencial-de-jazmin\/#primaryimage"},"thumbnailUrl":"https:\/\/floresdelsur.fr\/wp-content\/uploads\/2025\/07\/Aceite-esencial-de-jazmin-1.png","datePublished":"2025-07-18T11:09:07+00:00","dateModified":"2025-08-11T08:54:51+00:00","description":"Beneficios sobre el sistema respiratorio, expectorante, contra la congesti\u00f3n bronquial, tos y ronquera | 654 511 258 | info@floresdelsur.com | \u00a1LL\u00c1MANOS!","breadcrumb":{"@id":"https:\/\/floresdelsur.fr\/es\/producto\/aceite-esencial-de-jazmin\/#breadcrumb"},"inLanguage":"es","potentialAction":[{"@type":"ReadAction","target":["https:\/\/floresdelsur.fr\/es\/producto\/aceite-esencial-de-jazmin\/"]}]},{"@type":"ImageObject","inLanguage":"es","@id":"https:\/\/floresdelsur.fr\/es\/producto\/aceite-esencial-de-jazmin\/#primaryimage","url":"https:\/\/floresdelsur.fr\/wp-content\/uploads\/2025\/07\/Aceite-esencial-de-jazmin-1.png","contentUrl":"https:\/\/floresdelsur.fr\/wp-content\/uploads\/2025\/07\/Aceite-esencial-de-jazmin-1.png","width":800,"height":1067},{"@type":"BreadcrumbList","@id":"https:\/\/floresdelsur.fr\/es\/producto\/aceite-esencial-de-jazmin\/#breadcrumb","itemListElement":[{"@type":"ListItem","position":1,"name":"Portada","item":"https:\/\/floresdelsur.fr\/es\/"},{"@type":"ListItem","position":2,"name":"Shop","item":"https:\/\/floresdelsur.fr\/shop\/"},{"@type":"ListItem","position":3,"name":"Aceite esencial de jazm\u00edn"}]},{"@type":"WebSite","@id":"https:\/\/floresdelsur.fr\/es\/#website","url":"https:\/\/floresdelsur.fr\/es\/","name":"Floresdelsur","description":"Productos de limpieza e higiene naturales y sostenibles para profesionales","publisher":{"@id":"https:\/\/floresdelsur.fr\/es\/#organization"},"potentialAction":[{"@type":"SearchAction","target":{"@type":"EntryPoint","urlTemplate":"https:\/\/floresdelsur.fr\/es\/?s={search_term_string}"},"query-input":{"@type":"PropertyValueSpecification","valueRequired":true,"valueName":"search_term_string"}}],"inLanguage":"es"},{"@type":"Organization","@id":"https:\/\/floresdelsur.fr\/es\/#organization","name":"Floresdelsur","url":"https:\/\/floresdelsur.fr\/es\/","logo":{"@type":"ImageObject","inLanguage":"es","@id":"https:\/\/floresdelsur.fr\/es\/#\/schema\/logo\/image\/","url":"https:\/\/floresdelsur.fr\/wp-content\/uploads\/2025\/08\/icono-reamte-final.jpg","contentUrl":"https:\/\/floresdelsur.fr\/wp-content\/uploads\/2025\/08\/icono-reamte-final.jpg","width":700,"height":700,"caption":"Floresdelsur"},"image":{"@id":"https:\/\/floresdelsur.fr\/es\/#\/schema\/logo\/image\/"},"sameAs":["https:\/\/www.facebook.com\/FLORESDELSUR.FR","https:\/\/www.instagram.com\/floresdelsur1\/"]}]}},"_links":{"self":[{"href":"https:\/\/floresdelsur.fr\/es\/wp-json\/wp\/v2\/product\/4002","targetHints":{"allow":["GET"]}}],"collection":[{"href":"https:\/\/floresdelsur.fr\/es\/wp-json\/wp\/v2\/product"}],"about":[{"href":"https:\/\/floresdelsur.fr\/es\/wp-json\/wp\/v2\/types\/product"}],"replies":[{"embeddable":true,"href":"https:\/\/floresdelsur.fr\/es\/wp-json\/wp\/v2\/comments?post=4002"}],"wp:featuredmedia":[{"embeddable":true,"href":"https:\/\/floresdelsur.fr\/es\/wp-json\/wp\/v2\/media\/4056"}],"wp:attachment":[{"href":"https:\/\/floresdelsur.fr\/es\/wp-json\/wp\/v2\/media?parent=4002"}],"wp:term":[{"taxonomy":"product_brand","embeddable":true,"href":"https:\/\/floresdelsur.fr\/es\/wp-json\/wp\/v2\/product_brand?post=4002"},{"taxonomy":"product_cat","embeddable":true,"href":"https:\/\/floresdelsur.fr\/es\/wp-json\/wp\/v2\/product_cat?post=4002"},{"taxonomy":"product_tag","embeddable":true,"href":"https:\/\/floresdelsur.fr\/es\/wp-json\/wp\/v2\/product_tag?post=4002"}],"curies":[{"name":"wp","href":"https:\/\/api.w.org\/{rel}","templated":true}]}}