{"id":4001,"date":"2025-07-18T13:09:07","date_gmt":"2025-07-18T11:09:07","guid":{"rendered":"https:\/\/floresdelsur.fr\/?post_type=product&#038;p=4001"},"modified":"2025-08-11T12:15:32","modified_gmt":"2025-08-11T10:15:32","slug":"aceite-esencial-de-clavo","status":"publish","type":"product","link":"https:\/\/floresdelsur.fr\/es\/producto\/aceite-esencial-de-clavo\/","title":{"rendered":"Aceite esencial de clavo"},"content":{"rendered":"<p><strong>El aceite esencial de Clavo es famoso en caso de gran fatiga f\u00edsica.<\/strong><\/p>\n<ul>\n<li>Tonificante, da un empuj\u00f3n en caso de fatiga intelectual.<\/li>\n<li>El clavo se usa tradicionalmente en caso de dolor dental como caries, aftas, amigdalitis\u2026<\/li>\n<li>Combate infecciones intestinales y par\u00e1sitos (diarrea, colitis) as\u00ed como infecciones<\/li>\n<li>Infecciones otorrinolaringol\u00f3gicas bacterianas y virales (bronquitis, sinusitis, malestar del tracto urogenital, herpes z\u00f3ster, herpes, infecciones de la piel, acn\u00e9, infecciones f\u00fangicas).<\/li>\n<\/ul>\n<p><strong>Propiedades:<\/strong><\/p>\n<ul>\n<li>Potente antiinfeccioso de amplio espectro<\/li>\n<li>Antiviral &#8211; Antibacteriano &#8211; Antif\u00fangico &#8211; Antiparasitario &#8211; Antiespasm\u00f3dico<\/li>\n<li>Estimulante digestivo y antifermentativo<\/li>\n<li>Cauterizaci\u00f3n de piel y pulpa<\/li>\n<li>Estimulante inmunol\u00f3gico<\/li>\n<li>Anestesia dental<\/li>\n<li>Estimulante y t\u00f3nico general<\/li>\n<\/ul>\n<p><strong>Usos:<\/strong><\/p>\n<ul>\n<li><strong>D\u00e9rmico:<\/strong> Mezcle 1 gota de aceite esencial de clavo con 9 gotas de aceite (aceite de arg\u00e1n por ejemplo) y masajear con fuerte fricci\u00f3n la zona dolorida hasta sentir un efecto de calor.<\/li>\n<li><strong>Dolor dental:<\/strong> poner 3 gotas en un hisopo de algod\u00f3n y luego pasarlo por las enc\u00edas o en el diente adolorido.<\/li>\n<\/ul>\n<p><strong>Precauciones:<\/strong><\/p>\n<ul>\n<li>No usar en mujeres embarazadas o lactantes, ni en ni\u00f1os menores de menos de 12 a\u00f1os.<\/li>\n<li>Usar en cantidades limitadas y durante un per\u00edodo corto (m\u00e1ximo 5 d\u00edas).<\/li>\n<li>Contraindicado en caso de insuficiencia hep\u00e1tica.<\/li>\n<li>Mantener fuera del alcance de los ni\u00f1os.<\/li>\n<\/ul>\n","protected":false},"excerpt":{"rendered":"<p><strong>El aceite esencial de Clavo es famoso en caso de gran fatiga f\u00edsica.<\/strong><\/p>\n<ul>\n<li>Tonificante, da un empuj\u00f3n en caso de fatiga intelectual.<\/li>\n<li>El clavo se usa tradicionalmente en caso de dolor dental como caries, aftas, amigdalitis\u2026<\/li>\n<li>Combate infecciones intestinales y par\u00e1sitos (diarrea, colitis) as\u00ed como infecciones<\/li>\n<li>Infecciones otorrinolaringol\u00f3gicas bacterianas y virales (bronquitis, sinusitis, malestar del tracto urogenital, herpes z\u00f3ster, herpes, infecciones de la piel, acn\u00e9, infecciones f\u00fangicas).<\/li>\n<\/ul>\n<p><strong>Propiedades:<\/strong><\/p>\n<ul>\n<li>Potente antiinfeccioso de amplio espectro<\/li>\n<li>Antiviral &#8211; Antibacteriano &#8211; Antif\u00fangico &#8211; Antiparasitario &#8211; Antiespasm\u00f3dico<\/li>\n<li>Estimulante digestivo y antifermentativo<\/li>\n<li>Cauterizaci\u00f3n de piel y pulpa<\/li>\n<li>Estimulante inmunol\u00f3gico<\/li>\n<li>Anestesia dental<\/li>\n<li>Estimulante y t\u00f3nico general<\/li>\n<\/ul>\n<p><strong>Usos:<\/strong><\/p>\n<ul>\n<li><strong>D\u00e9rmico:<\/strong> Mezcle 1 gota de aceite esencial de clavo con 9 gotas de aceite (aceite de arg\u00e1n por ejemplo) y masajear con fuerte fricci\u00f3n la zona dolorida hasta sentir un efecto de calor.<\/li>\n<li><strong>Dolor dental:<\/strong> poner 3 gotas en un hisopo de algod\u00f3n y luego pasarlo por las enc\u00edas o en el diente adolorido.<\/li>\n<\/ul>\n<p><strong>Precauciones:<\/strong><\/p>\n<ul>\n<li>No usar en mujeres embarazadas o lactantes, ni en ni\u00f1os menores de menos de 12 a\u00f1os.<\/li>\n<li>Usar en cantidades limitadas y durante un per\u00edodo corto (m\u00e1ximo 5 d\u00edas).<\/li>\n<li>Contraindicado en caso de insuficiencia hep\u00e1tica.<\/li>\n<li>Mantener fuera del alcance de los ni\u00f1os.<\/li>\n<\/ul>\n","protected":false},"featured_media":4053,"comment_status":"open","ping_status":"closed","template":"","meta":{"_acf_changed":false,"inline_featured_image":false,"_joinchat":[]},"product_brand":[],"product_cat":[85],"product_tag":[],"class_list":{"0":"post-4001","1":"product","2":"type-product","3":"status-publish","4":"has-post-thumbnail","6":"product_cat-remate-final","8":"first","9":"instock","10":"shipping-taxable","11":"purchasable","12":"product-type-simple"},"acf":[],"yoast_head":"<!-- This site is optimized with the Yoast SEO Premium plugin v25.1 (Yoast SEO v25.6) - https:\/\/yoast.com\/wordpress\/plugins\/seo\/ -->\n<title>Aceite esencial de clavo - Floresdelsur<\/title>\n<meta name=\"description\" content=\"Aceite esencial de Clavo es famoso en caso de gran fatiga f\u00edsica | 654 511 258 | info@floresdelsur.com | \u00a1LL\u00c1MANOS! | Floresdelsur\" \/>\n<meta name=\"robots\" content=\"index, follow, max-snippet:-1, max-image-preview:large, max-video-preview:-1\" \/>\n<link rel=\"canonical\" href=\"https:\/\/floresdelsur.fr\/es\/producto\/aceite-esencial-de-clavo\/\" \/>\n<meta property=\"og:locale\" content=\"es_ES\" \/>\n<meta property=\"og:type\" content=\"article\" \/>\n<meta property=\"og:title\" content=\"Aceite esencial de clavo\" \/>\n<meta property=\"og:description\" content=\"Aceite esencial de Clavo es famoso en caso de gran fatiga f\u00edsica | 654 511 258 | info@floresdelsur.com | \u00a1LL\u00c1MANOS! | Floresdelsur\" \/>\n<meta property=\"og:url\" content=\"https:\/\/floresdelsur.fr\/es\/producto\/aceite-esencial-de-clavo\/\" \/>\n<meta property=\"og:site_name\" content=\"Floresdelsur\" \/>\n<meta property=\"article:publisher\" content=\"https:\/\/www.facebook.com\/FLORESDELSUR.FR\" \/>\n<meta property=\"article:modified_time\" content=\"2025-08-11T10:15:32+00:00\" \/>\n<meta property=\"og:image\" content=\"https:\/\/floresdelsur.fr\/wp-content\/uploads\/2025\/07\/Huile-essentielle-Girofle-e1683887597899-1.jpg\" \/>\n\t<meta property=\"og:image:width\" content=\"800\" \/>\n\t<meta property=\"og:image:height\" content=\"1067\" \/>\n\t<meta property=\"og:image:type\" content=\"image\/jpeg\" \/>\n<meta name=\"twitter:card\" content=\"summary_large_image\" \/>\n<meta name=\"twitter:label1\" content=\"Tiempo de lectura\" \/>\n\t<meta name=\"twitter:data1\" content=\"1 minuto\" \/>\n<script type=\"application\/ld+json\" class=\"yoast-schema-graph\">{\"@context\":\"https:\/\/schema.org\",\"@graph\":[{\"@type\":\"WebPage\",\"@id\":\"https:\/\/floresdelsur.fr\/es\/producto\/aceite-esencial-de-clavo\/\",\"url\":\"https:\/\/floresdelsur.fr\/es\/producto\/aceite-esencial-de-clavo\/\",\"name\":\"Aceite esencial de clavo - Floresdelsur\",\"isPartOf\":{\"@id\":\"https:\/\/floresdelsur.fr\/es\/#website\"},\"primaryImageOfPage\":{\"@id\":\"https:\/\/floresdelsur.fr\/es\/producto\/aceite-esencial-de-clavo\/#primaryimage\"},\"image\":{\"@id\":\"https:\/\/floresdelsur.fr\/es\/producto\/aceite-esencial-de-clavo\/#primaryimage\"},\"thumbnailUrl\":\"https:\/\/floresdelsur.fr\/wp-content\/uploads\/2025\/07\/Huile-essentielle-Girofle-e1683887597899-1.jpg\",\"datePublished\":\"2025-07-18T11:09:07+00:00\",\"dateModified\":\"2025-08-11T10:15:32+00:00\",\"description\":\"Aceite esencial de Clavo es famoso en caso de gran fatiga f\u00edsica | 654 511 258 | info@floresdelsur.com | \u00a1LL\u00c1MANOS! | Floresdelsur\",\"breadcrumb\":{\"@id\":\"https:\/\/floresdelsur.fr\/es\/producto\/aceite-esencial-de-clavo\/#breadcrumb\"},\"inLanguage\":\"es\",\"potentialAction\":[{\"@type\":\"ReadAction\",\"target\":[\"https:\/\/floresdelsur.fr\/es\/producto\/aceite-esencial-de-clavo\/\"]}]},{\"@type\":\"ImageObject\",\"inLanguage\":\"es\",\"@id\":\"https:\/\/floresdelsur.fr\/es\/producto\/aceite-esencial-de-clavo\/#primaryimage\",\"url\":\"https:\/\/floresdelsur.fr\/wp-content\/uploads\/2025\/07\/Huile-essentielle-Girofle-e1683887597899-1.jpg\",\"contentUrl\":\"https:\/\/floresdelsur.fr\/wp-content\/uploads\/2025\/07\/Huile-essentielle-Girofle-e1683887597899-1.jpg\",\"width\":800,\"height\":1067},{\"@type\":\"BreadcrumbList\",\"@id\":\"https:\/\/floresdelsur.fr\/es\/producto\/aceite-esencial-de-clavo\/#breadcrumb\",\"itemListElement\":[{\"@type\":\"ListItem\",\"position\":1,\"name\":\"Portada\",\"item\":\"https:\/\/floresdelsur.fr\/es\/\"},{\"@type\":\"ListItem\",\"position\":2,\"name\":\"Shop\",\"item\":\"https:\/\/floresdelsur.fr\/shop\/\"},{\"@type\":\"ListItem\",\"position\":3,\"name\":\"Aceite esencial de clavo\"}]},{\"@type\":\"WebSite\",\"@id\":\"https:\/\/floresdelsur.fr\/es\/#website\",\"url\":\"https:\/\/floresdelsur.fr\/es\/\",\"name\":\"Floresdelsur\",\"description\":\"Productos de limpieza e higiene naturales y sostenibles para profesionales\",\"publisher\":{\"@id\":\"https:\/\/floresdelsur.fr\/es\/#organization\"},\"potentialAction\":[{\"@type\":\"SearchAction\",\"target\":{\"@type\":\"EntryPoint\",\"urlTemplate\":\"https:\/\/floresdelsur.fr\/es\/?s={search_term_string}\"},\"query-input\":{\"@type\":\"PropertyValueSpecification\",\"valueRequired\":true,\"valueName\":\"search_term_string\"}}],\"inLanguage\":\"es\"},{\"@type\":\"Organization\",\"@id\":\"https:\/\/floresdelsur.fr\/es\/#organization\",\"name\":\"Floresdelsur\",\"url\":\"https:\/\/floresdelsur.fr\/es\/\",\"logo\":{\"@type\":\"ImageObject\",\"inLanguage\":\"es\",\"@id\":\"https:\/\/floresdelsur.fr\/es\/#\/schema\/logo\/image\/\",\"url\":\"https:\/\/floresdelsur.fr\/wp-content\/uploads\/2025\/08\/icono-reamte-final.jpg\",\"contentUrl\":\"https:\/\/floresdelsur.fr\/wp-content\/uploads\/2025\/08\/icono-reamte-final.jpg\",\"width\":700,\"height\":700,\"caption\":\"Floresdelsur\"},\"image\":{\"@id\":\"https:\/\/floresdelsur.fr\/es\/#\/schema\/logo\/image\/\"},\"sameAs\":[\"https:\/\/www.facebook.com\/FLORESDELSUR.FR\",\"https:\/\/www.instagram.com\/floresdelsur1\/\"]}]}<\/script>\n<!-- \/ Yoast SEO Premium plugin. -->","yoast_head_json":{"title":"Aceite esencial de clavo - Floresdelsur","description":"Aceite esencial de Clavo es famoso en caso de gran fatiga f\u00edsica | 654 511 258 | info@floresdelsur.com | \u00a1LL\u00c1MANOS! | Floresdelsur","robots":{"index":"index","follow":"follow","max-snippet":"max-snippet:-1","max-image-preview":"max-image-preview:large","max-video-preview":"max-video-preview:-1"},"canonical":"https:\/\/floresdelsur.fr\/es\/producto\/aceite-esencial-de-clavo\/","og_locale":"es_ES","og_type":"article","og_title":"Aceite esencial de clavo","og_description":"Aceite esencial de Clavo es famoso en caso de gran fatiga f\u00edsica | 654 511 258 | info@floresdelsur.com | \u00a1LL\u00c1MANOS! | Floresdelsur","og_url":"https:\/\/floresdelsur.fr\/es\/producto\/aceite-esencial-de-clavo\/","og_site_name":"Floresdelsur","article_publisher":"https:\/\/www.facebook.com\/FLORESDELSUR.FR","article_modified_time":"2025-08-11T10:15:32+00:00","og_image":[{"width":800,"height":1067,"url":"https:\/\/floresdelsur.fr\/wp-content\/uploads\/2025\/07\/Huile-essentielle-Girofle-e1683887597899-1.jpg","type":"image\/jpeg"}],"twitter_card":"summary_large_image","twitter_misc":{"Tiempo de lectura":"1 minuto"},"schema":{"@context":"https:\/\/schema.org","@graph":[{"@type":"WebPage","@id":"https:\/\/floresdelsur.fr\/es\/producto\/aceite-esencial-de-clavo\/","url":"https:\/\/floresdelsur.fr\/es\/producto\/aceite-esencial-de-clavo\/","name":"Aceite esencial de clavo - Floresdelsur","isPartOf":{"@id":"https:\/\/floresdelsur.fr\/es\/#website"},"primaryImageOfPage":{"@id":"https:\/\/floresdelsur.fr\/es\/producto\/aceite-esencial-de-clavo\/#primaryimage"},"image":{"@id":"https:\/\/floresdelsur.fr\/es\/producto\/aceite-esencial-de-clavo\/#primaryimage"},"thumbnailUrl":"https:\/\/floresdelsur.fr\/wp-content\/uploads\/2025\/07\/Huile-essentielle-Girofle-e1683887597899-1.jpg","datePublished":"2025-07-18T11:09:07+00:00","dateModified":"2025-08-11T10:15:32+00:00","description":"Aceite esencial de Clavo es famoso en caso de gran fatiga f\u00edsica | 654 511 258 | info@floresdelsur.com | \u00a1LL\u00c1MANOS! | Floresdelsur","breadcrumb":{"@id":"https:\/\/floresdelsur.fr\/es\/producto\/aceite-esencial-de-clavo\/#breadcrumb"},"inLanguage":"es","potentialAction":[{"@type":"ReadAction","target":["https:\/\/floresdelsur.fr\/es\/producto\/aceite-esencial-de-clavo\/"]}]},{"@type":"ImageObject","inLanguage":"es","@id":"https:\/\/floresdelsur.fr\/es\/producto\/aceite-esencial-de-clavo\/#primaryimage","url":"https:\/\/floresdelsur.fr\/wp-content\/uploads\/2025\/07\/Huile-essentielle-Girofle-e1683887597899-1.jpg","contentUrl":"https:\/\/floresdelsur.fr\/wp-content\/uploads\/2025\/07\/Huile-essentielle-Girofle-e1683887597899-1.jpg","width":800,"height":1067},{"@type":"BreadcrumbList","@id":"https:\/\/floresdelsur.fr\/es\/producto\/aceite-esencial-de-clavo\/#breadcrumb","itemListElement":[{"@type":"ListItem","position":1,"name":"Portada","item":"https:\/\/floresdelsur.fr\/es\/"},{"@type":"ListItem","position":2,"name":"Shop","item":"https:\/\/floresdelsur.fr\/shop\/"},{"@type":"ListItem","position":3,"name":"Aceite esencial de clavo"}]},{"@type":"WebSite","@id":"https:\/\/floresdelsur.fr\/es\/#website","url":"https:\/\/floresdelsur.fr\/es\/","name":"Floresdelsur","description":"Productos de limpieza e higiene naturales y sostenibles para profesionales","publisher":{"@id":"https:\/\/floresdelsur.fr\/es\/#organization"},"potentialAction":[{"@type":"SearchAction","target":{"@type":"EntryPoint","urlTemplate":"https:\/\/floresdelsur.fr\/es\/?s={search_term_string}"},"query-input":{"@type":"PropertyValueSpecification","valueRequired":true,"valueName":"search_term_string"}}],"inLanguage":"es"},{"@type":"Organization","@id":"https:\/\/floresdelsur.fr\/es\/#organization","name":"Floresdelsur","url":"https:\/\/floresdelsur.fr\/es\/","logo":{"@type":"ImageObject","inLanguage":"es","@id":"https:\/\/floresdelsur.fr\/es\/#\/schema\/logo\/image\/","url":"https:\/\/floresdelsur.fr\/wp-content\/uploads\/2025\/08\/icono-reamte-final.jpg","contentUrl":"https:\/\/floresdelsur.fr\/wp-content\/uploads\/2025\/08\/icono-reamte-final.jpg","width":700,"height":700,"caption":"Floresdelsur"},"image":{"@id":"https:\/\/floresdelsur.fr\/es\/#\/schema\/logo\/image\/"},"sameAs":["https:\/\/www.facebook.com\/FLORESDELSUR.FR","https:\/\/www.instagram.com\/floresdelsur1\/"]}]}},"_links":{"self":[{"href":"https:\/\/floresdelsur.fr\/es\/wp-json\/wp\/v2\/product\/4001","targetHints":{"allow":["GET"]}}],"collection":[{"href":"https:\/\/floresdelsur.fr\/es\/wp-json\/wp\/v2\/product"}],"about":[{"href":"https:\/\/floresdelsur.fr\/es\/wp-json\/wp\/v2\/types\/product"}],"replies":[{"embeddable":true,"href":"https:\/\/floresdelsur.fr\/es\/wp-json\/wp\/v2\/comments?post=4001"}],"wp:featuredmedia":[{"embeddable":true,"href":"https:\/\/floresdelsur.fr\/es\/wp-json\/wp\/v2\/media\/4053"}],"wp:attachment":[{"href":"https:\/\/floresdelsur.fr\/es\/wp-json\/wp\/v2\/media?parent=4001"}],"wp:term":[{"taxonomy":"product_brand","embeddable":true,"href":"https:\/\/floresdelsur.fr\/es\/wp-json\/wp\/v2\/product_brand?post=4001"},{"taxonomy":"product_cat","embeddable":true,"href":"https:\/\/floresdelsur.fr\/es\/wp-json\/wp\/v2\/product_cat?post=4001"},{"taxonomy":"product_tag","embeddable":true,"href":"https:\/\/floresdelsur.fr\/es\/wp-json\/wp\/v2\/product_tag?post=4001"}],"curies":[{"name":"wp","href":"https:\/\/api.w.org\/{rel}","templated":true}]}}