{"id":4000,"date":"2025-07-18T13:09:07","date_gmt":"2025-07-18T11:09:07","guid":{"rendered":"https:\/\/floresdelsur.fr\/?post_type=product&#038;p=4000"},"modified":"2025-08-11T12:12:58","modified_gmt":"2025-08-11T10:12:58","slug":"aceite-esencial-de-albahaca-santa","status":"publish","type":"product","link":"https:\/\/floresdelsur.fr\/es\/producto\/aceite-esencial-de-albahaca-santa\/","title":{"rendered":"Aceite esencial de Albahaca Santa"},"content":{"rendered":"<p><strong>El aceite esencial de Albahaca Sagrada se recomienda tradicionalmente para luchar contra problemas de la piel.<\/strong><\/p>\n<ul>\n<li>\u00datil para las pieles, tambi\u00e9n es conocido como un poderoso activo antienvejecimiento.<\/li>\n<li>Altamente energizante, es conocido por sus efectos estimulantes sobre el cuerpo y la mente.<\/li>\n<li>Ayuda a fortalecer el sistema inmunol\u00f3gico y regular los niveles de triglic\u00e9ridos en sangre, az\u00facar y colesterol.<\/li>\n<li>Alivia doblemente nuestro cuerpo, a nivel psicol\u00f3gico al actuar sobre el estr\u00e9s y a nivel f\u00edsico luchando contra bacterias y toxinas.<\/li>\n<li>En Ayurveda, este aceite esencial est\u00e1 asociado con el chakra ra\u00edz: Muladhara.<\/li>\n<\/ul>\n<p><strong>Propiedades:<\/strong><\/p>\n<ul>\n<li>Potente antioxidante<\/li>\n<li>Antiinfeccioso &#8211; Antibacteriano &#8211; Antiviral &#8211; Antiparasitario &#8211; Antif\u00fangico<\/li>\n<li>Analg\u00e9sico-Antispasm\u00f3dico<\/li>\n<li>Fortalece el sistema inmunol\u00f3gico<\/li>\n<li>Purificaci\u00f3n<\/li>\n<li>Revitalizante (mejora la confianza en uno mismo)<\/li>\n<li>Detiene las actitudes de sacrificio hacia los dem\u00e1s y protege el ego.<\/li>\n<\/ul>\n<p><strong>Usos:<\/strong><\/p>\n<ul>\n<li>Mezcle unas gotas de aceite esencial de Albahaca Santa con aceite vegetal, luego aplique esta mezcla en su plexo solar, su pecho o su bajo abdomen de acuerdo a la problema a tratar.<\/li>\n<li>Para la relajaci\u00f3n del esp\u00edritu aplica esta mezcla en cada cara interna de tus mu\u00f1ecas.<\/li>\n<li>Junta ambas manos cubriendo la nariz y haz 3 respiraciones lentas y profundas.<\/li>\n<li>Para renovar tan pronto como surja la necesidad.<\/li>\n<\/ul>\n<p><strong>Precauciones:<\/strong><\/p>\n<p>No usar durante el embarazo y la lactancia, ni en ni\u00f1os menores de 6 a\u00f1os de edad.<\/p>\n","protected":false},"excerpt":{"rendered":"<p><strong>El aceite esencial de Albahaca Sagrada se recomienda tradicionalmente para luchar contra problemas de la piel.<\/strong><\/p>\n<ul>\n<li>\u00datil para las pieles, tambi\u00e9n es conocido como un poderoso activo antienvejecimiento.<\/li>\n<li>Altamente energizante, es conocido por sus efectos estimulantes sobre el cuerpo y la mente.<\/li>\n<li>Ayuda a fortalecer el sistema inmunol\u00f3gico y regular los niveles de triglic\u00e9ridos en sangre, az\u00facar y colesterol.<\/li>\n<li>Alivia doblemente nuestro cuerpo, a nivel psicol\u00f3gico al actuar sobre el estr\u00e9s y a nivel f\u00edsico luchando contra bacterias y toxinas.<\/li>\n<li>En Ayurveda, este aceite esencial est\u00e1 asociado con el chakra ra\u00edz: Muladhara.<\/li>\n<\/ul>\n<p><strong>Propiedades:<\/strong><\/p>\n<ul>\n<li>Potente antioxidante<\/li>\n<li>Antiinfeccioso &#8211; Antibacteriano &#8211; Antiviral &#8211; Antiparasitario &#8211; Antif\u00fangico<\/li>\n<li>Analg\u00e9sico-Antispasm\u00f3dico<\/li>\n<li>Fortalece el sistema inmunol\u00f3gico<\/li>\n<li>Purificaci\u00f3n<\/li>\n<li>Revitalizante (mejora la confianza en uno mismo)<\/li>\n<li>Detiene las actitudes de sacrificio hacia los dem\u00e1s y protege el ego.<\/li>\n<\/ul>\n<p><strong>Usos:<\/strong><\/p>\n<ul>\n<li>Mezcle unas gotas de aceite esencial de Albahaca Santa con aceite vegetal, luego aplique esta mezcla en su plexo solar, su pecho o su bajo abdomen de acuerdo a la problema a tratar.<\/li>\n<li>Para la relajaci\u00f3n del esp\u00edritu aplica esta mezcla en cada cara interna de tus mu\u00f1ecas.<\/li>\n<li>Junta ambas manos cubriendo la nariz y haz 3 respiraciones lentas y profundas.<\/li>\n<li>Para renovar tan pronto como surja la necesidad.<\/li>\n<\/ul>\n<p><strong>Precauciones:<\/strong><\/p>\n<p>No usar durante el embarazo y la lactancia, ni en ni\u00f1os menores de 6 a\u00f1os de edad.<\/p>\n","protected":false},"featured_media":4050,"comment_status":"open","ping_status":"closed","template":"","meta":{"_acf_changed":false,"inline_featured_image":false,"_joinchat":[]},"product_brand":[],"product_cat":[85],"product_tag":[],"class_list":{"0":"post-4000","1":"product","2":"type-product","3":"status-publish","4":"has-post-thumbnail","6":"product_cat-remate-final","8":"first","9":"instock","10":"shipping-taxable","11":"purchasable","12":"product-type-simple"},"acf":[],"yoast_head":"<!-- This site is optimized with the Yoast SEO Premium plugin v25.1 (Yoast SEO v25.6) - https:\/\/yoast.com\/wordpress\/plugins\/seo\/ -->\n<title>Aceite esencial de Albahaca Santa - Floresdelsur<\/title>\n<meta name=\"description\" content=\"Aceite esencial de Albahaca Santa, para luchar contra problemas de la piel | 654 511 258 | info@floresdelsur.com | \u00a1LL\u00c1MANOS!\" \/>\n<meta name=\"robots\" content=\"index, follow, max-snippet:-1, max-image-preview:large, max-video-preview:-1\" \/>\n<link rel=\"canonical\" href=\"https:\/\/floresdelsur.fr\/es\/producto\/aceite-esencial-de-albahaca-santa\/\" \/>\n<meta property=\"og:locale\" content=\"es_ES\" \/>\n<meta property=\"og:type\" content=\"article\" \/>\n<meta property=\"og:title\" content=\"Aceite esencial de Albahaca Santa\" \/>\n<meta property=\"og:description\" content=\"Aceite esencial de Albahaca Santa, para luchar contra problemas de la piel | 654 511 258 | info@floresdelsur.com | \u00a1LL\u00c1MANOS!\" \/>\n<meta property=\"og:url\" content=\"https:\/\/floresdelsur.fr\/es\/producto\/aceite-esencial-de-albahaca-santa\/\" \/>\n<meta property=\"og:site_name\" content=\"Floresdelsur\" \/>\n<meta property=\"article:publisher\" content=\"https:\/\/www.facebook.com\/FLORESDELSUR.FR\" \/>\n<meta property=\"article:modified_time\" content=\"2025-08-11T10:12:58+00:00\" \/>\n<meta property=\"og:image\" content=\"https:\/\/floresdelsur.fr\/wp-content\/uploads\/2025\/07\/Huile-essentielle-Basilic-Sacre-e1683887615734.png\" \/>\n\t<meta property=\"og:image:width\" content=\"800\" \/>\n\t<meta property=\"og:image:height\" content=\"1067\" \/>\n\t<meta property=\"og:image:type\" content=\"image\/png\" \/>\n<meta name=\"twitter:card\" content=\"summary_large_image\" \/>\n<meta name=\"twitter:label1\" content=\"Tiempo de lectura\" \/>\n\t<meta name=\"twitter:data1\" content=\"1 minuto\" \/>\n<script type=\"application\/ld+json\" class=\"yoast-schema-graph\">{\"@context\":\"https:\/\/schema.org\",\"@graph\":[{\"@type\":\"WebPage\",\"@id\":\"https:\/\/floresdelsur.fr\/es\/producto\/aceite-esencial-de-albahaca-santa\/\",\"url\":\"https:\/\/floresdelsur.fr\/es\/producto\/aceite-esencial-de-albahaca-santa\/\",\"name\":\"Aceite esencial de Albahaca Santa - Floresdelsur\",\"isPartOf\":{\"@id\":\"https:\/\/floresdelsur.fr\/es\/#website\"},\"primaryImageOfPage\":{\"@id\":\"https:\/\/floresdelsur.fr\/es\/producto\/aceite-esencial-de-albahaca-santa\/#primaryimage\"},\"image\":{\"@id\":\"https:\/\/floresdelsur.fr\/es\/producto\/aceite-esencial-de-albahaca-santa\/#primaryimage\"},\"thumbnailUrl\":\"https:\/\/floresdelsur.fr\/wp-content\/uploads\/2025\/07\/Huile-essentielle-Basilic-Sacre-e1683887615734.png\",\"datePublished\":\"2025-07-18T11:09:07+00:00\",\"dateModified\":\"2025-08-11T10:12:58+00:00\",\"description\":\"Aceite esencial de Albahaca Santa, para luchar contra problemas de la piel | 654 511 258 | info@floresdelsur.com | \u00a1LL\u00c1MANOS!\",\"breadcrumb\":{\"@id\":\"https:\/\/floresdelsur.fr\/es\/producto\/aceite-esencial-de-albahaca-santa\/#breadcrumb\"},\"inLanguage\":\"es\",\"potentialAction\":[{\"@type\":\"ReadAction\",\"target\":[\"https:\/\/floresdelsur.fr\/es\/producto\/aceite-esencial-de-albahaca-santa\/\"]}]},{\"@type\":\"ImageObject\",\"inLanguage\":\"es\",\"@id\":\"https:\/\/floresdelsur.fr\/es\/producto\/aceite-esencial-de-albahaca-santa\/#primaryimage\",\"url\":\"https:\/\/floresdelsur.fr\/wp-content\/uploads\/2025\/07\/Huile-essentielle-Basilic-Sacre-e1683887615734.png\",\"contentUrl\":\"https:\/\/floresdelsur.fr\/wp-content\/uploads\/2025\/07\/Huile-essentielle-Basilic-Sacre-e1683887615734.png\",\"width\":800,\"height\":1067},{\"@type\":\"BreadcrumbList\",\"@id\":\"https:\/\/floresdelsur.fr\/es\/producto\/aceite-esencial-de-albahaca-santa\/#breadcrumb\",\"itemListElement\":[{\"@type\":\"ListItem\",\"position\":1,\"name\":\"Portada\",\"item\":\"https:\/\/floresdelsur.fr\/es\/\"},{\"@type\":\"ListItem\",\"position\":2,\"name\":\"Shop\",\"item\":\"https:\/\/floresdelsur.fr\/shop\/\"},{\"@type\":\"ListItem\",\"position\":3,\"name\":\"Aceite esencial de Albahaca Santa\"}]},{\"@type\":\"WebSite\",\"@id\":\"https:\/\/floresdelsur.fr\/es\/#website\",\"url\":\"https:\/\/floresdelsur.fr\/es\/\",\"name\":\"Floresdelsur\",\"description\":\"Productos de limpieza e higiene naturales y sostenibles para profesionales\",\"publisher\":{\"@id\":\"https:\/\/floresdelsur.fr\/es\/#organization\"},\"potentialAction\":[{\"@type\":\"SearchAction\",\"target\":{\"@type\":\"EntryPoint\",\"urlTemplate\":\"https:\/\/floresdelsur.fr\/es\/?s={search_term_string}\"},\"query-input\":{\"@type\":\"PropertyValueSpecification\",\"valueRequired\":true,\"valueName\":\"search_term_string\"}}],\"inLanguage\":\"es\"},{\"@type\":\"Organization\",\"@id\":\"https:\/\/floresdelsur.fr\/es\/#organization\",\"name\":\"Floresdelsur\",\"url\":\"https:\/\/floresdelsur.fr\/es\/\",\"logo\":{\"@type\":\"ImageObject\",\"inLanguage\":\"es\",\"@id\":\"https:\/\/floresdelsur.fr\/es\/#\/schema\/logo\/image\/\",\"url\":\"https:\/\/floresdelsur.fr\/wp-content\/uploads\/2025\/08\/icono-reamte-final.jpg\",\"contentUrl\":\"https:\/\/floresdelsur.fr\/wp-content\/uploads\/2025\/08\/icono-reamte-final.jpg\",\"width\":700,\"height\":700,\"caption\":\"Floresdelsur\"},\"image\":{\"@id\":\"https:\/\/floresdelsur.fr\/es\/#\/schema\/logo\/image\/\"},\"sameAs\":[\"https:\/\/www.facebook.com\/FLORESDELSUR.FR\",\"https:\/\/www.instagram.com\/floresdelsur1\/\"]}]}<\/script>\n<!-- \/ Yoast SEO Premium plugin. -->","yoast_head_json":{"title":"Aceite esencial de Albahaca Santa - Floresdelsur","description":"Aceite esencial de Albahaca Santa, para luchar contra problemas de la piel | 654 511 258 | info@floresdelsur.com | \u00a1LL\u00c1MANOS!","robots":{"index":"index","follow":"follow","max-snippet":"max-snippet:-1","max-image-preview":"max-image-preview:large","max-video-preview":"max-video-preview:-1"},"canonical":"https:\/\/floresdelsur.fr\/es\/producto\/aceite-esencial-de-albahaca-santa\/","og_locale":"es_ES","og_type":"article","og_title":"Aceite esencial de Albahaca Santa","og_description":"Aceite esencial de Albahaca Santa, para luchar contra problemas de la piel | 654 511 258 | info@floresdelsur.com | \u00a1LL\u00c1MANOS!","og_url":"https:\/\/floresdelsur.fr\/es\/producto\/aceite-esencial-de-albahaca-santa\/","og_site_name":"Floresdelsur","article_publisher":"https:\/\/www.facebook.com\/FLORESDELSUR.FR","article_modified_time":"2025-08-11T10:12:58+00:00","og_image":[{"width":800,"height":1067,"url":"https:\/\/floresdelsur.fr\/wp-content\/uploads\/2025\/07\/Huile-essentielle-Basilic-Sacre-e1683887615734.png","type":"image\/png"}],"twitter_card":"summary_large_image","twitter_misc":{"Tiempo de lectura":"1 minuto"},"schema":{"@context":"https:\/\/schema.org","@graph":[{"@type":"WebPage","@id":"https:\/\/floresdelsur.fr\/es\/producto\/aceite-esencial-de-albahaca-santa\/","url":"https:\/\/floresdelsur.fr\/es\/producto\/aceite-esencial-de-albahaca-santa\/","name":"Aceite esencial de Albahaca Santa - Floresdelsur","isPartOf":{"@id":"https:\/\/floresdelsur.fr\/es\/#website"},"primaryImageOfPage":{"@id":"https:\/\/floresdelsur.fr\/es\/producto\/aceite-esencial-de-albahaca-santa\/#primaryimage"},"image":{"@id":"https:\/\/floresdelsur.fr\/es\/producto\/aceite-esencial-de-albahaca-santa\/#primaryimage"},"thumbnailUrl":"https:\/\/floresdelsur.fr\/wp-content\/uploads\/2025\/07\/Huile-essentielle-Basilic-Sacre-e1683887615734.png","datePublished":"2025-07-18T11:09:07+00:00","dateModified":"2025-08-11T10:12:58+00:00","description":"Aceite esencial de Albahaca Santa, para luchar contra problemas de la piel | 654 511 258 | info@floresdelsur.com | \u00a1LL\u00c1MANOS!","breadcrumb":{"@id":"https:\/\/floresdelsur.fr\/es\/producto\/aceite-esencial-de-albahaca-santa\/#breadcrumb"},"inLanguage":"es","potentialAction":[{"@type":"ReadAction","target":["https:\/\/floresdelsur.fr\/es\/producto\/aceite-esencial-de-albahaca-santa\/"]}]},{"@type":"ImageObject","inLanguage":"es","@id":"https:\/\/floresdelsur.fr\/es\/producto\/aceite-esencial-de-albahaca-santa\/#primaryimage","url":"https:\/\/floresdelsur.fr\/wp-content\/uploads\/2025\/07\/Huile-essentielle-Basilic-Sacre-e1683887615734.png","contentUrl":"https:\/\/floresdelsur.fr\/wp-content\/uploads\/2025\/07\/Huile-essentielle-Basilic-Sacre-e1683887615734.png","width":800,"height":1067},{"@type":"BreadcrumbList","@id":"https:\/\/floresdelsur.fr\/es\/producto\/aceite-esencial-de-albahaca-santa\/#breadcrumb","itemListElement":[{"@type":"ListItem","position":1,"name":"Portada","item":"https:\/\/floresdelsur.fr\/es\/"},{"@type":"ListItem","position":2,"name":"Shop","item":"https:\/\/floresdelsur.fr\/shop\/"},{"@type":"ListItem","position":3,"name":"Aceite esencial de Albahaca Santa"}]},{"@type":"WebSite","@id":"https:\/\/floresdelsur.fr\/es\/#website","url":"https:\/\/floresdelsur.fr\/es\/","name":"Floresdelsur","description":"Productos de limpieza e higiene naturales y sostenibles para profesionales","publisher":{"@id":"https:\/\/floresdelsur.fr\/es\/#organization"},"potentialAction":[{"@type":"SearchAction","target":{"@type":"EntryPoint","urlTemplate":"https:\/\/floresdelsur.fr\/es\/?s={search_term_string}"},"query-input":{"@type":"PropertyValueSpecification","valueRequired":true,"valueName":"search_term_string"}}],"inLanguage":"es"},{"@type":"Organization","@id":"https:\/\/floresdelsur.fr\/es\/#organization","name":"Floresdelsur","url":"https:\/\/floresdelsur.fr\/es\/","logo":{"@type":"ImageObject","inLanguage":"es","@id":"https:\/\/floresdelsur.fr\/es\/#\/schema\/logo\/image\/","url":"https:\/\/floresdelsur.fr\/wp-content\/uploads\/2025\/08\/icono-reamte-final.jpg","contentUrl":"https:\/\/floresdelsur.fr\/wp-content\/uploads\/2025\/08\/icono-reamte-final.jpg","width":700,"height":700,"caption":"Floresdelsur"},"image":{"@id":"https:\/\/floresdelsur.fr\/es\/#\/schema\/logo\/image\/"},"sameAs":["https:\/\/www.facebook.com\/FLORESDELSUR.FR","https:\/\/www.instagram.com\/floresdelsur1\/"]}]}},"_links":{"self":[{"href":"https:\/\/floresdelsur.fr\/es\/wp-json\/wp\/v2\/product\/4000","targetHints":{"allow":["GET"]}}],"collection":[{"href":"https:\/\/floresdelsur.fr\/es\/wp-json\/wp\/v2\/product"}],"about":[{"href":"https:\/\/floresdelsur.fr\/es\/wp-json\/wp\/v2\/types\/product"}],"replies":[{"embeddable":true,"href":"https:\/\/floresdelsur.fr\/es\/wp-json\/wp\/v2\/comments?post=4000"}],"wp:featuredmedia":[{"embeddable":true,"href":"https:\/\/floresdelsur.fr\/es\/wp-json\/wp\/v2\/media\/4050"}],"wp:attachment":[{"href":"https:\/\/floresdelsur.fr\/es\/wp-json\/wp\/v2\/media?parent=4000"}],"wp:term":[{"taxonomy":"product_brand","embeddable":true,"href":"https:\/\/floresdelsur.fr\/es\/wp-json\/wp\/v2\/product_brand?post=4000"},{"taxonomy":"product_cat","embeddable":true,"href":"https:\/\/floresdelsur.fr\/es\/wp-json\/wp\/v2\/product_cat?post=4000"},{"taxonomy":"product_tag","embeddable":true,"href":"https:\/\/floresdelsur.fr\/es\/wp-json\/wp\/v2\/product_tag?post=4000"}],"curies":[{"name":"wp","href":"https:\/\/api.w.org\/{rel}","templated":true}]}}