{"id":3999,"date":"2025-07-18T13:09:07","date_gmt":"2025-07-18T11:09:07","guid":{"rendered":"https:\/\/floresdelsur.fr\/?post_type=product&#038;p=3999"},"modified":"2025-08-11T12:10:19","modified_gmt":"2025-08-11T10:10:19","slug":"aceite-esencial-de-arbol-de-te","status":"publish","type":"product","link":"https:\/\/floresdelsur.fr\/es\/producto\/aceite-esencial-de-arbol-de-te\/","title":{"rendered":"Aceite esencial de \u00e1rbol de t\u00e9"},"content":{"rendered":"<p><strong>El aceite esencial de Tea Tree<\/strong> es una valiosa ayuda en la <strong>lucha contra las infecciones bucales. como aftas y gingivitis, infecciones de la piel (infecciones f\u00fangicas, abscesos, fur\u00fanculos, acn\u00e9, transpiraci\u00f3n o incluso caspa, cabello graso o piojos), infecciones digestivas y Otorrinolaringolog\u00eda.<\/strong><\/p>\n<ul>\n<li>Es un aceite esencial ideal para luchar contra virus y microbios (dolor de garganta, tos, rinorrea ..) .<\/li>\n<li>El aceite esencial de Tea Tree tambi\u00e9n es conocido por sus propiedades armonizantes y equilibrantes. sobre el sistema nervioso y es particularmente \u00fatil en casos de fatiga y exceso de trabajo.<\/li>\n<\/ul>\n<p><strong>Propiedades:<\/strong><\/p>\n<p>Importante antibacteriano de amplio espectro<\/p>\n<ul>\n<li>Antif\u00fangico<\/li>\n<li>Apoyo antiviral e inmunol\u00f3gico.<\/li>\n<li>Radioprotector, limita la aparici\u00f3n de quemaduras<\/li>\n<li>Control de plagas<\/li>\n<li>Anti-inflamatoria<\/li>\n<li>Restaura el equilibrio emocional<\/li>\n<li>Estimulante<\/li>\n<li>Positivo<\/li>\n<\/ul>\n<p><strong>Usos:<\/strong><\/p>\n<ul>\n<li><strong>Aplicaciones cut\u00e1neas:<\/strong>Ponga unas gotas en un hisopo de algod\u00f3n y apl\u00edquelo sobre el herpes labial, granos de acn\u00e9, verrugas, for\u00fanculos u hongos en las u\u00f1as.<\/li>\n<li><strong>En difusi\u00f3n atmosf\u00e9rica:<\/strong>Se recomienda encarecidamente la difusi\u00f3n del aceite esencial de \u00e1rbol de t\u00e9 si desea\n<p>destapar las v\u00edas respiratorias y aliviar un estado gripal.<\/li>\n<li><strong>En inhalaci\u00f3n seca o h\u00fameda:<\/strong>La inhalaci\u00f3n de aceite esencial de \u00e1rbol de t\u00e9 es ideal durante el invierno cuando el\n<p>resfriados, rinitis, sinusitis e infecciones ENT El principio es el mismo que para la difusi\u00f3n en el aire mientras respiras su potente aroma.<\/p>\n<p>Puedes optar por el m\u00e9todo seco aplicando unas gotas en un pa\u00f1uelo, o para la inhalaci\u00f3n h\u00fameda vertiendo unas gotas en un recipiente con agua hirviendo. Gracias a la vapor de agua, esta segunda t\u00e9cnica es muy eficaz para humedecer las fosas nasales y aumentar la comodidad respiratoria.<\/li>\n<li><strong>Oralmente:<\/strong>Esta t\u00e9cnica est\u00e1 especialmente indicada para tratar el dolor de garganta o la angina.\n<p>Se aconseja colocar 1 gota en un trozo de az\u00facar o en una cucharada de miel antes dejar que se derrita debajo de la lengua.<\/li>\n<li><strong>Para el cabello :<\/strong>Sobre el cabello seco: mezclar 4 gotas de aceite esencial de \u00e1rbol de t\u00e9 con 6 gotas de aceite lim\u00f3n esencial en 10 cl de aceite de oliva. Aplicar esta mezcla sobre el cabello.\n<p>Tambi\u00e9n puede agregar unas gotas de aceite esencial de \u00e1rbol de t\u00e9 a un champ\u00fa suave.<\/li>\n<\/ul>\n<p><strong>Precauciones:<\/strong><\/p>\n<p>No recomendado durante el embarazo y la lactancia y en ni\u00f1os menores de 3 a\u00f1os<\/p>\n","protected":false},"excerpt":{"rendered":"<p><strong>El aceite esencial de Tea Tree<\/strong> es una valiosa ayuda en la <strong>lucha contra las infecciones bucales. como aftas y gingivitis, infecciones de la piel (infecciones f\u00fangicas, abscesos, fur\u00fanculos, acn\u00e9, transpiraci\u00f3n o incluso caspa, cabello graso o piojos), infecciones digestivas y Otorrinolaringolog\u00eda.<\/strong><\/p>\n<ul>\n<li>Es un aceite esencial ideal para luchar contra virus y microbios (dolor de garganta, tos, rinorrea ..) .<\/li>\n<li>El aceite esencial de Tea Tree tambi\u00e9n es conocido por sus propiedades armonizantes y equilibrantes. sobre el sistema nervioso y es particularmente \u00fatil en casos de fatiga y exceso de trabajo.<\/li>\n<\/ul>\n<p><strong>Propiedades:<\/strong><\/p>\n<p>Importante antibacteriano de amplio espectro<\/p>\n<ul>\n<li>Antif\u00fangico<\/li>\n<li>Apoyo antiviral e inmunol\u00f3gico.<\/li>\n<li>Radioprotector, limita la aparici\u00f3n de quemaduras<\/li>\n<li>Control de plagas<\/li>\n<li>Anti-inflamatoria<\/li>\n<li>Restaura el equilibrio emocional<\/li>\n<li>Estimulante<\/li>\n<li>Positivo<\/li>\n<\/ul>\n<p><strong>Usos:<\/strong><\/p>\n<ul>\n<li><strong>Aplicaciones cut\u00e1neas:<\/strong>Ponga unas gotas en un hisopo de algod\u00f3n y apl\u00edquelo sobre el herpes labial, granos de acn\u00e9, verrugas, for\u00fanculos u hongos en las u\u00f1as.<\/li>\n<li><strong>En difusi\u00f3n atmosf\u00e9rica:<\/strong>Se recomienda encarecidamente la difusi\u00f3n del aceite esencial de \u00e1rbol de t\u00e9 si desea\n<p>destapar las v\u00edas respiratorias y aliviar un estado gripal.<\/li>\n<li><strong>En inhalaci\u00f3n seca o h\u00fameda:<\/strong>La inhalaci\u00f3n de aceite esencial de \u00e1rbol de t\u00e9 es ideal durante el invierno cuando el\n<p>resfriados, rinitis, sinusitis e infecciones ENT El principio es el mismo que para la difusi\u00f3n en el aire mientras respiras su potente aroma.<\/p>\n<p>Puedes optar por el m\u00e9todo seco aplicando unas gotas en un pa\u00f1uelo, o para la inhalaci\u00f3n h\u00fameda vertiendo unas gotas en un recipiente con agua hirviendo. Gracias a la vapor de agua, esta segunda t\u00e9cnica es muy eficaz para humedecer las fosas nasales y aumentar la comodidad respiratoria.<\/li>\n<li><strong>Oralmente:<\/strong>Esta t\u00e9cnica est\u00e1 especialmente indicada para tratar el dolor de garganta o la angina.\n<p>Se aconseja colocar 1 gota en un trozo de az\u00facar o en una cucharada de miel antes dejar que se derrita debajo de la lengua.<\/li>\n<li><strong>Para el cabello :<\/strong>Sobre el cabello seco: mezclar 4 gotas de aceite esencial de \u00e1rbol de t\u00e9 con 6 gotas de aceite lim\u00f3n esencial en 10 cl de aceite de oliva. Aplicar esta mezcla sobre el cabello.\n<p>Tambi\u00e9n puede agregar unas gotas de aceite esencial de \u00e1rbol de t\u00e9 a un champ\u00fa suave.<\/li>\n<\/ul>\n<p><strong>Precauciones:<\/strong><\/p>\n<p>No recomendado durante el embarazo y la lactancia y en ni\u00f1os menores de 3 a\u00f1os<\/p>\n","protected":false},"featured_media":4047,"comment_status":"open","ping_status":"closed","template":"","meta":{"_acf_changed":false,"inline_featured_image":false,"_joinchat":[]},"product_brand":[],"product_cat":[85],"product_tag":[],"class_list":{"0":"post-3999","1":"product","2":"type-product","3":"status-publish","4":"has-post-thumbnail","6":"product_cat-remate-final","8":"first","9":"outofstock","10":"shipping-taxable","11":"purchasable","12":"product-type-simple"},"acf":[],"yoast_head":"<!-- This site is optimized with the Yoast SEO Premium plugin v25.1 (Yoast SEO v25.6) - https:\/\/yoast.com\/wordpress\/plugins\/seo\/ -->\n<title>Aceite esencial de \u00e1rbol de t\u00e9 - Floresdelsur<\/title>\n<meta name=\"description\" content=\"Aceite esencial de \u00e1rbol de t\u00e9, lucha contra las infecciones bucales | 654 511 258 | info@floresdelsur.com | \u00a1LL\u00c1MANOS! | Floresdelsur\" \/>\n<meta name=\"robots\" content=\"index, follow, max-snippet:-1, max-image-preview:large, max-video-preview:-1\" \/>\n<link rel=\"canonical\" href=\"https:\/\/floresdelsur.fr\/es\/producto\/aceite-esencial-de-arbol-de-te\/\" \/>\n<meta property=\"og:locale\" content=\"es_ES\" \/>\n<meta property=\"og:type\" content=\"article\" \/>\n<meta property=\"og:title\" content=\"Aceite esencial de \u00e1rbol de t\u00e9\" \/>\n<meta property=\"og:description\" content=\"Aceite esencial de \u00e1rbol de t\u00e9, lucha contra las infecciones bucales | 654 511 258 | info@floresdelsur.com | \u00a1LL\u00c1MANOS! | Floresdelsur\" \/>\n<meta property=\"og:url\" content=\"https:\/\/floresdelsur.fr\/es\/producto\/aceite-esencial-de-arbol-de-te\/\" \/>\n<meta property=\"og:site_name\" content=\"Floresdelsur\" \/>\n<meta property=\"article:publisher\" content=\"https:\/\/www.facebook.com\/FLORESDELSUR.FR\" \/>\n<meta property=\"article:modified_time\" content=\"2025-08-11T10:10:19+00:00\" \/>\n<meta property=\"og:image\" content=\"https:\/\/floresdelsur.fr\/wp-content\/uploads\/2025\/07\/Huile-essentielle-Arbre-a-The-e1683887630174.png\" \/>\n\t<meta property=\"og:image:width\" content=\"800\" \/>\n\t<meta property=\"og:image:height\" content=\"1067\" \/>\n\t<meta property=\"og:image:type\" content=\"image\/png\" \/>\n<meta name=\"twitter:card\" content=\"summary_large_image\" \/>\n<meta name=\"twitter:label1\" content=\"Tiempo de lectura\" \/>\n\t<meta name=\"twitter:data1\" content=\"1 minuto\" \/>\n<script type=\"application\/ld+json\" class=\"yoast-schema-graph\">{\"@context\":\"https:\/\/schema.org\",\"@graph\":[{\"@type\":\"WebPage\",\"@id\":\"https:\/\/floresdelsur.fr\/es\/producto\/aceite-esencial-de-arbol-de-te\/\",\"url\":\"https:\/\/floresdelsur.fr\/es\/producto\/aceite-esencial-de-arbol-de-te\/\",\"name\":\"Aceite esencial de \u00e1rbol de t\u00e9 - Floresdelsur\",\"isPartOf\":{\"@id\":\"https:\/\/floresdelsur.fr\/es\/#website\"},\"primaryImageOfPage\":{\"@id\":\"https:\/\/floresdelsur.fr\/es\/producto\/aceite-esencial-de-arbol-de-te\/#primaryimage\"},\"image\":{\"@id\":\"https:\/\/floresdelsur.fr\/es\/producto\/aceite-esencial-de-arbol-de-te\/#primaryimage\"},\"thumbnailUrl\":\"https:\/\/floresdelsur.fr\/wp-content\/uploads\/2025\/07\/Huile-essentielle-Arbre-a-The-e1683887630174.png\",\"datePublished\":\"2025-07-18T11:09:07+00:00\",\"dateModified\":\"2025-08-11T10:10:19+00:00\",\"description\":\"Aceite esencial de \u00e1rbol de t\u00e9, lucha contra las infecciones bucales | 654 511 258 | info@floresdelsur.com | \u00a1LL\u00c1MANOS! | Floresdelsur\",\"breadcrumb\":{\"@id\":\"https:\/\/floresdelsur.fr\/es\/producto\/aceite-esencial-de-arbol-de-te\/#breadcrumb\"},\"inLanguage\":\"es\",\"potentialAction\":[{\"@type\":\"ReadAction\",\"target\":[\"https:\/\/floresdelsur.fr\/es\/producto\/aceite-esencial-de-arbol-de-te\/\"]}]},{\"@type\":\"ImageObject\",\"inLanguage\":\"es\",\"@id\":\"https:\/\/floresdelsur.fr\/es\/producto\/aceite-esencial-de-arbol-de-te\/#primaryimage\",\"url\":\"https:\/\/floresdelsur.fr\/wp-content\/uploads\/2025\/07\/Huile-essentielle-Arbre-a-The-e1683887630174.png\",\"contentUrl\":\"https:\/\/floresdelsur.fr\/wp-content\/uploads\/2025\/07\/Huile-essentielle-Arbre-a-The-e1683887630174.png\",\"width\":800,\"height\":1067},{\"@type\":\"BreadcrumbList\",\"@id\":\"https:\/\/floresdelsur.fr\/es\/producto\/aceite-esencial-de-arbol-de-te\/#breadcrumb\",\"itemListElement\":[{\"@type\":\"ListItem\",\"position\":1,\"name\":\"Portada\",\"item\":\"https:\/\/floresdelsur.fr\/es\/\"},{\"@type\":\"ListItem\",\"position\":2,\"name\":\"Shop\",\"item\":\"https:\/\/floresdelsur.fr\/shop\/\"},{\"@type\":\"ListItem\",\"position\":3,\"name\":\"Aceite esencial de \u00e1rbol de t\u00e9\"}]},{\"@type\":\"WebSite\",\"@id\":\"https:\/\/floresdelsur.fr\/es\/#website\",\"url\":\"https:\/\/floresdelsur.fr\/es\/\",\"name\":\"Floresdelsur\",\"description\":\"Productos de limpieza e higiene naturales y sostenibles para profesionales\",\"publisher\":{\"@id\":\"https:\/\/floresdelsur.fr\/es\/#organization\"},\"potentialAction\":[{\"@type\":\"SearchAction\",\"target\":{\"@type\":\"EntryPoint\",\"urlTemplate\":\"https:\/\/floresdelsur.fr\/es\/?s={search_term_string}\"},\"query-input\":{\"@type\":\"PropertyValueSpecification\",\"valueRequired\":true,\"valueName\":\"search_term_string\"}}],\"inLanguage\":\"es\"},{\"@type\":\"Organization\",\"@id\":\"https:\/\/floresdelsur.fr\/es\/#organization\",\"name\":\"Floresdelsur\",\"url\":\"https:\/\/floresdelsur.fr\/es\/\",\"logo\":{\"@type\":\"ImageObject\",\"inLanguage\":\"es\",\"@id\":\"https:\/\/floresdelsur.fr\/es\/#\/schema\/logo\/image\/\",\"url\":\"https:\/\/floresdelsur.fr\/wp-content\/uploads\/2025\/08\/icono-reamte-final.jpg\",\"contentUrl\":\"https:\/\/floresdelsur.fr\/wp-content\/uploads\/2025\/08\/icono-reamte-final.jpg\",\"width\":700,\"height\":700,\"caption\":\"Floresdelsur\"},\"image\":{\"@id\":\"https:\/\/floresdelsur.fr\/es\/#\/schema\/logo\/image\/\"},\"sameAs\":[\"https:\/\/www.facebook.com\/FLORESDELSUR.FR\",\"https:\/\/www.instagram.com\/floresdelsur1\/\"]}]}<\/script>\n<!-- \/ Yoast SEO Premium plugin. -->","yoast_head_json":{"title":"Aceite esencial de \u00e1rbol de t\u00e9 - Floresdelsur","description":"Aceite esencial de \u00e1rbol de t\u00e9, lucha contra las infecciones bucales | 654 511 258 | info@floresdelsur.com | \u00a1LL\u00c1MANOS! | Floresdelsur","robots":{"index":"index","follow":"follow","max-snippet":"max-snippet:-1","max-image-preview":"max-image-preview:large","max-video-preview":"max-video-preview:-1"},"canonical":"https:\/\/floresdelsur.fr\/es\/producto\/aceite-esencial-de-arbol-de-te\/","og_locale":"es_ES","og_type":"article","og_title":"Aceite esencial de \u00e1rbol de t\u00e9","og_description":"Aceite esencial de \u00e1rbol de t\u00e9, lucha contra las infecciones bucales | 654 511 258 | info@floresdelsur.com | \u00a1LL\u00c1MANOS! | Floresdelsur","og_url":"https:\/\/floresdelsur.fr\/es\/producto\/aceite-esencial-de-arbol-de-te\/","og_site_name":"Floresdelsur","article_publisher":"https:\/\/www.facebook.com\/FLORESDELSUR.FR","article_modified_time":"2025-08-11T10:10:19+00:00","og_image":[{"width":800,"height":1067,"url":"https:\/\/floresdelsur.fr\/wp-content\/uploads\/2025\/07\/Huile-essentielle-Arbre-a-The-e1683887630174.png","type":"image\/png"}],"twitter_card":"summary_large_image","twitter_misc":{"Tiempo de lectura":"1 minuto"},"schema":{"@context":"https:\/\/schema.org","@graph":[{"@type":"WebPage","@id":"https:\/\/floresdelsur.fr\/es\/producto\/aceite-esencial-de-arbol-de-te\/","url":"https:\/\/floresdelsur.fr\/es\/producto\/aceite-esencial-de-arbol-de-te\/","name":"Aceite esencial de \u00e1rbol de t\u00e9 - Floresdelsur","isPartOf":{"@id":"https:\/\/floresdelsur.fr\/es\/#website"},"primaryImageOfPage":{"@id":"https:\/\/floresdelsur.fr\/es\/producto\/aceite-esencial-de-arbol-de-te\/#primaryimage"},"image":{"@id":"https:\/\/floresdelsur.fr\/es\/producto\/aceite-esencial-de-arbol-de-te\/#primaryimage"},"thumbnailUrl":"https:\/\/floresdelsur.fr\/wp-content\/uploads\/2025\/07\/Huile-essentielle-Arbre-a-The-e1683887630174.png","datePublished":"2025-07-18T11:09:07+00:00","dateModified":"2025-08-11T10:10:19+00:00","description":"Aceite esencial de \u00e1rbol de t\u00e9, lucha contra las infecciones bucales | 654 511 258 | info@floresdelsur.com | \u00a1LL\u00c1MANOS! | Floresdelsur","breadcrumb":{"@id":"https:\/\/floresdelsur.fr\/es\/producto\/aceite-esencial-de-arbol-de-te\/#breadcrumb"},"inLanguage":"es","potentialAction":[{"@type":"ReadAction","target":["https:\/\/floresdelsur.fr\/es\/producto\/aceite-esencial-de-arbol-de-te\/"]}]},{"@type":"ImageObject","inLanguage":"es","@id":"https:\/\/floresdelsur.fr\/es\/producto\/aceite-esencial-de-arbol-de-te\/#primaryimage","url":"https:\/\/floresdelsur.fr\/wp-content\/uploads\/2025\/07\/Huile-essentielle-Arbre-a-The-e1683887630174.png","contentUrl":"https:\/\/floresdelsur.fr\/wp-content\/uploads\/2025\/07\/Huile-essentielle-Arbre-a-The-e1683887630174.png","width":800,"height":1067},{"@type":"BreadcrumbList","@id":"https:\/\/floresdelsur.fr\/es\/producto\/aceite-esencial-de-arbol-de-te\/#breadcrumb","itemListElement":[{"@type":"ListItem","position":1,"name":"Portada","item":"https:\/\/floresdelsur.fr\/es\/"},{"@type":"ListItem","position":2,"name":"Shop","item":"https:\/\/floresdelsur.fr\/shop\/"},{"@type":"ListItem","position":3,"name":"Aceite esencial de \u00e1rbol de t\u00e9"}]},{"@type":"WebSite","@id":"https:\/\/floresdelsur.fr\/es\/#website","url":"https:\/\/floresdelsur.fr\/es\/","name":"Floresdelsur","description":"Productos de limpieza e higiene naturales y sostenibles para profesionales","publisher":{"@id":"https:\/\/floresdelsur.fr\/es\/#organization"},"potentialAction":[{"@type":"SearchAction","target":{"@type":"EntryPoint","urlTemplate":"https:\/\/floresdelsur.fr\/es\/?s={search_term_string}"},"query-input":{"@type":"PropertyValueSpecification","valueRequired":true,"valueName":"search_term_string"}}],"inLanguage":"es"},{"@type":"Organization","@id":"https:\/\/floresdelsur.fr\/es\/#organization","name":"Floresdelsur","url":"https:\/\/floresdelsur.fr\/es\/","logo":{"@type":"ImageObject","inLanguage":"es","@id":"https:\/\/floresdelsur.fr\/es\/#\/schema\/logo\/image\/","url":"https:\/\/floresdelsur.fr\/wp-content\/uploads\/2025\/08\/icono-reamte-final.jpg","contentUrl":"https:\/\/floresdelsur.fr\/wp-content\/uploads\/2025\/08\/icono-reamte-final.jpg","width":700,"height":700,"caption":"Floresdelsur"},"image":{"@id":"https:\/\/floresdelsur.fr\/es\/#\/schema\/logo\/image\/"},"sameAs":["https:\/\/www.facebook.com\/FLORESDELSUR.FR","https:\/\/www.instagram.com\/floresdelsur1\/"]}]}},"_links":{"self":[{"href":"https:\/\/floresdelsur.fr\/es\/wp-json\/wp\/v2\/product\/3999","targetHints":{"allow":["GET"]}}],"collection":[{"href":"https:\/\/floresdelsur.fr\/es\/wp-json\/wp\/v2\/product"}],"about":[{"href":"https:\/\/floresdelsur.fr\/es\/wp-json\/wp\/v2\/types\/product"}],"replies":[{"embeddable":true,"href":"https:\/\/floresdelsur.fr\/es\/wp-json\/wp\/v2\/comments?post=3999"}],"wp:featuredmedia":[{"embeddable":true,"href":"https:\/\/floresdelsur.fr\/es\/wp-json\/wp\/v2\/media\/4047"}],"wp:attachment":[{"href":"https:\/\/floresdelsur.fr\/es\/wp-json\/wp\/v2\/media?parent=3999"}],"wp:term":[{"taxonomy":"product_brand","embeddable":true,"href":"https:\/\/floresdelsur.fr\/es\/wp-json\/wp\/v2\/product_brand?post=3999"},{"taxonomy":"product_cat","embeddable":true,"href":"https:\/\/floresdelsur.fr\/es\/wp-json\/wp\/v2\/product_cat?post=3999"},{"taxonomy":"product_tag","embeddable":true,"href":"https:\/\/floresdelsur.fr\/es\/wp-json\/wp\/v2\/product_tag?post=3999"}],"curies":[{"name":"wp","href":"https:\/\/api.w.org\/{rel}","templated":true}]}}