{"id":3996,"date":"2025-07-18T13:09:07","date_gmt":"2025-07-18T11:09:07","guid":{"rendered":"https:\/\/floresdelsur.fr\/?post_type=product&#038;p=3996"},"modified":"2025-08-11T11:58:43","modified_gmt":"2025-08-11T09:58:43","slug":"aceite-de-argan-con-pachuli","status":"publish","type":"product","link":"https:\/\/floresdelsur.fr\/es\/producto\/aceite-de-argan-con-pachuli\/","title":{"rendered":"Aceite de arg\u00e1n con pachuli"},"content":{"rendered":"<p><strong>El aceite de arg\u00e1n con pachul\u00ed es un aceite multifuncional que hidrata y protege la piel.<\/strong><\/p>\n<ul>\n<li>Ayuda a atenuar cicatrices y estr\u00edas as\u00ed como a encontrar piernas ligeras gracias a su<\/li>\n<li>Propiedades t\u00f3nicas y descongestionantes.<\/li>\n<\/ul>\n<p><strong>Propiedades:<\/strong><\/p>\n<ul>\n<li>Anti-inflamatoria<\/li>\n<li>Regenerador celular<\/li>\n<li>Hidratar<\/li>\n<li>Desinfectante<\/li>\n<li>Cicatrizaci\u00f3n<\/li>\n<\/ul>\n<p><strong>Consejo :<\/strong><\/p>\n<p>Para el cuerpo: al salir de la ducha, c\u00fabrete el cuerpo y el rostro con aceite de arg\u00e1n con pachul\u00ed. Masajee suavemente con movimientos circulares, encontrar\u00e1 que penetra r\u00e1pidamente.<\/p>\n<p>Tambi\u00e9n puede agregar unas gotas al agua de su ba\u00f1o para prevenir la piedra caliza se seque la piel.<\/p>\n<p><strong>Como tratamiento de peinado: aplica el aceite en tu cepillo. Peina tu cabello, te dar\u00e1 brillo a tu cabello y lo perfumar\u00e1 agradablemente.<\/strong><\/p>\n<p><strong>Para hombres: aplicar el aceite como after shave. Deja tu piel suave y agradablemente perfumado.<\/strong><\/p>\n","protected":false},"excerpt":{"rendered":"<p><strong>El aceite de arg\u00e1n con pachul\u00ed es un aceite multifuncional que hidrata y protege la piel.<\/strong><\/p>\n<ul>\n<li>Ayuda a atenuar cicatrices y estr\u00edas as\u00ed como a encontrar piernas ligeras gracias a su<\/li>\n<li>Propiedades t\u00f3nicas y descongestionantes.<\/li>\n<\/ul>\n<p><strong>Propiedades:<\/strong><\/p>\n<ul>\n<li>Anti-inflamatoria<\/li>\n<li>Regenerador celular<\/li>\n<li>Hidratar<\/li>\n<li>Desinfectante<\/li>\n<li>Cicatrizaci\u00f3n<\/li>\n<\/ul>\n<p><strong>Consejo :<\/strong><\/p>\n<p>Para el cuerpo: al salir de la ducha, c\u00fabrete el cuerpo y el rostro con aceite de arg\u00e1n con pachul\u00ed. Masajee suavemente con movimientos circulares, encontrar\u00e1 que penetra r\u00e1pidamente.<\/p>\n<p>Tambi\u00e9n puede agregar unas gotas al agua de su ba\u00f1o para prevenir la piedra caliza se seque la piel.<\/p>\n<p><strong>Como tratamiento de peinado: aplica el aceite en tu cepillo. Peina tu cabello, te dar\u00e1 brillo a tu cabello y lo perfumar\u00e1 agradablemente.<\/strong><\/p>\n<p><strong>Para hombres: aplicar el aceite como after shave. Deja tu piel suave y agradablemente perfumado.<\/strong><\/p>\n","protected":false},"featured_media":4035,"comment_status":"open","ping_status":"closed","template":"","meta":{"_acf_changed":false,"inline_featured_image":false,"_joinchat":[]},"product_brand":[],"product_cat":[85],"product_tag":[],"class_list":{"0":"post-3996","1":"product","2":"type-product","3":"status-publish","4":"has-post-thumbnail","6":"product_cat-remate-final","8":"first","9":"instock","10":"shipping-taxable","11":"purchasable","12":"product-type-simple"},"acf":[],"yoast_head":"<!-- This site is optimized with the Yoast SEO Premium plugin v25.1 (Yoast SEO v25.6) - https:\/\/yoast.com\/wordpress\/plugins\/seo\/ -->\n<title>Aceite de arg\u00e1n con pachuli - Floresdelsur<\/title>\n<meta name=\"description\" content=\"Aceite de arg\u00e1n con pachuli, aceite multifuncional que hidrata y protege la piel | 654 511 258 | info@floresdelsur.com | \u00a1LL\u00c1MANOS!\" \/>\n<meta name=\"robots\" content=\"index, follow, max-snippet:-1, max-image-preview:large, max-video-preview:-1\" \/>\n<link rel=\"canonical\" href=\"https:\/\/floresdelsur.fr\/es\/producto\/aceite-de-argan-con-pachuli\/\" \/>\n<meta property=\"og:locale\" content=\"es_ES\" \/>\n<meta property=\"og:type\" content=\"article\" \/>\n<meta property=\"og:title\" content=\"Aceite de arg\u00e1n con pachuli\" \/>\n<meta property=\"og:description\" content=\"Aceite de arg\u00e1n con pachuli, aceite multifuncional que hidrata y protege la piel | 654 511 258 | info@floresdelsur.com | \u00a1LL\u00c1MANOS!\" \/>\n<meta property=\"og:url\" content=\"https:\/\/floresdelsur.fr\/es\/producto\/aceite-de-argan-con-pachuli\/\" \/>\n<meta property=\"og:site_name\" content=\"Floresdelsur\" \/>\n<meta property=\"article:publisher\" content=\"https:\/\/www.facebook.com\/FLORESDELSUR.FR\" \/>\n<meta property=\"article:modified_time\" content=\"2025-08-11T09:58:43+00:00\" \/>\n<meta property=\"og:image\" content=\"https:\/\/floresdelsur.fr\/wp-content\/uploads\/2025\/07\/Huile-dargan-au-Patchouli-e1683887802465.png\" \/>\n\t<meta property=\"og:image:width\" content=\"800\" \/>\n\t<meta property=\"og:image:height\" content=\"1067\" \/>\n\t<meta property=\"og:image:type\" content=\"image\/png\" \/>\n<meta name=\"twitter:card\" content=\"summary_large_image\" \/>\n<meta name=\"twitter:label1\" content=\"Tiempo de lectura\" \/>\n\t<meta name=\"twitter:data1\" content=\"1 minuto\" \/>\n<script type=\"application\/ld+json\" class=\"yoast-schema-graph\">{\"@context\":\"https:\/\/schema.org\",\"@graph\":[{\"@type\":\"WebPage\",\"@id\":\"https:\/\/floresdelsur.fr\/es\/producto\/aceite-de-argan-con-pachuli\/\",\"url\":\"https:\/\/floresdelsur.fr\/es\/producto\/aceite-de-argan-con-pachuli\/\",\"name\":\"Aceite de arg\u00e1n con pachuli - Floresdelsur\",\"isPartOf\":{\"@id\":\"https:\/\/floresdelsur.fr\/es\/#website\"},\"primaryImageOfPage\":{\"@id\":\"https:\/\/floresdelsur.fr\/es\/producto\/aceite-de-argan-con-pachuli\/#primaryimage\"},\"image\":{\"@id\":\"https:\/\/floresdelsur.fr\/es\/producto\/aceite-de-argan-con-pachuli\/#primaryimage\"},\"thumbnailUrl\":\"https:\/\/floresdelsur.fr\/wp-content\/uploads\/2025\/07\/Huile-dargan-au-Patchouli-e1683887802465.png\",\"datePublished\":\"2025-07-18T11:09:07+00:00\",\"dateModified\":\"2025-08-11T09:58:43+00:00\",\"description\":\"Aceite de arg\u00e1n con pachuli, aceite multifuncional que hidrata y protege la piel | 654 511 258 | info@floresdelsur.com | \u00a1LL\u00c1MANOS!\",\"breadcrumb\":{\"@id\":\"https:\/\/floresdelsur.fr\/es\/producto\/aceite-de-argan-con-pachuli\/#breadcrumb\"},\"inLanguage\":\"es\",\"potentialAction\":[{\"@type\":\"ReadAction\",\"target\":[\"https:\/\/floresdelsur.fr\/es\/producto\/aceite-de-argan-con-pachuli\/\"]}]},{\"@type\":\"ImageObject\",\"inLanguage\":\"es\",\"@id\":\"https:\/\/floresdelsur.fr\/es\/producto\/aceite-de-argan-con-pachuli\/#primaryimage\",\"url\":\"https:\/\/floresdelsur.fr\/wp-content\/uploads\/2025\/07\/Huile-dargan-au-Patchouli-e1683887802465.png\",\"contentUrl\":\"https:\/\/floresdelsur.fr\/wp-content\/uploads\/2025\/07\/Huile-dargan-au-Patchouli-e1683887802465.png\",\"width\":800,\"height\":1067},{\"@type\":\"BreadcrumbList\",\"@id\":\"https:\/\/floresdelsur.fr\/es\/producto\/aceite-de-argan-con-pachuli\/#breadcrumb\",\"itemListElement\":[{\"@type\":\"ListItem\",\"position\":1,\"name\":\"Portada\",\"item\":\"https:\/\/floresdelsur.fr\/es\/\"},{\"@type\":\"ListItem\",\"position\":2,\"name\":\"Shop\",\"item\":\"https:\/\/floresdelsur.fr\/shop\/\"},{\"@type\":\"ListItem\",\"position\":3,\"name\":\"Aceite de arg\u00e1n con pachuli\"}]},{\"@type\":\"WebSite\",\"@id\":\"https:\/\/floresdelsur.fr\/es\/#website\",\"url\":\"https:\/\/floresdelsur.fr\/es\/\",\"name\":\"Floresdelsur\",\"description\":\"Productos de limpieza e higiene naturales y sostenibles para profesionales\",\"publisher\":{\"@id\":\"https:\/\/floresdelsur.fr\/es\/#organization\"},\"potentialAction\":[{\"@type\":\"SearchAction\",\"target\":{\"@type\":\"EntryPoint\",\"urlTemplate\":\"https:\/\/floresdelsur.fr\/es\/?s={search_term_string}\"},\"query-input\":{\"@type\":\"PropertyValueSpecification\",\"valueRequired\":true,\"valueName\":\"search_term_string\"}}],\"inLanguage\":\"es\"},{\"@type\":\"Organization\",\"@id\":\"https:\/\/floresdelsur.fr\/es\/#organization\",\"name\":\"Floresdelsur\",\"url\":\"https:\/\/floresdelsur.fr\/es\/\",\"logo\":{\"@type\":\"ImageObject\",\"inLanguage\":\"es\",\"@id\":\"https:\/\/floresdelsur.fr\/es\/#\/schema\/logo\/image\/\",\"url\":\"https:\/\/floresdelsur.fr\/wp-content\/uploads\/2025\/08\/icono-reamte-final.jpg\",\"contentUrl\":\"https:\/\/floresdelsur.fr\/wp-content\/uploads\/2025\/08\/icono-reamte-final.jpg\",\"width\":700,\"height\":700,\"caption\":\"Floresdelsur\"},\"image\":{\"@id\":\"https:\/\/floresdelsur.fr\/es\/#\/schema\/logo\/image\/\"},\"sameAs\":[\"https:\/\/www.facebook.com\/FLORESDELSUR.FR\",\"https:\/\/www.instagram.com\/floresdelsur1\/\"]}]}<\/script>\n<!-- \/ Yoast SEO Premium plugin. -->","yoast_head_json":{"title":"Aceite de arg\u00e1n con pachuli - Floresdelsur","description":"Aceite de arg\u00e1n con pachuli, aceite multifuncional que hidrata y protege la piel | 654 511 258 | info@floresdelsur.com | \u00a1LL\u00c1MANOS!","robots":{"index":"index","follow":"follow","max-snippet":"max-snippet:-1","max-image-preview":"max-image-preview:large","max-video-preview":"max-video-preview:-1"},"canonical":"https:\/\/floresdelsur.fr\/es\/producto\/aceite-de-argan-con-pachuli\/","og_locale":"es_ES","og_type":"article","og_title":"Aceite de arg\u00e1n con pachuli","og_description":"Aceite de arg\u00e1n con pachuli, aceite multifuncional que hidrata y protege la piel | 654 511 258 | info@floresdelsur.com | \u00a1LL\u00c1MANOS!","og_url":"https:\/\/floresdelsur.fr\/es\/producto\/aceite-de-argan-con-pachuli\/","og_site_name":"Floresdelsur","article_publisher":"https:\/\/www.facebook.com\/FLORESDELSUR.FR","article_modified_time":"2025-08-11T09:58:43+00:00","og_image":[{"width":800,"height":1067,"url":"https:\/\/floresdelsur.fr\/wp-content\/uploads\/2025\/07\/Huile-dargan-au-Patchouli-e1683887802465.png","type":"image\/png"}],"twitter_card":"summary_large_image","twitter_misc":{"Tiempo de lectura":"1 minuto"},"schema":{"@context":"https:\/\/schema.org","@graph":[{"@type":"WebPage","@id":"https:\/\/floresdelsur.fr\/es\/producto\/aceite-de-argan-con-pachuli\/","url":"https:\/\/floresdelsur.fr\/es\/producto\/aceite-de-argan-con-pachuli\/","name":"Aceite de arg\u00e1n con pachuli - Floresdelsur","isPartOf":{"@id":"https:\/\/floresdelsur.fr\/es\/#website"},"primaryImageOfPage":{"@id":"https:\/\/floresdelsur.fr\/es\/producto\/aceite-de-argan-con-pachuli\/#primaryimage"},"image":{"@id":"https:\/\/floresdelsur.fr\/es\/producto\/aceite-de-argan-con-pachuli\/#primaryimage"},"thumbnailUrl":"https:\/\/floresdelsur.fr\/wp-content\/uploads\/2025\/07\/Huile-dargan-au-Patchouli-e1683887802465.png","datePublished":"2025-07-18T11:09:07+00:00","dateModified":"2025-08-11T09:58:43+00:00","description":"Aceite de arg\u00e1n con pachuli, aceite multifuncional que hidrata y protege la piel | 654 511 258 | info@floresdelsur.com | \u00a1LL\u00c1MANOS!","breadcrumb":{"@id":"https:\/\/floresdelsur.fr\/es\/producto\/aceite-de-argan-con-pachuli\/#breadcrumb"},"inLanguage":"es","potentialAction":[{"@type":"ReadAction","target":["https:\/\/floresdelsur.fr\/es\/producto\/aceite-de-argan-con-pachuli\/"]}]},{"@type":"ImageObject","inLanguage":"es","@id":"https:\/\/floresdelsur.fr\/es\/producto\/aceite-de-argan-con-pachuli\/#primaryimage","url":"https:\/\/floresdelsur.fr\/wp-content\/uploads\/2025\/07\/Huile-dargan-au-Patchouli-e1683887802465.png","contentUrl":"https:\/\/floresdelsur.fr\/wp-content\/uploads\/2025\/07\/Huile-dargan-au-Patchouli-e1683887802465.png","width":800,"height":1067},{"@type":"BreadcrumbList","@id":"https:\/\/floresdelsur.fr\/es\/producto\/aceite-de-argan-con-pachuli\/#breadcrumb","itemListElement":[{"@type":"ListItem","position":1,"name":"Portada","item":"https:\/\/floresdelsur.fr\/es\/"},{"@type":"ListItem","position":2,"name":"Shop","item":"https:\/\/floresdelsur.fr\/shop\/"},{"@type":"ListItem","position":3,"name":"Aceite de arg\u00e1n con pachuli"}]},{"@type":"WebSite","@id":"https:\/\/floresdelsur.fr\/es\/#website","url":"https:\/\/floresdelsur.fr\/es\/","name":"Floresdelsur","description":"Productos de limpieza e higiene naturales y sostenibles para profesionales","publisher":{"@id":"https:\/\/floresdelsur.fr\/es\/#organization"},"potentialAction":[{"@type":"SearchAction","target":{"@type":"EntryPoint","urlTemplate":"https:\/\/floresdelsur.fr\/es\/?s={search_term_string}"},"query-input":{"@type":"PropertyValueSpecification","valueRequired":true,"valueName":"search_term_string"}}],"inLanguage":"es"},{"@type":"Organization","@id":"https:\/\/floresdelsur.fr\/es\/#organization","name":"Floresdelsur","url":"https:\/\/floresdelsur.fr\/es\/","logo":{"@type":"ImageObject","inLanguage":"es","@id":"https:\/\/floresdelsur.fr\/es\/#\/schema\/logo\/image\/","url":"https:\/\/floresdelsur.fr\/wp-content\/uploads\/2025\/08\/icono-reamte-final.jpg","contentUrl":"https:\/\/floresdelsur.fr\/wp-content\/uploads\/2025\/08\/icono-reamte-final.jpg","width":700,"height":700,"caption":"Floresdelsur"},"image":{"@id":"https:\/\/floresdelsur.fr\/es\/#\/schema\/logo\/image\/"},"sameAs":["https:\/\/www.facebook.com\/FLORESDELSUR.FR","https:\/\/www.instagram.com\/floresdelsur1\/"]}]}},"_links":{"self":[{"href":"https:\/\/floresdelsur.fr\/es\/wp-json\/wp\/v2\/product\/3996","targetHints":{"allow":["GET"]}}],"collection":[{"href":"https:\/\/floresdelsur.fr\/es\/wp-json\/wp\/v2\/product"}],"about":[{"href":"https:\/\/floresdelsur.fr\/es\/wp-json\/wp\/v2\/types\/product"}],"replies":[{"embeddable":true,"href":"https:\/\/floresdelsur.fr\/es\/wp-json\/wp\/v2\/comments?post=3996"}],"wp:featuredmedia":[{"embeddable":true,"href":"https:\/\/floresdelsur.fr\/es\/wp-json\/wp\/v2\/media\/4035"}],"wp:attachment":[{"href":"https:\/\/floresdelsur.fr\/es\/wp-json\/wp\/v2\/media?parent=3996"}],"wp:term":[{"taxonomy":"product_brand","embeddable":true,"href":"https:\/\/floresdelsur.fr\/es\/wp-json\/wp\/v2\/product_brand?post=3996"},{"taxonomy":"product_cat","embeddable":true,"href":"https:\/\/floresdelsur.fr\/es\/wp-json\/wp\/v2\/product_cat?post=3996"},{"taxonomy":"product_tag","embeddable":true,"href":"https:\/\/floresdelsur.fr\/es\/wp-json\/wp\/v2\/product_tag?post=3996"}],"curies":[{"name":"wp","href":"https:\/\/api.w.org\/{rel}","templated":true}]}}