{"id":3994,"date":"2025-07-18T13:09:07","date_gmt":"2025-07-18T11:09:07","guid":{"rendered":"https:\/\/floresdelsur.fr\/?post_type=product&#038;p=3994"},"modified":"2025-08-11T11:39:02","modified_gmt":"2025-08-11T09:39:02","slug":"aceite-de-argan-con-higo-chumbo","status":"publish","type":"product","link":"https:\/\/floresdelsur.fr\/es\/producto\/aceite-de-argan-con-higo-chumbo\/","title":{"rendered":"Aceite de arg\u00e1n con higo chumbo"},"content":{"rendered":"<p><strong>El aceite de arg\u00e1n con higo chumbo combina 2 aceites excepcionales.<\/strong><\/p>\n<ul>\n<li>Lucha contra el envejecimiento y devuelve la firmeza y el tono a la piel.<\/li>\n<li>Para pieles at\u00f3picas, ultrasecas y propensas a eczemas, funciona de maravilla.<\/li>\n<li>Calma irritaciones, picores, hidrata en profundidad y repara la piel cuando se esta da\u00f1ado.<\/li>\n<li>Este aceite tambi\u00e9n repara las puntas abiertas a largo plazo y previene la rotura del cabello.<\/li>\n<li>Protege el cabello de la oxidaci\u00f3n y ayuda a reparar los fol\u00edculos pilosos da\u00f1ados.<\/li>\n<li>Tambi\u00e9n se sabe que el aceite de arg\u00e1n con higo chumbo es eficaz contra las cicatrices, arrugas y manchas marrones.<\/li>\n<\/ul>\n<p><strong>Propiedades :<\/strong><\/p>\n<ul>\n<li>Nutre, suaviza, revitaliza y fortalece la piel<\/li>\n<li>Contiene fuertes ingredientes activos anti-radicales y anti-envejecimiento.<\/li>\n<li>Restaura la firmeza de la piel y Regenera y tonifica la piel<\/li>\n<li>Cierra los poros y combate el acn\u00e9.<\/li>\n<li>Estimula la producci\u00f3n de col\u00e1geno.<\/li>\n<li>Rico en Antioxidante<\/li>\n<li>Reduce las ojeras debajo de los ojos<\/li>\n<li>Reduce las arrugas y disminuye la visibilidad de las imperfecciones<\/li>\n<li>Reduce las grietas provocadas por el fr\u00edo y da a la piel un aspecto satinado y sedoso<\/li>\n<\/ul>\n<p><strong>CAPACIDAD: 60ml<\/strong><\/p>\n","protected":false},"excerpt":{"rendered":"<p><strong>El aceite de arg\u00e1n con higo chumbo combina 2 aceites excepcionales.<\/strong><\/p>\n<ul>\n<li>Lucha contra el envejecimiento y devuelve la firmeza y el tono a la piel.<\/li>\n<li>Para pieles at\u00f3picas, ultrasecas y propensas a eczemas, funciona de maravilla.<\/li>\n<li>Calma irritaciones, picores, hidrata en profundidad y repara la piel cuando se esta da\u00f1ado.<\/li>\n<li>Este aceite tambi\u00e9n repara las puntas abiertas a largo plazo y previene la rotura del cabello.<\/li>\n<li>Protege el cabello de la oxidaci\u00f3n y ayuda a reparar los fol\u00edculos pilosos da\u00f1ados.<\/li>\n<li>Tambi\u00e9n se sabe que el aceite de arg\u00e1n con higo chumbo es eficaz contra las cicatrices, arrugas y manchas marrones.<\/li>\n<\/ul>\n<p><strong>Propiedades :<\/strong><\/p>\n<ul>\n<li>Nutre, suaviza, revitaliza y fortalece la piel<\/li>\n<li>Contiene fuertes ingredientes activos anti-radicales y anti-envejecimiento.<\/li>\n<li>Restaura la firmeza de la piel y Regenera y tonifica la piel<\/li>\n<li>Cierra los poros y combate el acn\u00e9.<\/li>\n<li>Estimula la producci\u00f3n de col\u00e1geno.<\/li>\n<li>Rico en Antioxidante<\/li>\n<li>Reduce las ojeras debajo de los ojos<\/li>\n<li>Reduce las arrugas y disminuye la visibilidad de las imperfecciones<\/li>\n<li>Reduce las grietas provocadas por el fr\u00edo y da a la piel un aspecto satinado y sedoso<\/li>\n<\/ul>\n<p><strong>CAPACIDAD: 60ml<\/strong><\/p>\n","protected":false},"featured_media":4026,"comment_status":"open","ping_status":"closed","template":"","meta":{"_acf_changed":false,"inline_featured_image":false,"_joinchat":[]},"product_brand":[],"product_cat":[85],"product_tag":[],"class_list":{"0":"post-3994","1":"product","2":"type-product","3":"status-publish","4":"has-post-thumbnail","6":"product_cat-remate-final","8":"first","9":"instock","10":"shipping-taxable","11":"purchasable","12":"product-type-simple"},"acf":[],"yoast_head":"<!-- This site is optimized with the Yoast SEO Premium plugin v25.1 (Yoast SEO v25.6) - https:\/\/yoast.com\/wordpress\/plugins\/seo\/ -->\n<title>Aceite de arg\u00e1n con higo chumbo - Floresdelsur<\/title>\n<meta name=\"description\" content=\"Aceite de arg\u00e1n con higo chumbo, lucha contra el envejecimiento | 654 511 258 | info@floresdelsur.com | \u00a1LL\u00c1MANOS! | Floresdelsur\" \/>\n<meta name=\"robots\" content=\"index, follow, max-snippet:-1, max-image-preview:large, max-video-preview:-1\" \/>\n<link rel=\"canonical\" href=\"https:\/\/floresdelsur.fr\/es\/producto\/aceite-de-argan-con-higo-chumbo\/\" \/>\n<meta property=\"og:locale\" content=\"es_ES\" \/>\n<meta property=\"og:type\" content=\"article\" \/>\n<meta property=\"og:title\" content=\"Aceite de arg\u00e1n con higo chumbo\" \/>\n<meta property=\"og:description\" content=\"Aceite de arg\u00e1n con higo chumbo, lucha contra el envejecimiento | 654 511 258 | info@floresdelsur.com | \u00a1LL\u00c1MANOS! | Floresdelsur\" \/>\n<meta property=\"og:url\" content=\"https:\/\/floresdelsur.fr\/es\/producto\/aceite-de-argan-con-higo-chumbo\/\" \/>\n<meta property=\"og:site_name\" content=\"Floresdelsur\" \/>\n<meta property=\"article:publisher\" content=\"https:\/\/www.facebook.com\/FLORESDELSUR.FR\" \/>\n<meta property=\"article:modified_time\" content=\"2025-08-11T09:39:02+00:00\" \/>\n<meta property=\"og:image\" content=\"https:\/\/floresdelsur.fr\/wp-content\/uploads\/2025\/07\/Huile-dargan-a-la-figue-de-barbarie-e1683888095868.png\" \/>\n\t<meta property=\"og:image:width\" content=\"800\" \/>\n\t<meta property=\"og:image:height\" content=\"1067\" \/>\n\t<meta property=\"og:image:type\" content=\"image\/png\" \/>\n<meta name=\"twitter:card\" content=\"summary_large_image\" \/>\n<meta name=\"twitter:label1\" content=\"Tiempo de lectura\" \/>\n\t<meta name=\"twitter:data1\" content=\"1 minuto\" \/>\n<script type=\"application\/ld+json\" class=\"yoast-schema-graph\">{\"@context\":\"https:\/\/schema.org\",\"@graph\":[{\"@type\":\"WebPage\",\"@id\":\"https:\/\/floresdelsur.fr\/es\/producto\/aceite-de-argan-con-higo-chumbo\/\",\"url\":\"https:\/\/floresdelsur.fr\/es\/producto\/aceite-de-argan-con-higo-chumbo\/\",\"name\":\"Aceite de arg\u00e1n con higo chumbo - Floresdelsur\",\"isPartOf\":{\"@id\":\"https:\/\/floresdelsur.fr\/es\/#website\"},\"primaryImageOfPage\":{\"@id\":\"https:\/\/floresdelsur.fr\/es\/producto\/aceite-de-argan-con-higo-chumbo\/#primaryimage\"},\"image\":{\"@id\":\"https:\/\/floresdelsur.fr\/es\/producto\/aceite-de-argan-con-higo-chumbo\/#primaryimage\"},\"thumbnailUrl\":\"https:\/\/floresdelsur.fr\/wp-content\/uploads\/2025\/07\/Huile-dargan-a-la-figue-de-barbarie-e1683888095868.png\",\"datePublished\":\"2025-07-18T11:09:07+00:00\",\"dateModified\":\"2025-08-11T09:39:02+00:00\",\"description\":\"Aceite de arg\u00e1n con higo chumbo, lucha contra el envejecimiento | 654 511 258 | info@floresdelsur.com | \u00a1LL\u00c1MANOS! | Floresdelsur\",\"breadcrumb\":{\"@id\":\"https:\/\/floresdelsur.fr\/es\/producto\/aceite-de-argan-con-higo-chumbo\/#breadcrumb\"},\"inLanguage\":\"es\",\"potentialAction\":[{\"@type\":\"ReadAction\",\"target\":[\"https:\/\/floresdelsur.fr\/es\/producto\/aceite-de-argan-con-higo-chumbo\/\"]}]},{\"@type\":\"ImageObject\",\"inLanguage\":\"es\",\"@id\":\"https:\/\/floresdelsur.fr\/es\/producto\/aceite-de-argan-con-higo-chumbo\/#primaryimage\",\"url\":\"https:\/\/floresdelsur.fr\/wp-content\/uploads\/2025\/07\/Huile-dargan-a-la-figue-de-barbarie-e1683888095868.png\",\"contentUrl\":\"https:\/\/floresdelsur.fr\/wp-content\/uploads\/2025\/07\/Huile-dargan-a-la-figue-de-barbarie-e1683888095868.png\",\"width\":800,\"height\":1067},{\"@type\":\"BreadcrumbList\",\"@id\":\"https:\/\/floresdelsur.fr\/es\/producto\/aceite-de-argan-con-higo-chumbo\/#breadcrumb\",\"itemListElement\":[{\"@type\":\"ListItem\",\"position\":1,\"name\":\"Portada\",\"item\":\"https:\/\/floresdelsur.fr\/es\/\"},{\"@type\":\"ListItem\",\"position\":2,\"name\":\"Shop\",\"item\":\"https:\/\/floresdelsur.fr\/shop\/\"},{\"@type\":\"ListItem\",\"position\":3,\"name\":\"Aceite de arg\u00e1n con higo chumbo\"}]},{\"@type\":\"WebSite\",\"@id\":\"https:\/\/floresdelsur.fr\/es\/#website\",\"url\":\"https:\/\/floresdelsur.fr\/es\/\",\"name\":\"Floresdelsur\",\"description\":\"Productos de limpieza e higiene naturales y sostenibles para profesionales\",\"publisher\":{\"@id\":\"https:\/\/floresdelsur.fr\/es\/#organization\"},\"potentialAction\":[{\"@type\":\"SearchAction\",\"target\":{\"@type\":\"EntryPoint\",\"urlTemplate\":\"https:\/\/floresdelsur.fr\/es\/?s={search_term_string}\"},\"query-input\":{\"@type\":\"PropertyValueSpecification\",\"valueRequired\":true,\"valueName\":\"search_term_string\"}}],\"inLanguage\":\"es\"},{\"@type\":\"Organization\",\"@id\":\"https:\/\/floresdelsur.fr\/es\/#organization\",\"name\":\"Floresdelsur\",\"url\":\"https:\/\/floresdelsur.fr\/es\/\",\"logo\":{\"@type\":\"ImageObject\",\"inLanguage\":\"es\",\"@id\":\"https:\/\/floresdelsur.fr\/es\/#\/schema\/logo\/image\/\",\"url\":\"https:\/\/floresdelsur.fr\/wp-content\/uploads\/2025\/08\/icono-reamte-final.jpg\",\"contentUrl\":\"https:\/\/floresdelsur.fr\/wp-content\/uploads\/2025\/08\/icono-reamte-final.jpg\",\"width\":700,\"height\":700,\"caption\":\"Floresdelsur\"},\"image\":{\"@id\":\"https:\/\/floresdelsur.fr\/es\/#\/schema\/logo\/image\/\"},\"sameAs\":[\"https:\/\/www.facebook.com\/FLORESDELSUR.FR\",\"https:\/\/www.instagram.com\/floresdelsur1\/\"]}]}<\/script>\n<!-- \/ Yoast SEO Premium plugin. -->","yoast_head_json":{"title":"Aceite de arg\u00e1n con higo chumbo - Floresdelsur","description":"Aceite de arg\u00e1n con higo chumbo, lucha contra el envejecimiento | 654 511 258 | info@floresdelsur.com | \u00a1LL\u00c1MANOS! | Floresdelsur","robots":{"index":"index","follow":"follow","max-snippet":"max-snippet:-1","max-image-preview":"max-image-preview:large","max-video-preview":"max-video-preview:-1"},"canonical":"https:\/\/floresdelsur.fr\/es\/producto\/aceite-de-argan-con-higo-chumbo\/","og_locale":"es_ES","og_type":"article","og_title":"Aceite de arg\u00e1n con higo chumbo","og_description":"Aceite de arg\u00e1n con higo chumbo, lucha contra el envejecimiento | 654 511 258 | info@floresdelsur.com | \u00a1LL\u00c1MANOS! | Floresdelsur","og_url":"https:\/\/floresdelsur.fr\/es\/producto\/aceite-de-argan-con-higo-chumbo\/","og_site_name":"Floresdelsur","article_publisher":"https:\/\/www.facebook.com\/FLORESDELSUR.FR","article_modified_time":"2025-08-11T09:39:02+00:00","og_image":[{"width":800,"height":1067,"url":"https:\/\/floresdelsur.fr\/wp-content\/uploads\/2025\/07\/Huile-dargan-a-la-figue-de-barbarie-e1683888095868.png","type":"image\/png"}],"twitter_card":"summary_large_image","twitter_misc":{"Tiempo de lectura":"1 minuto"},"schema":{"@context":"https:\/\/schema.org","@graph":[{"@type":"WebPage","@id":"https:\/\/floresdelsur.fr\/es\/producto\/aceite-de-argan-con-higo-chumbo\/","url":"https:\/\/floresdelsur.fr\/es\/producto\/aceite-de-argan-con-higo-chumbo\/","name":"Aceite de arg\u00e1n con higo chumbo - Floresdelsur","isPartOf":{"@id":"https:\/\/floresdelsur.fr\/es\/#website"},"primaryImageOfPage":{"@id":"https:\/\/floresdelsur.fr\/es\/producto\/aceite-de-argan-con-higo-chumbo\/#primaryimage"},"image":{"@id":"https:\/\/floresdelsur.fr\/es\/producto\/aceite-de-argan-con-higo-chumbo\/#primaryimage"},"thumbnailUrl":"https:\/\/floresdelsur.fr\/wp-content\/uploads\/2025\/07\/Huile-dargan-a-la-figue-de-barbarie-e1683888095868.png","datePublished":"2025-07-18T11:09:07+00:00","dateModified":"2025-08-11T09:39:02+00:00","description":"Aceite de arg\u00e1n con higo chumbo, lucha contra el envejecimiento | 654 511 258 | info@floresdelsur.com | \u00a1LL\u00c1MANOS! | Floresdelsur","breadcrumb":{"@id":"https:\/\/floresdelsur.fr\/es\/producto\/aceite-de-argan-con-higo-chumbo\/#breadcrumb"},"inLanguage":"es","potentialAction":[{"@type":"ReadAction","target":["https:\/\/floresdelsur.fr\/es\/producto\/aceite-de-argan-con-higo-chumbo\/"]}]},{"@type":"ImageObject","inLanguage":"es","@id":"https:\/\/floresdelsur.fr\/es\/producto\/aceite-de-argan-con-higo-chumbo\/#primaryimage","url":"https:\/\/floresdelsur.fr\/wp-content\/uploads\/2025\/07\/Huile-dargan-a-la-figue-de-barbarie-e1683888095868.png","contentUrl":"https:\/\/floresdelsur.fr\/wp-content\/uploads\/2025\/07\/Huile-dargan-a-la-figue-de-barbarie-e1683888095868.png","width":800,"height":1067},{"@type":"BreadcrumbList","@id":"https:\/\/floresdelsur.fr\/es\/producto\/aceite-de-argan-con-higo-chumbo\/#breadcrumb","itemListElement":[{"@type":"ListItem","position":1,"name":"Portada","item":"https:\/\/floresdelsur.fr\/es\/"},{"@type":"ListItem","position":2,"name":"Shop","item":"https:\/\/floresdelsur.fr\/shop\/"},{"@type":"ListItem","position":3,"name":"Aceite de arg\u00e1n con higo chumbo"}]},{"@type":"WebSite","@id":"https:\/\/floresdelsur.fr\/es\/#website","url":"https:\/\/floresdelsur.fr\/es\/","name":"Floresdelsur","description":"Productos de limpieza e higiene naturales y sostenibles para profesionales","publisher":{"@id":"https:\/\/floresdelsur.fr\/es\/#organization"},"potentialAction":[{"@type":"SearchAction","target":{"@type":"EntryPoint","urlTemplate":"https:\/\/floresdelsur.fr\/es\/?s={search_term_string}"},"query-input":{"@type":"PropertyValueSpecification","valueRequired":true,"valueName":"search_term_string"}}],"inLanguage":"es"},{"@type":"Organization","@id":"https:\/\/floresdelsur.fr\/es\/#organization","name":"Floresdelsur","url":"https:\/\/floresdelsur.fr\/es\/","logo":{"@type":"ImageObject","inLanguage":"es","@id":"https:\/\/floresdelsur.fr\/es\/#\/schema\/logo\/image\/","url":"https:\/\/floresdelsur.fr\/wp-content\/uploads\/2025\/08\/icono-reamte-final.jpg","contentUrl":"https:\/\/floresdelsur.fr\/wp-content\/uploads\/2025\/08\/icono-reamte-final.jpg","width":700,"height":700,"caption":"Floresdelsur"},"image":{"@id":"https:\/\/floresdelsur.fr\/es\/#\/schema\/logo\/image\/"},"sameAs":["https:\/\/www.facebook.com\/FLORESDELSUR.FR","https:\/\/www.instagram.com\/floresdelsur1\/"]}]}},"_links":{"self":[{"href":"https:\/\/floresdelsur.fr\/es\/wp-json\/wp\/v2\/product\/3994","targetHints":{"allow":["GET"]}}],"collection":[{"href":"https:\/\/floresdelsur.fr\/es\/wp-json\/wp\/v2\/product"}],"about":[{"href":"https:\/\/floresdelsur.fr\/es\/wp-json\/wp\/v2\/types\/product"}],"replies":[{"embeddable":true,"href":"https:\/\/floresdelsur.fr\/es\/wp-json\/wp\/v2\/comments?post=3994"}],"wp:featuredmedia":[{"embeddable":true,"href":"https:\/\/floresdelsur.fr\/es\/wp-json\/wp\/v2\/media\/4026"}],"wp:attachment":[{"href":"https:\/\/floresdelsur.fr\/es\/wp-json\/wp\/v2\/media?parent=3994"}],"wp:term":[{"taxonomy":"product_brand","embeddable":true,"href":"https:\/\/floresdelsur.fr\/es\/wp-json\/wp\/v2\/product_brand?post=3994"},{"taxonomy":"product_cat","embeddable":true,"href":"https:\/\/floresdelsur.fr\/es\/wp-json\/wp\/v2\/product_cat?post=3994"},{"taxonomy":"product_tag","embeddable":true,"href":"https:\/\/floresdelsur.fr\/es\/wp-json\/wp\/v2\/product_tag?post=3994"}],"curies":[{"name":"wp","href":"https:\/\/api.w.org\/{rel}","templated":true}]}}