{"id":9,"date":"2025-07-16T11:17:30","date_gmt":"2025-07-16T09:17:30","guid":{"rendered":"https:\/\/floresdelsur.fr\/index.php\/carrito\/"},"modified":"2025-07-16T11:17:30","modified_gmt":"2025-07-16T09:17:30","slug":"carrito","status":"publish","type":"page","link":"https:\/\/floresdelsur.fr\/es\/carrito\/","title":{"rendered":"Carrito"},"content":{"rendered":"\n<div data-block-name=\"woocommerce\/cart\" class=\"wp-block-woocommerce-cart alignwide is-loading\">\n<div data-block-name=\"woocommerce\/filled-cart-block\" class=\"wp-block-woocommerce-filled-cart-block\">\n<div data-block-name=\"woocommerce\/cart-items-block\" class=\"wp-block-woocommerce-cart-items-block\">\n<div data-block-name=\"woocommerce\/cart-line-items-block\" class=\"wp-block-woocommerce-cart-line-items-block\"><\/div>\n\n\n\n<div data-block-name=\"woocommerce\/cart-cross-sells-block\" class=\"wp-block-woocommerce-cart-cross-sells-block\">\n<h2 class=\"wp-block-heading has-large-font-size\">Puede que te interese\u2026<\/h2>\n\n\n\n<div data-block-name=\"woocommerce\/cart-cross-sells-products-block\" class=\"wp-block-woocommerce-cart-cross-sells-products-block\"><\/div>\n<\/div>\n<\/div>\n\n\n\n<div data-block-name=\"woocommerce\/cart-totals-block\" class=\"wp-block-woocommerce-cart-totals-block\">\n<div data-block-name=\"woocommerce\/cart-order-summary-block\" class=\"wp-block-woocommerce-cart-order-summary-block\">\n<div data-block-name=\"woocommerce\/cart-order-summary-heading-block\" class=\"wp-block-woocommerce-cart-order-summary-heading-block\"><\/div><div data-block-name=\"woocommerce\/cart-order-summary-coupon-form-block\" class=\"wp-block-woocommerce-cart-order-summary-coupon-form-block\"><\/div><div data-block-name=\"woocommerce\/cart-order-summary-totals-block\" class=\"wp-block-woocommerce-cart-order-summary-totals-block\">\n<div data-block-name=\"woocommerce\/cart-order-summary-subtotal-block\" class=\"wp-block-woocommerce-cart-order-summary-subtotal-block\"><\/div>\n<div data-block-name=\"woocommerce\/cart-order-summary-discount-block\" class=\"wp-block-woocommerce-cart-order-summary-discount-block\"><\/div>\n<div data-block-name=\"woocommerce\/cart-order-summary-fee-block\" class=\"wp-block-woocommerce-cart-order-summary-fee-block\"><\/div>\n<div data-block-name=\"woocommerce\/cart-order-summary-shipping-block\" class=\"wp-block-woocommerce-cart-order-summary-shipping-block\"><\/div>\n<div data-block-name=\"woocommerce\/cart-order-summary-taxes-block\" class=\"wp-block-woocommerce-cart-order-summary-taxes-block\"><\/div><\/div>\n<\/div>\n\n\n\n<div data-block-name=\"woocommerce\/cart-express-payment-block\" class=\"wp-block-woocommerce-cart-express-payment-block\"><\/div>\n\n\n\n<div data-block-name=\"woocommerce\/proceed-to-checkout-block\" class=\"wp-block-woocommerce-proceed-to-checkout-block\"><\/div>\n\n\n\n<div data-block-name=\"woocommerce\/cart-accepted-payment-methods-block\" class=\"wp-block-woocommerce-cart-accepted-payment-methods-block\"><\/div>\n<\/div>\n<\/div>\n\n\n\n<div data-block-name=\"woocommerce\/empty-cart-block\" class=\"wp-block-woocommerce-empty-cart-block\">\n<h2 class=\"wp-block-heading has-text-align-center with-empty-cart-icon wc-block-cart__empty-cart__title\">\u00a1Tu carrito est\u00e1 actualmente vac\u00edo!<\/h2>\n\n\n\n<hr class=\"wp-block-separator has-alpha-channel-opacity is-style-dots\"\/>\n\n\n\n<h2 class=\"wp-block-heading has-text-align-center\">Nuevo en la tienda<\/h2>\n\n\n<div data-block-name=\"woocommerce\/product-new\" data-columns=\"4\" data-rows=\"1\" class=\"wc-block-grid wp-block-product-new wp-block-woocommerce-product-new wc-block-product-new has-4-columns\"><ul class=\"wc-block-grid__products\"><li class=\"wc-block-grid__product\">\n\t\t\t\t<a href=\"https:\/\/floresdelsur.fr\/es\/producto\/limpiador-general-ecologico-ph-neutro\/\" class=\"wc-block-grid__product-link\">\n\t\t\t\t\t\n\t\t\t\t\t<div class=\"wc-block-grid__product-image\"><img decoding=\"async\" width=\"500\" height=\"500\" src=\"https:\/\/floresdelsur.fr\/wp-content\/uploads\/2026\/01\/8437019675011_Lonicera-Eco-Limpiador-General-1L-500x500.png\" class=\"attachment-woocommerce_thumbnail size-woocommerce_thumbnail lazyload\" alt=\"Limpiador General Ecol\u00f3gico Ecotech Lonicera \u2013 Ecolabel (1L)\" srcset=\"data:image\/svg+xml,%3Csvg%20xmlns%3D%27http%3A%2F%2Fwww.w3.org%2F2000%2Fsvg%27%20width%3D%271200%27%20height%3D%271200%27%20viewBox%3D%270%200%201200%201200%27%3E%3Crect%20width%3D%271200%27%20height%3D%271200%27%20fill-opacity%3D%220%22%2F%3E%3C%2Fsvg%3E\" data-orig-src=\"https:\/\/floresdelsur.fr\/wp-content\/uploads\/2026\/01\/8437019675011_Lonicera-Eco-Limpiador-General-1L-500x500.png\" data-srcset=\"https:\/\/floresdelsur.fr\/wp-content\/uploads\/2026\/01\/8437019675011_Lonicera-Eco-Limpiador-General-1L-66x66.png 66w, https:\/\/floresdelsur.fr\/wp-content\/uploads\/2026\/01\/8437019675011_Lonicera-Eco-Limpiador-General-1L-100x100.png 100w, https:\/\/floresdelsur.fr\/wp-content\/uploads\/2026\/01\/8437019675011_Lonicera-Eco-Limpiador-General-1L-150x150.png 150w, https:\/\/floresdelsur.fr\/wp-content\/uploads\/2026\/01\/8437019675011_Lonicera-Eco-Limpiador-General-1L-200x200.png 200w, https:\/\/floresdelsur.fr\/wp-content\/uploads\/2026\/01\/8437019675011_Lonicera-Eco-Limpiador-General-1L-300x300.png 300w, https:\/\/floresdelsur.fr\/wp-content\/uploads\/2026\/01\/8437019675011_Lonicera-Eco-Limpiador-General-1L-400x400.png 400w, https:\/\/floresdelsur.fr\/wp-content\/uploads\/2026\/01\/8437019675011_Lonicera-Eco-Limpiador-General-1L-500x500.png 500w, https:\/\/floresdelsur.fr\/wp-content\/uploads\/2026\/01\/8437019675011_Lonicera-Eco-Limpiador-General-1L-600x600.png 600w, https:\/\/floresdelsur.fr\/wp-content\/uploads\/2026\/01\/8437019675011_Lonicera-Eco-Limpiador-General-1L-700x700.png 700w, https:\/\/floresdelsur.fr\/wp-content\/uploads\/2026\/01\/8437019675011_Lonicera-Eco-Limpiador-General-1L-768x768.png 768w, https:\/\/floresdelsur.fr\/wp-content\/uploads\/2026\/01\/8437019675011_Lonicera-Eco-Limpiador-General-1L-800x800.png 800w, https:\/\/floresdelsur.fr\/wp-content\/uploads\/2026\/01\/8437019675011_Lonicera-Eco-Limpiador-General-1L-1024x1024.png 1024w, https:\/\/floresdelsur.fr\/wp-content\/uploads\/2026\/01\/8437019675011_Lonicera-Eco-Limpiador-General-1L.png 1200w\" data-sizes=\"auto\" \/><\/div>\n\t\t\t\t\t<div class=\"wc-block-grid__product-title\">Limpiador General Ecol\u00f3gico Ecotech Lonicera \u2013 Ecolabel (1L)<\/div>\n\t\t\t\t<\/a>\n\t\t\t\t<div class=\"wc-block-grid__product-price price\"><span class=\"woocommerce-Price-amount amount\">3,59&nbsp;<span class=\"woocommerce-Price-currencySymbol\">&euro;<\/span><\/span><\/div>\n\t\t\t\t\n\t\t\t\t<div class=\"wp-block-button wc-block-grid__product-add-to-cart\"><a href=\"?add-to-cart=5910\" aria-label=\"A\u00f1adir al carrito: &ldquo;Limpiador General Ecol\u00f3gico Ecotech Lonicera \u2013 Ecolabel (1L)&rdquo;\" data-quantity=\"1\" data-product_id=\"5910\" data-product_sku=\"\" data-price=\"3.59\" rel=\"nofollow\" class=\"wp-block-button__link  add_to_cart_button ajax_add_to_cart\">A\u00f1adir al carrito<\/a><\/div>\n\t\t\t<\/li><li class=\"wc-block-grid__product\">\n\t\t\t\t<a href=\"https:\/\/floresdelsur.fr\/es\/producto\/limpiador-de-banos-ecologico-ecotech-antical-con-ecolabel-1l\/\" class=\"wc-block-grid__product-link\">\n\t\t\t\t\t\n\t\t\t\t\t<div class=\"wc-block-grid__product-image\"><img decoding=\"async\" width=\"500\" height=\"500\" src=\"https:\/\/floresdelsur.fr\/wp-content\/uploads\/2026\/01\/8437009360460_Toilet-Eco-Limpiador-Desincrustante-1L-500x500.png\" class=\"attachment-woocommerce_thumbnail size-woocommerce_thumbnail lazyload\" alt=\"Limpiador de Ba\u00f1os Ecol\u00f3gico Ecotech \u2013 Antical con Ecolabel (1L)\" srcset=\"data:image\/svg+xml,%3Csvg%20xmlns%3D%27http%3A%2F%2Fwww.w3.org%2F2000%2Fsvg%27%20width%3D%271200%27%20height%3D%271200%27%20viewBox%3D%270%200%201200%201200%27%3E%3Crect%20width%3D%271200%27%20height%3D%271200%27%20fill-opacity%3D%220%22%2F%3E%3C%2Fsvg%3E\" data-orig-src=\"https:\/\/floresdelsur.fr\/wp-content\/uploads\/2026\/01\/8437009360460_Toilet-Eco-Limpiador-Desincrustante-1L-500x500.png\" data-srcset=\"https:\/\/floresdelsur.fr\/wp-content\/uploads\/2026\/01\/8437009360460_Toilet-Eco-Limpiador-Desincrustante-1L-66x66.png 66w, https:\/\/floresdelsur.fr\/wp-content\/uploads\/2026\/01\/8437009360460_Toilet-Eco-Limpiador-Desincrustante-1L-100x100.png 100w, https:\/\/floresdelsur.fr\/wp-content\/uploads\/2026\/01\/8437009360460_Toilet-Eco-Limpiador-Desincrustante-1L-150x150.png 150w, https:\/\/floresdelsur.fr\/wp-content\/uploads\/2026\/01\/8437009360460_Toilet-Eco-Limpiador-Desincrustante-1L-200x200.png 200w, https:\/\/floresdelsur.fr\/wp-content\/uploads\/2026\/01\/8437009360460_Toilet-Eco-Limpiador-Desincrustante-1L-300x300.png 300w, https:\/\/floresdelsur.fr\/wp-content\/uploads\/2026\/01\/8437009360460_Toilet-Eco-Limpiador-Desincrustante-1L-400x400.png 400w, https:\/\/floresdelsur.fr\/wp-content\/uploads\/2026\/01\/8437009360460_Toilet-Eco-Limpiador-Desincrustante-1L-500x500.png 500w, https:\/\/floresdelsur.fr\/wp-content\/uploads\/2026\/01\/8437009360460_Toilet-Eco-Limpiador-Desincrustante-1L-600x600.png 600w, https:\/\/floresdelsur.fr\/wp-content\/uploads\/2026\/01\/8437009360460_Toilet-Eco-Limpiador-Desincrustante-1L-700x700.png 700w, https:\/\/floresdelsur.fr\/wp-content\/uploads\/2026\/01\/8437009360460_Toilet-Eco-Limpiador-Desincrustante-1L-768x768.png 768w, https:\/\/floresdelsur.fr\/wp-content\/uploads\/2026\/01\/8437009360460_Toilet-Eco-Limpiador-Desincrustante-1L-800x800.png 800w, https:\/\/floresdelsur.fr\/wp-content\/uploads\/2026\/01\/8437009360460_Toilet-Eco-Limpiador-Desincrustante-1L-1024x1024.png 1024w, https:\/\/floresdelsur.fr\/wp-content\/uploads\/2026\/01\/8437009360460_Toilet-Eco-Limpiador-Desincrustante-1L.png 1200w\" data-sizes=\"auto\" \/><\/div>\n\t\t\t\t\t<div class=\"wc-block-grid__product-title\">Limpiador de Ba\u00f1os Ecol\u00f3gico Ecotech \u2013 Antical con Ecolabel (1L)<\/div>\n\t\t\t\t<\/a>\n\t\t\t\t<div class=\"wc-block-grid__product-price price\"><span class=\"woocommerce-Price-amount amount\">3,60&nbsp;<span class=\"woocommerce-Price-currencySymbol\">&euro;<\/span><\/span><\/div>\n\t\t\t\t\n\t\t\t\t<div class=\"wp-block-button wc-block-grid__product-add-to-cart\"><a href=\"?add-to-cart=5900\" aria-label=\"A\u00f1adir al carrito: &ldquo;Limpiador de Ba\u00f1os Ecol\u00f3gico Ecotech \u2013 Antical con Ecolabel (1L)&rdquo;\" data-quantity=\"1\" data-product_id=\"5900\" data-product_sku=\"\" data-price=\"3.6\" rel=\"nofollow\" class=\"wp-block-button__link  add_to_cart_button ajax_add_to_cart\">A\u00f1adir al carrito<\/a><\/div>\n\t\t\t<\/li><li class=\"wc-block-grid__product\">\n\t\t\t\t<a href=\"https:\/\/floresdelsur.fr\/es\/producto\/gel-wc-ecologico-ecotech-desincrustante-con-ecolabel-750-ml\/\" class=\"wc-block-grid__product-link\">\n\t\t\t\t\t\n\t\t\t\t\t<div class=\"wc-block-grid__product-image\"><img decoding=\"async\" width=\"500\" height=\"500\" src=\"https:\/\/floresdelsur.fr\/wp-content\/uploads\/2026\/01\/8437009360859_Gel-WC-Eco-Desincrustante-W.C.-750-ml-500x500.png\" class=\"attachment-woocommerce_thumbnail size-woocommerce_thumbnail lazyload\" alt=\"Gel WC ecol\u00f3gico Ecotech \u2013 Desincrustante con Ecolabel (750 ml)\" srcset=\"data:image\/svg+xml,%3Csvg%20xmlns%3D%27http%3A%2F%2Fwww.w3.org%2F2000%2Fsvg%27%20width%3D%271200%27%20height%3D%271200%27%20viewBox%3D%270%200%201200%201200%27%3E%3Crect%20width%3D%271200%27%20height%3D%271200%27%20fill-opacity%3D%220%22%2F%3E%3C%2Fsvg%3E\" data-orig-src=\"https:\/\/floresdelsur.fr\/wp-content\/uploads\/2026\/01\/8437009360859_Gel-WC-Eco-Desincrustante-W.C.-750-ml-500x500.png\" data-srcset=\"https:\/\/floresdelsur.fr\/wp-content\/uploads\/2026\/01\/8437009360859_Gel-WC-Eco-Desincrustante-W.C.-750-ml-66x66.png 66w, https:\/\/floresdelsur.fr\/wp-content\/uploads\/2026\/01\/8437009360859_Gel-WC-Eco-Desincrustante-W.C.-750-ml-100x100.png 100w, https:\/\/floresdelsur.fr\/wp-content\/uploads\/2026\/01\/8437009360859_Gel-WC-Eco-Desincrustante-W.C.-750-ml-150x150.png 150w, https:\/\/floresdelsur.fr\/wp-content\/uploads\/2026\/01\/8437009360859_Gel-WC-Eco-Desincrustante-W.C.-750-ml-200x200.png 200w, https:\/\/floresdelsur.fr\/wp-content\/uploads\/2026\/01\/8437009360859_Gel-WC-Eco-Desincrustante-W.C.-750-ml-300x300.png 300w, https:\/\/floresdelsur.fr\/wp-content\/uploads\/2026\/01\/8437009360859_Gel-WC-Eco-Desincrustante-W.C.-750-ml-400x400.png 400w, https:\/\/floresdelsur.fr\/wp-content\/uploads\/2026\/01\/8437009360859_Gel-WC-Eco-Desincrustante-W.C.-750-ml-500x500.png 500w, https:\/\/floresdelsur.fr\/wp-content\/uploads\/2026\/01\/8437009360859_Gel-WC-Eco-Desincrustante-W.C.-750-ml-600x600.png 600w, https:\/\/floresdelsur.fr\/wp-content\/uploads\/2026\/01\/8437009360859_Gel-WC-Eco-Desincrustante-W.C.-750-ml-700x700.png 700w, https:\/\/floresdelsur.fr\/wp-content\/uploads\/2026\/01\/8437009360859_Gel-WC-Eco-Desincrustante-W.C.-750-ml-768x768.png 768w, https:\/\/floresdelsur.fr\/wp-content\/uploads\/2026\/01\/8437009360859_Gel-WC-Eco-Desincrustante-W.C.-750-ml-800x800.png 800w, https:\/\/floresdelsur.fr\/wp-content\/uploads\/2026\/01\/8437009360859_Gel-WC-Eco-Desincrustante-W.C.-750-ml-1024x1024.png 1024w, https:\/\/floresdelsur.fr\/wp-content\/uploads\/2026\/01\/8437009360859_Gel-WC-Eco-Desincrustante-W.C.-750-ml.png 1200w\" data-sizes=\"auto\" \/><\/div>\n\t\t\t\t\t<div class=\"wc-block-grid__product-title\">Gel WC ecol\u00f3gico Ecotech \u2013 Desincrustante con Ecolabel (750 ml)<\/div>\n\t\t\t\t<\/a>\n\t\t\t\t<div class=\"wc-block-grid__product-price price\"><span class=\"woocommerce-Price-amount amount\">4,59&nbsp;<span class=\"woocommerce-Price-currencySymbol\">&euro;<\/span><\/span><\/div>\n\t\t\t\t\n\t\t\t\t<div class=\"wp-block-button wc-block-grid__product-add-to-cart\"><a href=\"?add-to-cart=5880\" aria-label=\"A\u00f1adir al carrito: &ldquo;Gel WC ecol\u00f3gico Ecotech \u2013 Desincrustante con Ecolabel (750 ml)&rdquo;\" data-quantity=\"1\" data-product_id=\"5880\" data-product_sku=\"\" data-price=\"4.59\" rel=\"nofollow\" class=\"wp-block-button__link  add_to_cart_button ajax_add_to_cart\">A\u00f1adir al carrito<\/a><\/div>\n\t\t\t<\/li><li class=\"wc-block-grid__product\">\n\t\t\t\t<a href=\"https:\/\/floresdelsur.fr\/es\/producto\/jabon-de-manos-natural-memory-aroma-floral-200-ml\/\" class=\"wc-block-grid__product-link\">\n\t\t\t\t\t\n\t\t\t\t\t<div class=\"wc-block-grid__product-image\"><img decoding=\"async\" width=\"500\" height=\"750\" src=\"https:\/\/floresdelsur.fr\/wp-content\/uploads\/2025\/08\/ChatGPT-Image-19-ago-2025-15_56_38-500x750.png\" class=\"attachment-woocommerce_thumbnail size-woocommerce_thumbnail lazyload\" alt=\"Jab\u00f3n de Manos Natural Memory \u2013 Aroma Floral 200 ml\" srcset=\"data:image\/svg+xml,%3Csvg%20xmlns%3D%27http%3A%2F%2Fwww.w3.org%2F2000%2Fsvg%27%20width%3D%271024%27%20height%3D%271536%27%20viewBox%3D%270%200%201024%201536%27%3E%3Crect%20width%3D%271024%27%20height%3D%271536%27%20fill-opacity%3D%220%22%2F%3E%3C%2Fsvg%3E\" data-orig-src=\"https:\/\/floresdelsur.fr\/wp-content\/uploads\/2025\/08\/ChatGPT-Image-19-ago-2025-15_56_38-500x750.png\" data-srcset=\"https:\/\/floresdelsur.fr\/wp-content\/uploads\/2025\/08\/ChatGPT-Image-19-ago-2025-15_56_38-200x300.png 200w, https:\/\/floresdelsur.fr\/wp-content\/uploads\/2025\/08\/ChatGPT-Image-19-ago-2025-15_56_38-400x600.png 400w, https:\/\/floresdelsur.fr\/wp-content\/uploads\/2025\/08\/ChatGPT-Image-19-ago-2025-15_56_38-500x750.png 500w, https:\/\/floresdelsur.fr\/wp-content\/uploads\/2025\/08\/ChatGPT-Image-19-ago-2025-15_56_38-600x900.png 600w, https:\/\/floresdelsur.fr\/wp-content\/uploads\/2025\/08\/ChatGPT-Image-19-ago-2025-15_56_38-683x1024.png 683w, https:\/\/floresdelsur.fr\/wp-content\/uploads\/2025\/08\/ChatGPT-Image-19-ago-2025-15_56_38-700x1050.png 700w, https:\/\/floresdelsur.fr\/wp-content\/uploads\/2025\/08\/ChatGPT-Image-19-ago-2025-15_56_38-768x1152.png 768w, https:\/\/floresdelsur.fr\/wp-content\/uploads\/2025\/08\/ChatGPT-Image-19-ago-2025-15_56_38-800x1200.png 800w, https:\/\/floresdelsur.fr\/wp-content\/uploads\/2025\/08\/ChatGPT-Image-19-ago-2025-15_56_38.png 1024w\" data-sizes=\"auto\" \/><\/div>\n\t\t\t\t\t<div class=\"wc-block-grid__product-title\">Jab\u00f3n de Manos Natural Memory \u2013 Aroma Floral 200 ml<\/div>\n\t\t\t\t<\/a>\n\t\t\t\t<div class=\"wc-block-grid__product-price price\"><span class=\"woocommerce-Price-amount amount\">6,78&nbsp;<span class=\"woocommerce-Price-currencySymbol\">&euro;<\/span><\/span><\/div>\n\t\t\t\t\n\t\t\t\t<div class=\"wp-block-button wc-block-grid__product-add-to-cart\"><a href=\"?add-to-cart=5377\" aria-label=\"A\u00f1adir al carrito: &ldquo;Jab\u00f3n de Manos Natural Memory \u2013 Aroma Floral 200 ml&rdquo;\" data-quantity=\"1\" data-product_id=\"5377\" data-product_sku=\"\" data-price=\"6.78\" rel=\"nofollow\" class=\"wp-block-button__link  add_to_cart_button ajax_add_to_cart\">A\u00f1adir al carrito<\/a><\/div>\n\t\t\t<\/li><\/ul><\/div><\/div>\n<\/div>\n","protected":false},"excerpt":{"rendered":"","protected":false},"author":1,"featured_media":0,"parent":0,"menu_order":0,"comment_status":"closed","ping_status":"closed","template":"","meta":{"_acf_changed":false,"inline_featured_image":false,"_joinchat":[],"footnotes":""},"class_list":["post-9","page","type-page","status-publish","hentry"],"acf":[],"yoast_head":"<!-- This site is optimized with the Yoast SEO Premium plugin v25.1 (Yoast SEO v25.6) - https:\/\/yoast.com\/wordpress\/plugins\/seo\/ -->\n<title>Carrito - Floresdelsur<\/title>\n<meta name=\"robots\" content=\"index, follow, max-snippet:-1, max-image-preview:large, max-video-preview:-1\" \/>\n<link rel=\"canonical\" href=\"https:\/\/floresdelsur.fr\/es\/carrito\/\" \/>\n<meta property=\"og:locale\" content=\"es_ES\" \/>\n<meta property=\"og:type\" content=\"article\" \/>\n<meta property=\"og:title\" content=\"Carrito\" \/>\n<meta property=\"og:url\" content=\"https:\/\/floresdelsur.fr\/es\/carrito\/\" \/>\n<meta property=\"og:site_name\" content=\"Floresdelsur\" \/>\n<meta property=\"article:publisher\" content=\"https:\/\/www.facebook.com\/FLORESDELSUR.FR\" \/>\n<meta name=\"twitter:card\" content=\"summary_large_image\" \/>\n<script type=\"application\/ld+json\" class=\"yoast-schema-graph\">{\"@context\":\"https:\/\/schema.org\",\"@graph\":[{\"@type\":\"WebPage\",\"@id\":\"https:\/\/floresdelsur.fr\/es\/carrito\/\",\"url\":\"https:\/\/floresdelsur.fr\/es\/carrito\/\",\"name\":\"Carrito - Floresdelsur\",\"isPartOf\":{\"@id\":\"https:\/\/floresdelsur.fr\/es\/#website\"},\"datePublished\":\"2025-07-16T09:17:30+00:00\",\"breadcrumb\":{\"@id\":\"https:\/\/floresdelsur.fr\/es\/carrito\/#breadcrumb\"},\"inLanguage\":\"es\",\"potentialAction\":[{\"@type\":\"ReadAction\",\"target\":[\"https:\/\/floresdelsur.fr\/es\/carrito\/\"]}]},{\"@type\":\"BreadcrumbList\",\"@id\":\"https:\/\/floresdelsur.fr\/es\/carrito\/#breadcrumb\",\"itemListElement\":[{\"@type\":\"ListItem\",\"position\":1,\"name\":\"Portada\",\"item\":\"https:\/\/floresdelsur.fr\/es\/\"},{\"@type\":\"ListItem\",\"position\":2,\"name\":\"Carrito\"}]},{\"@type\":\"WebSite\",\"@id\":\"https:\/\/floresdelsur.fr\/es\/#website\",\"url\":\"https:\/\/floresdelsur.fr\/es\/\",\"name\":\"Floresdelsur\",\"description\":\"Productos de limpieza e higiene naturales y sostenibles para profesionales\",\"publisher\":{\"@id\":\"https:\/\/floresdelsur.fr\/es\/#organization\"},\"potentialAction\":[{\"@type\":\"SearchAction\",\"target\":{\"@type\":\"EntryPoint\",\"urlTemplate\":\"https:\/\/floresdelsur.fr\/es\/?s={search_term_string}\"},\"query-input\":{\"@type\":\"PropertyValueSpecification\",\"valueRequired\":true,\"valueName\":\"search_term_string\"}}],\"inLanguage\":\"es\"},{\"@type\":\"Organization\",\"@id\":\"https:\/\/floresdelsur.fr\/es\/#organization\",\"name\":\"Floresdelsur\",\"url\":\"https:\/\/floresdelsur.fr\/es\/\",\"logo\":{\"@type\":\"ImageObject\",\"inLanguage\":\"es\",\"@id\":\"https:\/\/floresdelsur.fr\/es\/#\/schema\/logo\/image\/\",\"url\":\"https:\/\/floresdelsur.fr\/wp-content\/uploads\/2025\/08\/icono-reamte-final.jpg\",\"contentUrl\":\"https:\/\/floresdelsur.fr\/wp-content\/uploads\/2025\/08\/icono-reamte-final.jpg\",\"width\":700,\"height\":700,\"caption\":\"Floresdelsur\"},\"image\":{\"@id\":\"https:\/\/floresdelsur.fr\/es\/#\/schema\/logo\/image\/\"},\"sameAs\":[\"https:\/\/www.facebook.com\/FLORESDELSUR.FR\",\"https:\/\/www.instagram.com\/floresdelsur1\/\"]}]}<\/script>\n<!-- \/ Yoast SEO Premium plugin. -->","yoast_head_json":{"title":"Carrito - Floresdelsur","robots":{"index":"index","follow":"follow","max-snippet":"max-snippet:-1","max-image-preview":"max-image-preview:large","max-video-preview":"max-video-preview:-1"},"canonical":"https:\/\/floresdelsur.fr\/es\/carrito\/","og_locale":"es_ES","og_type":"article","og_title":"Carrito","og_url":"https:\/\/floresdelsur.fr\/es\/carrito\/","og_site_name":"Floresdelsur","article_publisher":"https:\/\/www.facebook.com\/FLORESDELSUR.FR","twitter_card":"summary_large_image","schema":{"@context":"https:\/\/schema.org","@graph":[{"@type":"WebPage","@id":"https:\/\/floresdelsur.fr\/es\/carrito\/","url":"https:\/\/floresdelsur.fr\/es\/carrito\/","name":"Carrito - Floresdelsur","isPartOf":{"@id":"https:\/\/floresdelsur.fr\/es\/#website"},"datePublished":"2025-07-16T09:17:30+00:00","breadcrumb":{"@id":"https:\/\/floresdelsur.fr\/es\/carrito\/#breadcrumb"},"inLanguage":"es","potentialAction":[{"@type":"ReadAction","target":["https:\/\/floresdelsur.fr\/es\/carrito\/"]}]},{"@type":"BreadcrumbList","@id":"https:\/\/floresdelsur.fr\/es\/carrito\/#breadcrumb","itemListElement":[{"@type":"ListItem","position":1,"name":"Portada","item":"https:\/\/floresdelsur.fr\/es\/"},{"@type":"ListItem","position":2,"name":"Carrito"}]},{"@type":"WebSite","@id":"https:\/\/floresdelsur.fr\/es\/#website","url":"https:\/\/floresdelsur.fr\/es\/","name":"Floresdelsur","description":"Productos de limpieza e higiene naturales y sostenibles para profesionales","publisher":{"@id":"https:\/\/floresdelsur.fr\/es\/#organization"},"potentialAction":[{"@type":"SearchAction","target":{"@type":"EntryPoint","urlTemplate":"https:\/\/floresdelsur.fr\/es\/?s={search_term_string}"},"query-input":{"@type":"PropertyValueSpecification","valueRequired":true,"valueName":"search_term_string"}}],"inLanguage":"es"},{"@type":"Organization","@id":"https:\/\/floresdelsur.fr\/es\/#organization","name":"Floresdelsur","url":"https:\/\/floresdelsur.fr\/es\/","logo":{"@type":"ImageObject","inLanguage":"es","@id":"https:\/\/floresdelsur.fr\/es\/#\/schema\/logo\/image\/","url":"https:\/\/floresdelsur.fr\/wp-content\/uploads\/2025\/08\/icono-reamte-final.jpg","contentUrl":"https:\/\/floresdelsur.fr\/wp-content\/uploads\/2025\/08\/icono-reamte-final.jpg","width":700,"height":700,"caption":"Floresdelsur"},"image":{"@id":"https:\/\/floresdelsur.fr\/es\/#\/schema\/logo\/image\/"},"sameAs":["https:\/\/www.facebook.com\/FLORESDELSUR.FR","https:\/\/www.instagram.com\/floresdelsur1\/"]}]}},"_links":{"self":[{"href":"https:\/\/floresdelsur.fr\/es\/wp-json\/wp\/v2\/pages\/9","targetHints":{"allow":["GET"]}}],"collection":[{"href":"https:\/\/floresdelsur.fr\/es\/wp-json\/wp\/v2\/pages"}],"about":[{"href":"https:\/\/floresdelsur.fr\/es\/wp-json\/wp\/v2\/types\/page"}],"author":[{"embeddable":true,"href":"https:\/\/floresdelsur.fr\/es\/wp-json\/wp\/v2\/users\/1"}],"replies":[{"embeddable":true,"href":"https:\/\/floresdelsur.fr\/es\/wp-json\/wp\/v2\/comments?post=9"}],"version-history":[{"count":0,"href":"https:\/\/floresdelsur.fr\/es\/wp-json\/wp\/v2\/pages\/9\/revisions"}],"wp:attachment":[{"href":"https:\/\/floresdelsur.fr\/es\/wp-json\/wp\/v2\/media?parent=9"}],"curies":[{"name":"wp","href":"https:\/\/api.w.org\/{rel}","templated":true}]}}