{"id":4735,"date":"2025-08-12T11:44:52","date_gmt":"2025-08-12T09:44:52","guid":{"rendered":"https:\/\/floresdelsur.fr\/?page_id=4735"},"modified":"2025-08-26T10:12:00","modified_gmt":"2025-08-26T08:12:00","slug":"metodos-de-pago","status":"publish","type":"page","link":"https:\/\/floresdelsur.fr\/es\/metodos-de-pago\/","title":{"rendered":"M\u00e9todos de pago"},"content":{"rendered":"<div class=\"fusion-fullwidth fullwidth-box fusion-builder-row-1 fusion-flex-container has-pattern-background has-mask-background nonhundred-percent-fullwidth non-hundred-percent-height-scrolling\" style=\"--awb-border-radius-top-left:0px;--awb-border-radius-top-right:0px;--awb-border-radius-bottom-right:0px;--awb-border-radius-bottom-left:0px;--awb-padding-right:10%;--awb-padding-left:10%;--awb-flex-wrap:wrap;\" ><div class=\"fusion-builder-row fusion-row fusion-flex-align-items-flex-start fusion-flex-content-wrap\" style=\"max-width:1248px;margin-left: calc(-4% \/ 2 );margin-right: calc(-4% \/ 2 );\"><div class=\"fusion-layout-column fusion_builder_column fusion-builder-column-0 fusion_builder_column_1_1 1_1 fusion-flex-column\" style=\"--awb-bg-size:cover;--awb-width-large:100%;--awb-margin-top-large:0px;--awb-spacing-right-large:1.92%;--awb-margin-bottom-large:0px;--awb-spacing-left-large:1.92%;--awb-width-medium:100%;--awb-spacing-right-medium:1.92%;--awb-spacing-left-medium:1.92%;--awb-width-small:100%;--awb-spacing-right-small:1.92%;--awb-spacing-left-small:1.92%;\"><div class=\"fusion-column-wrapper fusion-flex-justify-content-flex-start fusion-content-layout-column\"><div class=\"fusion-text fusion-text-1\"><h2>Pago<\/h2>\n<p><strong>En Floresdelsur se ofrecen los siguientes m\u00e9todos de pago:<\/strong><\/p>\n<ul>\n<li><strong>Transferencia bancaria<\/strong> (<em>En caso de seleccionar transferencia bancaria se le facilitar\u00e1 por correo electr\u00f3nico los datos de la cuenta a la que deber\u00e1 realizar la transferencia.<\/em>) &#8211; Disponible para todas las entregas.<\/li>\n<li><strong>Tarjeta de cr\u00e9dito\/d\u00e9bito<\/strong> VISA \/ MASTERCARD \/ REDSYS &#8211; Disponible para todas las entregas.<\/li>\n<\/ul>\n<p><strong>Seguridad de la tarjeta de cr\u00e9dito<\/strong><\/p>\n<p>En Floresdelsur trabajamos con entidades que ofrecen m\u00e9todos de pago seguros con prevenci\u00f3n de fraude y aseguran la protecci\u00f3n de nuestra p\u00e1gina web y nuestros clientes. Para una seguridad a\u00fan superior, operamos en un entorno completamente seguro con protocolo HTTPS.<\/p>\n<h2>Env\u00edo<\/h2>\n<p>Los plazos de entrega que se exponen a continuaci\u00f3n incluyen todo el proceso una vez que se completa el pedido y se cuenta con que dicho d\u00eda sea siempre laborable (para su preparaci\u00f3n, expedici\u00f3n y entrega):<\/p>\n<h3>&#8211; OPCIONES DE ENV\u00cdO PARA ESPA\u00d1A<\/h3>\n<p><strong>&#8212; ESPA\u00d1A PEN\u00cdNSULA: Env\u00edo Paqueter\u00eda Express (GRATIS compras superiores a 75\u20ac) RECOMENDADO<\/strong><\/p>\n<ul>\n<li>Los pedidos realizados antes de las 12h se expiden a la agencia de transporte el mismo d\u00eda, con lo que en 24h se completan las entregas peninsulares.<\/li>\n<li><strong>Coste para cliente:<\/strong> 5.99\u20ac \u00a1TARIFA PLANA!<\/li>\n<li>Transportista: Agencia de mensajer\u00eda 24h con aviso SMS \/ E-mail.<\/li>\n<li>Env\u00edo seguro, embalaje especial y c\u00f3digo de seguimiento.<\/li>\n<li>Tiempo estimado de entrega de 1 &#8211; 2 d\u00edas laborable.<\/li>\n<li>Los gastos adicionales para pagos contrareembolso se calculan en la cesta (m\u00ednimo 3\u20ac).<\/li>\n<li>V\u00e1lido solo para env\u00edos a pen\u00ednsula del territorio nacional. Se excluye Baleares, Canarias, Ceuta y Melilla, y Portugal.<\/li>\n<\/ul>\n<p><strong>&#8212; BALEARES: Env\u00edo Paqueter\u00eda Express (GRATIS compras superiores a 95\u20ac)<\/strong><\/p>\n<ul>\n<li>Los pedidos realizados antes de las 12h se expiden a la agencia de transporte el mismo d\u00eda, con lo que en 24h se completan las entregas.<\/li>\n<li><strong>Coste para cliente:<\/strong> 9.99\u20ac IVA incl. \u00a1TARIFA PLANA!<\/li>\n<li>Transportista: Agencia de mensajer\u00eda 24h con aviso SMS \/ E-mail.<\/li>\n<li>Env\u00edo seguro, embalaje especial y c\u00f3digo de seguimiento.<\/li>\n<li>Tiempo de entrega de 3 &#8211; 5 d\u00edas laborables.<\/li>\n<li>Los gastos adicionales para pagos contrareembolso se calculan en la cesta (m\u00ednimo 3\u20ac).<\/li>\n<\/ul>\n<h3>&#8211; PORTUGAL PENINSULAR: Env\u00edo Paqueter\u00eda Express (GRATIS compras superiores a 105\u20ac)<\/h3>\n<ul>\n<li>Los pedidos realizados antes de las 12h se expiden a la agencia de transporte el mismo d\u00eda, con lo que en 24h se completan las entregas.<\/li>\n<li><strong>Coste para cliente:<\/strong> 9.99\u20ac IVA incl. \u00a1TARIFA PLANA!<\/li>\n<li>Transportista: Agencia de mensajer\u00eda 24h con aviso SMS \/ E-mail.<\/li>\n<li>Env\u00edo seguro, embalaje especial y c\u00f3digo de seguimiento.<\/li>\n<li>Tiempo de entrega de 3 &#8211; 5 d\u00edas laborables.<\/li>\n<li>Los gastos adicionales para pagos contrareembolso se calculan en la cesta (m\u00ednimo 3\u20ac).<\/li>\n<\/ul>\n<h3>&#8211; OPCIONES DE ENV\u00cdO PARA EUROPA (UE)<\/h3>\n<ul>\n<li><strong>Env\u00edo Paqueter\u00eda Express (GRATIS compras superiores a 295\u20ac)<\/strong><\/li>\n<li><strong>Coste para cliente:<\/strong> Autocalculado en la cesta.<\/li>\n<li>Transportista: Agregador de Agencias de Mensajer\u00eda Internacional \/ paqueter\u00eda con aviso SMS \/ E-mail.<\/li>\n<li>Env\u00edo seguro, embalaje especial y c\u00f3digo de seguimiento.<\/li>\n<li>Tiempo de entrega de 5-8 d\u00edas laborables.<\/li>\n<\/ul>\n<\/div><\/div><\/div><\/div><\/div>\n","protected":false},"excerpt":{"rendered":"","protected":false},"author":1,"featured_media":0,"parent":0,"menu_order":0,"comment_status":"closed","ping_status":"closed","template":"100-width.php","meta":{"_acf_changed":false,"inline_featured_image":false,"_joinchat":[],"footnotes":""},"class_list":["post-4735","page","type-page","status-publish","hentry"],"acf":[],"yoast_head":"<!-- This site is optimized with the Yoast SEO Premium plugin v25.1 (Yoast SEO v25.6) - https:\/\/yoast.com\/wordpress\/plugins\/seo\/ -->\n<title>M\u00e9todos de pago - Floresdelsur<\/title>\n<meta name=\"robots\" content=\"index, follow, max-snippet:-1, max-image-preview:large, max-video-preview:-1\" \/>\n<link rel=\"canonical\" href=\"https:\/\/floresdelsur.fr\/es\/metodos-de-pago\/\" \/>\n<meta property=\"og:locale\" content=\"es_ES\" \/>\n<meta property=\"og:type\" content=\"article\" \/>\n<meta property=\"og:title\" content=\"M\u00e9todos de pago\" \/>\n<meta property=\"og:url\" content=\"https:\/\/floresdelsur.fr\/es\/metodos-de-pago\/\" \/>\n<meta property=\"og:site_name\" content=\"Floresdelsur\" \/>\n<meta property=\"article:publisher\" content=\"https:\/\/www.facebook.com\/FLORESDELSUR.FR\" \/>\n<meta property=\"article:modified_time\" content=\"2025-08-26T08:12:00+00:00\" \/>\n<meta name=\"twitter:card\" content=\"summary_large_image\" \/>\n<meta name=\"twitter:label1\" content=\"Tiempo de lectura\" \/>\n\t<meta name=\"twitter:data1\" content=\"3 minutos\" \/>\n<script type=\"application\/ld+json\" class=\"yoast-schema-graph\">{\"@context\":\"https:\/\/schema.org\",\"@graph\":[{\"@type\":\"WebPage\",\"@id\":\"https:\/\/floresdelsur.fr\/es\/metodos-de-pago\/\",\"url\":\"https:\/\/floresdelsur.fr\/es\/metodos-de-pago\/\",\"name\":\"M\u00e9todos de pago - Floresdelsur\",\"isPartOf\":{\"@id\":\"https:\/\/floresdelsur.fr\/es\/#website\"},\"datePublished\":\"2025-08-12T09:44:52+00:00\",\"dateModified\":\"2025-08-26T08:12:00+00:00\",\"breadcrumb\":{\"@id\":\"https:\/\/floresdelsur.fr\/es\/metodos-de-pago\/#breadcrumb\"},\"inLanguage\":\"es\",\"potentialAction\":[{\"@type\":\"ReadAction\",\"target\":[\"https:\/\/floresdelsur.fr\/es\/metodos-de-pago\/\"]}]},{\"@type\":\"BreadcrumbList\",\"@id\":\"https:\/\/floresdelsur.fr\/es\/metodos-de-pago\/#breadcrumb\",\"itemListElement\":[{\"@type\":\"ListItem\",\"position\":1,\"name\":\"Portada\",\"item\":\"https:\/\/floresdelsur.fr\/es\/\"},{\"@type\":\"ListItem\",\"position\":2,\"name\":\"M\u00e9todos de pago\"}]},{\"@type\":\"WebSite\",\"@id\":\"https:\/\/floresdelsur.fr\/es\/#website\",\"url\":\"https:\/\/floresdelsur.fr\/es\/\",\"name\":\"Floresdelsur\",\"description\":\"Productos de limpieza e higiene naturales y sostenibles para profesionales\",\"publisher\":{\"@id\":\"https:\/\/floresdelsur.fr\/es\/#organization\"},\"potentialAction\":[{\"@type\":\"SearchAction\",\"target\":{\"@type\":\"EntryPoint\",\"urlTemplate\":\"https:\/\/floresdelsur.fr\/es\/?s={search_term_string}\"},\"query-input\":{\"@type\":\"PropertyValueSpecification\",\"valueRequired\":true,\"valueName\":\"search_term_string\"}}],\"inLanguage\":\"es\"},{\"@type\":\"Organization\",\"@id\":\"https:\/\/floresdelsur.fr\/es\/#organization\",\"name\":\"Floresdelsur\",\"url\":\"https:\/\/floresdelsur.fr\/es\/\",\"logo\":{\"@type\":\"ImageObject\",\"inLanguage\":\"es\",\"@id\":\"https:\/\/floresdelsur.fr\/es\/#\/schema\/logo\/image\/\",\"url\":\"https:\/\/floresdelsur.fr\/wp-content\/uploads\/2025\/08\/icono-reamte-final.jpg\",\"contentUrl\":\"https:\/\/floresdelsur.fr\/wp-content\/uploads\/2025\/08\/icono-reamte-final.jpg\",\"width\":700,\"height\":700,\"caption\":\"Floresdelsur\"},\"image\":{\"@id\":\"https:\/\/floresdelsur.fr\/es\/#\/schema\/logo\/image\/\"},\"sameAs\":[\"https:\/\/www.facebook.com\/FLORESDELSUR.FR\",\"https:\/\/www.instagram.com\/floresdelsur1\/\"]}]}<\/script>\n<!-- \/ Yoast SEO Premium plugin. -->","yoast_head_json":{"title":"M\u00e9todos de pago - Floresdelsur","robots":{"index":"index","follow":"follow","max-snippet":"max-snippet:-1","max-image-preview":"max-image-preview:large","max-video-preview":"max-video-preview:-1"},"canonical":"https:\/\/floresdelsur.fr\/es\/metodos-de-pago\/","og_locale":"es_ES","og_type":"article","og_title":"M\u00e9todos de pago","og_url":"https:\/\/floresdelsur.fr\/es\/metodos-de-pago\/","og_site_name":"Floresdelsur","article_publisher":"https:\/\/www.facebook.com\/FLORESDELSUR.FR","article_modified_time":"2025-08-26T08:12:00+00:00","twitter_card":"summary_large_image","twitter_misc":{"Tiempo de lectura":"3 minutos"},"schema":{"@context":"https:\/\/schema.org","@graph":[{"@type":"WebPage","@id":"https:\/\/floresdelsur.fr\/es\/metodos-de-pago\/","url":"https:\/\/floresdelsur.fr\/es\/metodos-de-pago\/","name":"M\u00e9todos de pago - Floresdelsur","isPartOf":{"@id":"https:\/\/floresdelsur.fr\/es\/#website"},"datePublished":"2025-08-12T09:44:52+00:00","dateModified":"2025-08-26T08:12:00+00:00","breadcrumb":{"@id":"https:\/\/floresdelsur.fr\/es\/metodos-de-pago\/#breadcrumb"},"inLanguage":"es","potentialAction":[{"@type":"ReadAction","target":["https:\/\/floresdelsur.fr\/es\/metodos-de-pago\/"]}]},{"@type":"BreadcrumbList","@id":"https:\/\/floresdelsur.fr\/es\/metodos-de-pago\/#breadcrumb","itemListElement":[{"@type":"ListItem","position":1,"name":"Portada","item":"https:\/\/floresdelsur.fr\/es\/"},{"@type":"ListItem","position":2,"name":"M\u00e9todos de pago"}]},{"@type":"WebSite","@id":"https:\/\/floresdelsur.fr\/es\/#website","url":"https:\/\/floresdelsur.fr\/es\/","name":"Floresdelsur","description":"Productos de limpieza e higiene naturales y sostenibles para profesionales","publisher":{"@id":"https:\/\/floresdelsur.fr\/es\/#organization"},"potentialAction":[{"@type":"SearchAction","target":{"@type":"EntryPoint","urlTemplate":"https:\/\/floresdelsur.fr\/es\/?s={search_term_string}"},"query-input":{"@type":"PropertyValueSpecification","valueRequired":true,"valueName":"search_term_string"}}],"inLanguage":"es"},{"@type":"Organization","@id":"https:\/\/floresdelsur.fr\/es\/#organization","name":"Floresdelsur","url":"https:\/\/floresdelsur.fr\/es\/","logo":{"@type":"ImageObject","inLanguage":"es","@id":"https:\/\/floresdelsur.fr\/es\/#\/schema\/logo\/image\/","url":"https:\/\/floresdelsur.fr\/wp-content\/uploads\/2025\/08\/icono-reamte-final.jpg","contentUrl":"https:\/\/floresdelsur.fr\/wp-content\/uploads\/2025\/08\/icono-reamte-final.jpg","width":700,"height":700,"caption":"Floresdelsur"},"image":{"@id":"https:\/\/floresdelsur.fr\/es\/#\/schema\/logo\/image\/"},"sameAs":["https:\/\/www.facebook.com\/FLORESDELSUR.FR","https:\/\/www.instagram.com\/floresdelsur1\/"]}]}},"_links":{"self":[{"href":"https:\/\/floresdelsur.fr\/es\/wp-json\/wp\/v2\/pages\/4735","targetHints":{"allow":["GET"]}}],"collection":[{"href":"https:\/\/floresdelsur.fr\/es\/wp-json\/wp\/v2\/pages"}],"about":[{"href":"https:\/\/floresdelsur.fr\/es\/wp-json\/wp\/v2\/types\/page"}],"author":[{"embeddable":true,"href":"https:\/\/floresdelsur.fr\/es\/wp-json\/wp\/v2\/users\/1"}],"replies":[{"embeddable":true,"href":"https:\/\/floresdelsur.fr\/es\/wp-json\/wp\/v2\/comments?post=4735"}],"version-history":[{"count":7,"href":"https:\/\/floresdelsur.fr\/es\/wp-json\/wp\/v2\/pages\/4735\/revisions"}],"predecessor-version":[{"id":5790,"href":"https:\/\/floresdelsur.fr\/es\/wp-json\/wp\/v2\/pages\/4735\/revisions\/5790"}],"wp:attachment":[{"href":"https:\/\/floresdelsur.fr\/es\/wp-json\/wp\/v2\/media?parent=4735"}],"curies":[{"name":"wp","href":"https:\/\/api.w.org\/{rel}","templated":true}]}}